{"id":12617,"date":"2025-06-12T14:41:32","date_gmt":"2025-06-12T12:41:32","guid":{"rendered":"https:\/\/mox-optics.com\/?page_id=12617"},"modified":"2025-06-12T14:45:19","modified_gmt":"2025-06-12T12:45:19","slug":"sonnenbrillen-glaeser-guide","status":"publish","type":"page","link":"https:\/\/mox-optics.com\/de\/support\/sonnenbrillen-glaeser-guide\/","title":{"rendered":"Sonnenbrillen-Gl\u00e4serguide"},"content":{"rendered":"<style>.kb-row-layout-id12283_d1f1a6-96 > .kt-row-column-wrap{align-content:center;}:where(.kb-row-layout-id12283_d1f1a6-96 > .kt-row-column-wrap) > .wp-block-kadence-column{justify-content:center;}.kb-row-layout-id12283_d1f1a6-96 > .kt-row-column-wrap{column-gap:var(--global-kb-gap-md, 2rem);padding-top:var(--global-kb-spacing-sm, 1.5rem);padding-bottom:var(--global-kb-spacing-sm, 1.5rem);min-height:443px;grid-template-columns:minmax(0, 1fr);}.kb-row-layout-id12283_d1f1a6-96{background-image:url('https:\/\/mox-optics.com\/wp-content\/uploads\/2025\/04\/pexels-julius-silver-240301-753325.jpg');background-size:cover;background-position:52% 43%;background-attachment:scroll;background-repeat:no-repeat;}.kb-row-layout-id12283_d1f1a6-96 > .kt-row-layout-overlay{opacity:0.30;}@media all and (max-width: 1024px){.kb-row-layout-id12283_d1f1a6-96 > .kt-row-column-wrap{grid-template-columns:minmax(0, 1fr);}}@media all and (max-width: 767px){.kb-row-layout-id12283_d1f1a6-96 > .kt-row-column-wrap{min-height:300px;grid-template-columns:minmax(0, 1fr);}}<\/style><div class=\"kb-row-layout-wrap kb-row-layout-id12283_d1f1a6-96 alignnone kt-row-has-bg wp-block-kadence-rowlayout\"><div class=\"kt-row-column-wrap kt-has-1-columns kt-row-layout-equal kt-tab-layout-inherit kt-mobile-layout-row kt-row-valign-middle\">\n<style>.kadence-column12283_173f4b-e3 > .kt-inside-inner-col{display:flex;}.kadence-column12283_173f4b-e3 > .kt-inside-inner-col,.kadence-column12283_173f4b-e3 > .kt-inside-inner-col:before{border-top-left-radius:0px;border-top-right-radius:0px;border-bottom-right-radius:0px;border-bottom-left-radius:0px;}.kadence-column12283_173f4b-e3 > .kt-inside-inner-col{column-gap:var(--global-kb-gap-sm, 1rem);}.kadence-column12283_173f4b-e3 > .kt-inside-inner-col{flex-direction:column;justify-content:center;}.kadence-column12283_173f4b-e3 > .kt-inside-inner-col > .aligncenter{width:100%;}.kt-row-column-wrap > .kadence-column12283_173f4b-e3{align-self:center;}.kt-inner-column-height-full:not(.kt-has-1-columns) > .wp-block-kadence-column.kadence-column12283_173f4b-e3{align-self:auto;}.kt-inner-column-height-full:not(.kt-has-1-columns) > .wp-block-kadence-column.kadence-column12283_173f4b-e3 > .kt-inside-inner-col{flex-direction:column;justify-content:center;}.kadence-column12283_173f4b-e3 > .kt-inside-inner-col:before{opacity:0.3;}.kadence-column12283_173f4b-e3{position:relative;}@media all and (max-width: 1024px){.kt-row-column-wrap > .kadence-column12283_173f4b-e3{align-self:center;}}@media all and (max-width: 1024px){.kt-inner-column-height-full:not(.kt-has-1-columns) > .wp-block-kadence-column.kadence-column12283_173f4b-e3{align-self:auto;}}@media all and (max-width: 1024px){.kt-inner-column-height-full:not(.kt-has-1-columns) > .wp-block-kadence-column.kadence-column12283_173f4b-e3 > .kt-inside-inner-col{flex-direction:column;justify-content:center;}}@media all and (max-width: 1024px){.kadence-column12283_173f4b-e3 > .kt-inside-inner-col{flex-direction:column;justify-content:center;}}@media all and (max-width: 767px){.kt-row-column-wrap > .kadence-column12283_173f4b-e3{align-self:center;}.kt-inner-column-height-full:not(.kt-has-1-columns) > .wp-block-kadence-column.kadence-column12283_173f4b-e3{align-self:auto;}.kt-inner-column-height-full:not(.kt-has-1-columns) > .wp-block-kadence-column.kadence-column12283_173f4b-e3 > .kt-inside-inner-col{flex-direction:column;justify-content:center;}.kadence-column12283_173f4b-e3 > .kt-inside-inner-col{flex-direction:column;justify-content:center;}}<\/style>\n<div class=\"wp-block-kadence-column kadence-column12283_173f4b-e3\"><div class=\"kt-inside-inner-col\">\n<h1 class=\"wp-block-heading has-text-align-center has-theme-palette-9-color has-text-color has-link-color wp-elements-40b76d2741e2e09789b5234785311319\">Sonnenbrillen-Gl\u00e4serguide<\/h1>\n<\/div><\/div>\n\n<\/div><\/div><style>.kb-row-layout-id12283_ee782f-4e > .kt-row-column-wrap{align-content:start;}:where(.kb-row-layout-id12283_ee782f-4e > .kt-row-column-wrap) > .wp-block-kadence-column{justify-content:start;}.kb-row-layout-id12283_ee782f-4e > .kt-row-column-wrap{column-gap:var(--global-kb-gap-md, 2rem);row-gap:var(--global-kb-gap-md, 2rem);max-width:var( --global-content-width, 1290px );padding-left:var(--global-content-edge-padding);padding-right:var(--global-content-edge-padding);padding-top:var(--global-kb-spacing-sm, 1.5rem);padding-bottom:var(--global-kb-spacing-xl, 4rem);grid-template-columns:minmax(0, 1fr);}.kb-row-layout-id12283_ee782f-4e > .kt-row-layout-overlay{opacity:0.30;}@media all and (max-width: 1024px){.kb-row-layout-id12283_ee782f-4e > .kt-row-column-wrap{grid-template-columns:minmax(0, 1fr);}}@media all and (max-width: 767px){.kb-row-layout-id12283_ee782f-4e > .kt-row-column-wrap{grid-template-columns:minmax(0, 1fr);}}<\/style><div class=\"kb-row-layout-wrap kb-row-layout-id12283_ee782f-4e alignnone wp-block-kadence-rowlayout\"><div class=\"kt-row-column-wrap kt-has-1-columns kt-row-layout-equal kt-tab-layout-inherit kt-mobile-layout-row kt-row-valign-top kb-theme-content-width\">\n<style>.kadence-column12283_0f1293-8f > .kt-inside-inner-col,.kadence-column12283_0f1293-8f > .kt-inside-inner-col:before{border-top-left-radius:0px;border-top-right-radius:0px;border-bottom-right-radius:0px;border-bottom-left-radius:0px;}.kadence-column12283_0f1293-8f > .kt-inside-inner-col{column-gap:var(--global-kb-gap-sm, 1rem);}.kadence-column12283_0f1293-8f > .kt-inside-inner-col{flex-direction:column;}.kadence-column12283_0f1293-8f > .kt-inside-inner-col > .aligncenter{width:100%;}.kadence-column12283_0f1293-8f > .kt-inside-inner-col:before{opacity:0.3;}.kadence-column12283_0f1293-8f{position:relative;}@media all and (max-width: 1024px){.kadence-column12283_0f1293-8f > .kt-inside-inner-col{flex-direction:column;justify-content:center;}}@media all and (max-width: 767px){.kadence-column12283_0f1293-8f > .kt-inside-inner-col{flex-direction:column;justify-content:center;}}<\/style>\n<div class=\"wp-block-kadence-column kadence-column12283_0f1293-8f\"><div class=\"kt-inside-inner-col\">\n<h2 class=\"wp-block-heading\">Das richtige Glas f\u00fcr dein Outdoor-Abenteuer w\u00e4hlen<\/h2>\n\n\n\n<p><a href=\"https:\/\/mox-optics.com\/de\/produkt-kategorie\/sonnenbrillen\/\" data-type=\"product_cat\" data-id=\"275\">MOX-Sonnenbrillen<\/a> sind f\u00fcr eine Vielzahl an Outdoor-Sportarten gemacht \u2013 vom Rennradfahren, Mountainbiken und Trailrunning bis hin zu Skitouren, Bergsteigen und sogar Kajakfahren. Um dir die Wahl des passenden Glases f\u00fcr deine Aktivit\u00e4ten und Wetterbedingungen zu erleichtern, haben wir zwei \u00fcbersichtliche Diagramme erstellt: eines f\u00fcr sommerliche Bedingungen und eines f\u00fcr den Winter bzw. Schnee. <\/p>\n\n\n\n<p>In den untenstehenden Diagrammen steht VLT f\u00fcr Visible Light Transmission \u2013 also den Prozentsatz des sichtbaren Lichts, der durch das Glas hindurchgelassen wird. Je niedriger dieser Wert ist, desto dunkler ist das Glas und desto besser eignet es sich f\u00fcr helle Bedingungen. Die VLT ist jedoch nicht der einzige Faktor, der die Leistung eines Glases bestimmt. Deshalb haben wir zus\u00e4tzlich die Performance jedes Glases unter verschiedenen Wetterbedingungen bewertet. Je h\u00f6her der Balken unter einer bestimmten Kategorie, desto besser ist das Glas f\u00fcr diese Bedingungen geeignet.    <\/p>\n\n\n\n<p>Hinweis: Das Simply Clear-Glas wird bei jedem Kauf einer <a href=\"https:\/\/mox-optics.com\/de\/produkt-kategorie\/sonnenbrillen\/\" data-type=\"product_cat\" data-id=\"275\">MOX-Sonnenbrille <\/a>kostenlos zus\u00e4tzlich mitgeliefert.<\/p>\n\n\n<style>.kb-row-layout-id12283_19953c-cf > .kt-row-column-wrap{align-content:start;}:where(.kb-row-layout-id12283_19953c-cf > .kt-row-column-wrap) > .wp-block-kadence-column{justify-content:start;}.kb-row-layout-id12283_19953c-cf > .kt-row-column-wrap{column-gap:var(--global-kb-gap-md, 2rem);row-gap:var(--global-kb-gap-md, 2rem);padding-top:var(--global-kb-spacing-sm, 1.5rem);padding-bottom:var(--global-kb-spacing-sm, 1.5rem);grid-template-columns:repeat(2, minmax(0, 1fr));}.kb-row-layout-id12283_19953c-cf > .kt-row-layout-overlay{opacity:0.30;}@media all and (max-width: 1024px){.kb-row-layout-id12283_19953c-cf > .kt-row-column-wrap{grid-template-columns:repeat(2, minmax(0, 1fr));}}@media all and (max-width: 767px){.kb-row-layout-id12283_19953c-cf > .kt-row-column-wrap{grid-template-columns:minmax(0, 1fr);}}<\/style><div class=\"kb-row-layout-wrap kb-row-layout-id12283_19953c-cf alignnone wp-block-kadence-rowlayout\"><div class=\"kt-row-column-wrap kt-has-2-columns kt-row-layout-equal kt-tab-layout-inherit kt-mobile-layout-row kt-row-valign-top\">\n<style>.kadence-column12283_423132-3e > .kt-inside-inner-col,.kadence-column12283_423132-3e > .kt-inside-inner-col:before{border-top-left-radius:0px;border-top-right-radius:0px;border-bottom-right-radius:0px;border-bottom-left-radius:0px;}.kadence-column12283_423132-3e > .kt-inside-inner-col{column-gap:var(--global-kb-gap-sm, 1rem);}.kadence-column12283_423132-3e > .kt-inside-inner-col{flex-direction:column;}.kadence-column12283_423132-3e > .kt-inside-inner-col > .aligncenter{width:100%;}.kadence-column12283_423132-3e > .kt-inside-inner-col:before{opacity:0.3;}.kadence-column12283_423132-3e{position:relative;}@media all and (max-width: 1024px){.kadence-column12283_423132-3e > .kt-inside-inner-col{flex-direction:column;justify-content:center;}}@media all and (max-width: 767px){.kadence-column12283_423132-3e > .kt-inside-inner-col{flex-direction:column;justify-content:center;}}<\/style>\n<div class=\"wp-block-kadence-column kadence-column12283_423132-3e\"><div class=\"kt-inside-inner-col\">\n<h3 class=\"wp-block-heading has-text-align-center\">Sommer<\/h3>\n\n\n\n<figure class=\"wp-block-image size-full\"><img decoding=\"async\" data-src=\"https:\/\/mox-optics.com\/wp-content\/uploads\/2025\/05\/lens_info_graphic_summer_de.webp\" alt=\"\" class=\"wp-image-12369 lazyload\" src=\"data:image\/svg+xml;base64,PHN2ZyB3aWR0aD0iMSIgaGVpZ2h0PSIxIiB4bWxucz0iaHR0cDovL3d3dy53My5vcmcvMjAwMC9zdmciPjwvc3ZnPg==\" style=\"--smush-placeholder-width: 700px; --smush-placeholder-aspect-ratio: 700\/824;\" \/><\/figure>\n<\/div><\/div>\n\n\n<style>.kadence-column12283_996464-f0 > .kt-inside-inner-col,.kadence-column12283_996464-f0 > .kt-inside-inner-col:before{border-top-left-radius:0px;border-top-right-radius:0px;border-bottom-right-radius:0px;border-bottom-left-radius:0px;}.kadence-column12283_996464-f0 > .kt-inside-inner-col{column-gap:var(--global-kb-gap-sm, 1rem);}.kadence-column12283_996464-f0 > .kt-inside-inner-col{flex-direction:column;}.kadence-column12283_996464-f0 > .kt-inside-inner-col > .aligncenter{width:100%;}.kadence-column12283_996464-f0 > .kt-inside-inner-col:before{opacity:0.3;}.kadence-column12283_996464-f0{position:relative;}@media all and (max-width: 1024px){.kadence-column12283_996464-f0 > .kt-inside-inner-col{flex-direction:column;justify-content:center;}}@media all and (max-width: 767px){.kadence-column12283_996464-f0 > .kt-inside-inner-col{flex-direction:column;justify-content:center;}}<\/style>\n<div class=\"wp-block-kadence-column kadence-column12283_996464-f0\"><div class=\"kt-inside-inner-col\">\n<h3 class=\"wp-block-heading has-text-align-center\">Winter (Schnee)<\/h3>\n\n\n\n<figure class=\"wp-block-image size-full\"><img decoding=\"async\" data-src=\"https:\/\/mox-optics.com\/wp-content\/uploads\/2025\/05\/lens_info_graphic_winter_de.webp\" alt=\"\" class=\"wp-image-12372 lazyload\" src=\"data:image\/svg+xml;base64,PHN2ZyB3aWR0aD0iMSIgaGVpZ2h0PSIxIiB4bWxucz0iaHR0cDovL3d3dy53My5vcmcvMjAwMC9zdmciPjwvc3ZnPg==\" style=\"--smush-placeholder-width: 700px; --smush-placeholder-aspect-ratio: 700\/825;\" \/><\/figure>\n<\/div><\/div>\n\n<\/div><\/div>\n\n\n<p>Zur Klarstellung: Mit <em>extrem starkes Sonnenlicht<\/em> meinen wir Umgebungen wie Gletscher, offene Wasserfl\u00e4chen oder W\u00fcsten in der N\u00e4he des \u00c4quators \u2013 also Orte, an denen das Sonnenlicht besonders intensiv ist und stark reflektiert wird.<\/p>\n\n\n\n<p>\u26a0\ufe0f Wichtig: Das Onyx Black-Glas ist nicht f\u00fcr die Teilnahme am Stra\u00dfenverkehr geeignet.<\/p>\n\n\n\n<h2 class=\"wp-block-heading\">Brauche ich mehrere Gl\u00e4ser?<\/h2>\n\n\n\n<p>Jedes MOX-Glas bietet 100\u202f% Schutz vor UV-A- und UV-B-Strahlung \u2013 deine Augen sind also bei allen Abenteuern zuverl\u00e4ssig gesch\u00fctzt. Dennoch gilt, wie bei jeder hochwertigen Sportbrille: Es gibt kein einziges Glas, das bei allen Wetterbedingungen die beste Performance liefert. Du kannst problemlos mit einem einzigen Glas unterwegs sein, aber wenn du bei allen Lichtverh\u00e4ltnissen das optimale Sichtgef\u00fchl m\u00f6chtest, lohnt sich ein zus\u00e4tzliches Glas.  <\/p>\n\n\n\n<p>Beim Kauf einer <a href=\"https:\/\/mox-optics.com\/de\/produkt-kategorie\/sonnenbrillen\/\" data-type=\"product_cat\" data-id=\"275\">MOX-Sonnenbrille<\/a> bekommst du immer ein zus\u00e4tzliches Simply Clear-Glas f\u00fcr schwache Lichtverh\u00e4ltnisse dazu. Diejenigen, die zu jeder Zeit eine perfekte Sicht haben wollen, sollten sich ein Wechselglas dazu zu kaufen, um je nach Wetterumschwung wechseln zu k\u00f6nnen. <a href=\"https:\/\/mox-optics.com\/de\/produkt-kategorie\/ersatzglaeser\/sonnenbrillenglaser\/\">Hier<\/a> klickst du, um zus\u00e4tzliche Gl\u00e4ser zu kaufen.<\/p>\n\n\n\n<h2 class=\"wp-block-heading\">Glas-Features<\/h2>\n\n\n\n<p>Ganz gleich, f\u00fcr welches Modell du dich entscheidest \u2013 jedes MOX-Glas bietet dir leistungsstarke Features f\u00fcr dein n\u00e4chstes Abenteuer:<\/p>\n\n\n\n<ul class=\"wp-block-list\">\n<li><strong>Retinex-Technologie<\/strong>: Verbessert Kontraste und das Tiefenempfinden \u2013 perfekt, um Gel\u00e4nde\u00e4nderungen und Hindernisse fr\u00fchzeitig zu erkennen.<\/li>\n\n\n\n<li><strong>UV400-Schutz<\/strong>: Blockiert 100\u202f% der UV-A- und UV-B-Strahlung bis 400\u202fnm \u2013 auch in gro\u00dfen H\u00f6hen.<\/li>\n\n\n\n<li><strong>Formgespritzte Gl\u00e4ser<\/strong>: Unsere hochwertige Fertigung sorgt f\u00fcr verzerrungsfreies Sehen.<\/li>\n\n\n\n<li><strong>Polycarbonat-Material<\/strong>: Stark, flexibel und sicher \u2013 ideal f\u00fcr sportliche Eins\u00e4tze.<\/li>\n<\/ul>\n<\/div><\/div>\n\n<\/div><\/div>","protected":false},"excerpt":{"rendered":"<p>Sonnenbrillen-Gl\u00e4serguide Das richtige Glas f\u00fcr dein Outdoor-Abenteuer w\u00e4hlen MOX-Sonnenbrillen sind f\u00fcr eine Vielzahl an Outdoor-Sportarten gemacht \u2013 vom Rennradfahren, Mountainbiken und Trailrunning bis hin zu Skitouren, Bergsteigen und sogar Kajakfahren. Um dir die Wahl des passenden Glases f\u00fcr deine Aktivit\u00e4ten und Wetterbedingungen zu erleichtern, haben wir zwei \u00fcbersichtliche Diagramme erstellt: eines f\u00fcr sommerliche Bedingungen und&#8230;<\/p>\n","protected":false},"author":4,"featured_media":12235,"parent":2197,"menu_order":0,"comment_status":"closed","ping_status":"closed","template":"","meta":{"_kadence_starter_templates_imported_post":false,"_kad_post_transparent":"","_kad_post_title":"hide","_kad_post_layout":"fullwidth","_kad_post_sidebar_id":"","_kad_post_content_style":"unboxed","_kad_post_vertical_padding":"","_kad_post_feature":"","_kad_post_feature_position":"","_kad_post_header":false,"_kad_post_footer":false,"_kad_post_classname":"","footnotes":""},"categories":[],"tags":[],"class_list":["post-12617","page","type-page","status-publish","has-post-thumbnail","hentry"],"_links":{"self":[{"href":"https:\/\/mox-optics.com\/de\/wp-json\/wp\/v2\/pages\/12617","targetHints":{"allow":["GET"]}}],"collection":[{"href":"https:\/\/mox-optics.com\/de\/wp-json\/wp\/v2\/pages"}],"about":[{"href":"https:\/\/mox-optics.com\/de\/wp-json\/wp\/v2\/types\/page"}],"author":[{"embeddable":true,"href":"https:\/\/mox-optics.com\/de\/wp-json\/wp\/v2\/users\/4"}],"replies":[{"embeddable":true,"href":"https:\/\/mox-optics.com\/de\/wp-json\/wp\/v2\/comments?post=12617"}],"version-history":[{"count":10,"href":"https:\/\/mox-optics.com\/de\/wp-json\/wp\/v2\/pages\/12617\/revisions"}],"predecessor-version":[{"id":12972,"href":"https:\/\/mox-optics.com\/de\/wp-json\/wp\/v2\/pages\/12617\/revisions\/12972"}],"up":[{"embeddable":true,"href":"https:\/\/mox-optics.com\/de\/wp-json\/wp\/v2\/pages\/2197"}],"wp:featuredmedia":[{"embeddable":true,"href":"https:\/\/mox-optics.com\/de\/wp-json\/wp\/v2\/media\/12235"}],"wp:attachment":[{"href":"https:\/\/mox-optics.com\/de\/wp-json\/wp\/v2\/media?parent=12617"}],"wp:term":[{"taxonomy":"category","embeddable":true,"href":"https:\/\/mox-optics.com\/de\/wp-json\/wp\/v2\/categories?post=12617"},{"taxonomy":"post_tag","embeddable":true,"href":"https:\/\/mox-optics.com\/de\/wp-json\/wp\/v2\/tags?post=12617"}],"curies":[{"name":"wp","href":"https:\/\/api.w.org\/{rel}","templated":true}]}}