{"id":13250,"date":"2025-08-04T17:05:34","date_gmt":"2025-08-04T15:05:34","guid":{"rendered":"https:\/\/mox-optics.com\/?page_id=13250"},"modified":"2025-10-01T12:04:35","modified_gmt":"2025-10-01T10:04:35","slug":"anmelden-newsletter","status":"publish","type":"page","link":"https:\/\/mox-optics.com\/de\/anmelden-newsletter\/","title":{"rendered":"Anmelden Newsletter"},"content":{"rendered":"\n<div class=\"wp-block-columns is-layout-flex wp-container-core-columns-is-layout-9d6595d7 wp-block-columns-is-layout-flex\">\n<div class=\"wp-block-column is-layout-flow wp-block-column-is-layout-flow\" style=\"flex-basis:25%\"><\/div>\n\n\n\n<div class=\"wp-block-column is-layout-flow wp-block-column-is-layout-flow\" style=\"flex-basis:50%\">  \n  \n  <div class=\"\n    mailpoet_form_popup_overlay\n      \"><\/div>\n  <div\n    id=\"mailpoet_form_9\"\n    class=\"\n      mailpoet_form\n      mailpoet_form_shortcode\n      mailpoet_form_position_\n      mailpoet_form_animation_\n    \"\n      >\n\n    <style type=\"text\/css\">\n     #mailpoet_form_9 .mailpoet_form {  }\n#mailpoet_form_9 form { margin-bottom: 0; }\n#mailpoet_form_9 p.mailpoet_form_paragraph.last { margin-bottom: 10px; }\n#mailpoet_form_9 .mailpoet_column_with_background { padding: 10px; }\n#mailpoet_form_9 .mailpoet_form_column:not(:first-child) { margin-left: 20px; }\n#mailpoet_form_9 .mailpoet_paragraph { line-height: 20px; margin-bottom: 20px; }\n#mailpoet_form_9 .mailpoet_segment_label, #mailpoet_form_9 .mailpoet_text_label, #mailpoet_form_9 .mailpoet_textarea_label, #mailpoet_form_9 .mailpoet_select_label, #mailpoet_form_9 .mailpoet_radio_label, #mailpoet_form_9 .mailpoet_checkbox_label, #mailpoet_form_9 .mailpoet_list_label, #mailpoet_form_9 .mailpoet_date_label { display: block; font-weight: normal; }\n#mailpoet_form_9 .mailpoet_text, #mailpoet_form_9 .mailpoet_textarea, #mailpoet_form_9 .mailpoet_select, #mailpoet_form_9 .mailpoet_date_month, #mailpoet_form_9 .mailpoet_date_day, #mailpoet_form_9 .mailpoet_date_year, #mailpoet_form_9 .mailpoet_date { display: block; }\n#mailpoet_form_9 .mailpoet_text, #mailpoet_form_9 .mailpoet_textarea { width: 200px; }\n#mailpoet_form_9 .mailpoet_checkbox {  }\n#mailpoet_form_9 .mailpoet_submit {  }\n#mailpoet_form_9 .mailpoet_divider {  }\n#mailpoet_form_9 .mailpoet_message {  }\n#mailpoet_form_9 .mailpoet_form_loading { width: 30px; text-align: center; line-height: normal; }\n#mailpoet_form_9 .mailpoet_form_loading > span { width: 5px; height: 5px; background-color: #5b5b5b; }\n#mailpoet_form_9 h2.mailpoet-heading { margin: 0 0 20px 0; }\n#mailpoet_form_9 h1.mailpoet-heading { margin: 0 0 10px; }#mailpoet_form_9{border-radius: 15px;text-align: left;}#mailpoet_form_9 form.mailpoet_form {padding: 30px;}#mailpoet_form_9{width: 100%;}#mailpoet_form_9 .mailpoet_message {margin: 0; padding: 0 20px;}\n        #mailpoet_form_9 .mailpoet_validate_success {color: #00d084}\n        #mailpoet_form_9 input.parsley-success {color: #00d084}\n        #mailpoet_form_9 select.parsley-success {color: #00d084}\n        #mailpoet_form_9 textarea.parsley-success {color: #00d084}\n      \n        #mailpoet_form_9 .mailpoet_validate_error {color: #cf2e2e}\n        #mailpoet_form_9 input.parsley-error {color: #cf2e2e}\n        #mailpoet_form_9 select.parsley-error {color: #cf2e2e}\n        #mailpoet_form_9 textarea.textarea.parsley-error {color: #cf2e2e}\n        #mailpoet_form_9 .parsley-errors-list {color: #cf2e2e}\n        #mailpoet_form_9 .parsley-required {color: #cf2e2e}\n        #mailpoet_form_9 .parsley-custom-error-message {color: #cf2e2e}\n      #mailpoet_form_9 .mailpoet_paragraph.last {margin-bottom: 0} @media (max-width: 500px) {#mailpoet_form_9 {background-image: none;}} @media (min-width: 500px) {#mailpoet_form_9 .last .mailpoet_paragraph:last-child {margin-bottom: 0}}  @media (max-width: 500px) {#mailpoet_form_9 .mailpoet_form_column:last-child .mailpoet_paragraph:last-child {margin-bottom: 0}} \n    <\/style>\n\n    <form\n      target=\"_self\"\n      method=\"post\"\n      action=\"https:\/\/mox-optics.com\/wp-admin\/admin-post.php?action=mailpoet_subscription_form\"\n      class=\"mailpoet_form mailpoet_form_form mailpoet_form_shortcode\"\n      novalidate\n      data-delay=\"\"\n      data-exit-intent-enabled=\"\"\n      data-font-family=\"\"\n      data-cookie-expiration-time=\"\"\n    >\n      <input type=\"hidden\" name=\"data[form_id]\" value=\"9\" \/>\n      <input type=\"hidden\" name=\"token\" value=\"b353c9c02e\" \/>\n      <input type=\"hidden\" name=\"api_version\" value=\"v1\" \/>\n      <input type=\"hidden\" name=\"endpoint\" value=\"subscribers\" \/>\n      <input type=\"hidden\" name=\"mailpoet_method\" value=\"subscribe\" \/>\n\n      <label class=\"mailpoet_hp_email_label\" style=\"display: none !important;\">Bitte dieses Feld leer lassen<input type=\"email\" name=\"data[email]\"\/><\/label><h1 class=\"mailpoet-heading  mailpoet-has-font-size\" style=\"text-align: center; color: #000000; font-size: 80px; line-height: 1\"><strong>5\u20ac<\/strong><\/h1>\n<h2 class=\"mailpoet-heading mailpoet-heading mailpoet-has-font-size\" style=\"text-align: center; color: #000000; font-size: 25px; line-height: 1.5\"> <span style=\"font-family: Montserrat\" data-font=\"Montserrat\" class=\"mailpoet-has-font\"><strong>Rabatt, <\/strong><\/span><br><span style=\"font-family: Montserrat\" data-font=\"Montserrat\" class=\"mailpoet-has-font\"><strong>speziell f\u00fcr dich<\/strong><\/span> <img decoding=\"async\" class=\"wp-smiley lazyload\" style=\"height: 1em;max-height: 1em\" data-src=\"https:\/\/s.w.org\/images\/core\/emoji\/15.0.3\/72x72\/1f381.png\" alt=\"\ud83c\udf81\" src=\"data:image\/svg+xml;base64,PHN2ZyB3aWR0aD0iMSIgaGVpZ2h0PSIxIiB4bWxucz0iaHR0cDovL3d3dy53My5vcmcvMjAwMC9zdmciPjwvc3ZnPg==\"><\/h2>\n<p class=\"mailpoet_form_paragraph  mailpoet-has-font-size\" style=\"text-align: center; color: #000000; font-size: 15px; line-height: 1.5\"><strong>Melde dich f\u00fcr unseren Newsletter an, um deinen exklusiven Rabatt zu erhalten und \u00fcber unsere neuesten Produkte und Angebote auf dem Laufenden zu bleiben!<\/strong><\/p>\n<div class=\"mailpoet_paragraph \"><input type=\"text\" autocomplete=\"given-name\" class=\"mailpoet_text\" id=\"form_first_name_9\" name=\"data[form_field_NGUyNGQ5OTZjNGQ0X2ZpcnN0X25hbWU=]\" title=\"Vorname\" value=\"\" style=\"width:100%;box-sizing:border-box;padding:15px;margin: 0 auto 0 0;font-family:&#039;Montserrat&#039;;font-size:16px;line-height:1.5;height:auto;\" data-automation-id=\"form_first_name\"  placeholder=\"Vorname\" aria-label=\"Vorname\" data-parsley-errors-container=\".mailpoet_error_1ff2g\" data-parsley-names='[&quot;Bitte gib einen g\u00fcltigen Namen an.&quot;,&quot;Adressen in Namen sind nicht erlaubt, bitte f\u00fcge stattdessen deinen Namen hinzu.&quot;]'\/><span class=\"mailpoet_error_1ff2g\"><\/span><\/div>\n<div class=\"mailpoet_paragraph \"><input type=\"email\" autocomplete=\"email\" class=\"mailpoet_text\" id=\"form_email_9\" name=\"data[form_field_MjM4ZGUzZjNjNzJhX2VtYWls]\" title=\"E-Mail-Adresse\" value=\"\" style=\"width:100%;box-sizing:border-box;padding:15px;margin: 0 auto 0 0;font-family:&#039;Montserrat&#039;;font-size:16px;line-height:1.5;height:auto;\" data-automation-id=\"form_email\"  placeholder=\"E-Mail-Adresse *\" aria-label=\"E-Mail-Adresse *\" data-parsley-errors-container=\".mailpoet_error_km42h\" data-parsley-required=\"true\" required aria-required=\"true\" data-parsley-minlength=\"6\" data-parsley-maxlength=\"150\" data-parsley-type-message=\"Dieser Wert sollte eine g\u00fcltige E-Mail-Adresse sein.\" data-parsley-required-message=\"Dieses Feld ist erforderlich.\"\/><span class=\"mailpoet_error_km42h\"><\/span><\/div>\n<div class=\"mailpoet_paragraph \"><input type=\"submit\" class=\"mailpoet_submit\" value=\"Anmelden\" data-automation-id=\"subscribe-submit-button\" style=\"width:100%;box-sizing:border-box;padding:15px;margin: 0 auto 0 0;font-family:&#039;Montserrat&#039;;font-size:16px;line-height:1.5;height:auto;border-color:transparent;\" \/><span class=\"mailpoet_form_loading\"><span class=\"mailpoet_bounce1\"><\/span><span class=\"mailpoet_bounce2\"><\/span><span class=\"mailpoet_bounce3\"><\/span><\/span><\/div>\n<p class=\"mailpoet_form_paragraph  mailpoet-has-font-size\" style=\"text-align: center; font-size: 13px; line-height: 1.5\"><em>Wir spammen nicht! Weitere Informationen findest du in unserer <a href=\"https:\/\/mox-optics.com\/privacy-policy\/\">Datenschutzerkl\u00e4rung<\/a>.<\/em><\/p>\n\n      <div class=\"mailpoet_message\">\n        <p class=\"mailpoet_validate_success\"\n                style=\"display:none;\"\n                >\u00dcberpr\u00fcfen Sie Ihren Posteingang oder Spam-Ordner, um Ihre Registrierung zu best\u00e4tigen.\n        <\/p>\n        <p class=\"mailpoet_validate_error\"\n                style=\"display:none;\"\n                >        <\/p>\n      <\/div>\n    <\/form>\n\n      <\/div>\n\n  \n<\/div>\n\n\n\n<div class=\"wp-block-column is-layout-flow wp-block-column-is-layout-flow\" style=\"flex-basis:25%\"><\/div>\n<\/div>\n","protected":false},"excerpt":{"rendered":"","protected":false},"author":3,"featured_media":0,"parent":0,"menu_order":0,"comment_status":"closed","ping_status":"closed","template":"","meta":{"_kadence_starter_templates_imported_post":false,"_kad_post_transparent":"","_kad_post_title":"","_kad_post_layout":"","_kad_post_sidebar_id":"","_kad_post_content_style":"","_kad_post_vertical_padding":"","_kad_post_feature":"","_kad_post_feature_position":"","_kad_post_header":false,"_kad_post_footer":false,"_kad_post_classname":"","footnotes":""},"categories":[],"tags":[],"class_list":["post-13250","page","type-page","status-publish","hentry"],"_links":{"self":[{"href":"https:\/\/mox-optics.com\/de\/wp-json\/wp\/v2\/pages\/13250","targetHints":{"allow":["GET"]}}],"collection":[{"href":"https:\/\/mox-optics.com\/de\/wp-json\/wp\/v2\/pages"}],"about":[{"href":"https:\/\/mox-optics.com\/de\/wp-json\/wp\/v2\/types\/page"}],"author":[{"embeddable":true,"href":"https:\/\/mox-optics.com\/de\/wp-json\/wp\/v2\/users\/3"}],"replies":[{"embeddable":true,"href":"https:\/\/mox-optics.com\/de\/wp-json\/wp\/v2\/comments?post=13250"}],"version-history":[{"count":2,"href":"https:\/\/mox-optics.com\/de\/wp-json\/wp\/v2\/pages\/13250\/revisions"}],"predecessor-version":[{"id":13696,"href":"https:\/\/mox-optics.com\/de\/wp-json\/wp\/v2\/pages\/13250\/revisions\/13696"}],"wp:attachment":[{"href":"https:\/\/mox-optics.com\/de\/wp-json\/wp\/v2\/media?parent=13250"}],"wp:term":[{"taxonomy":"category","embeddable":true,"href":"https:\/\/mox-optics.com\/de\/wp-json\/wp\/v2\/categories?post=13250"},{"taxonomy":"post_tag","embeddable":true,"href":"https:\/\/mox-optics.com\/de\/wp-json\/wp\/v2\/tags?post=13250"}],"curies":[{"name":"wp","href":"https:\/\/api.w.org\/{rel}","templated":true}]}}