{"id":14142,"date":"2025-10-12T13:49:13","date_gmt":"2025-10-12T11:49:13","guid":{"rendered":"https:\/\/mox-optics.com\/nachhaltigkeit\/"},"modified":"2025-11-10T09:27:28","modified_gmt":"2025-11-10T08:27:28","slug":"nachhaltigkeit","status":"publish","type":"page","link":"https:\/\/mox-optics.com\/de\/nachhaltigkeit\/","title":{"rendered":"Nachhaltigkeit"},"content":{"rendered":"<style>.kb-row-layout-id13966_760539-5f > .kt-row-column-wrap{align-content:start;}:where(.kb-row-layout-id13966_760539-5f > .kt-row-column-wrap) > .wp-block-kadence-column{justify-content:start;}.kb-row-layout-id13966_760539-5f > .kt-row-column-wrap{column-gap:var(--global-kb-gap-md, 2rem);row-gap:var(--global-kb-gap-md, 2rem);max-width:700px;margin-left:auto;margin-right:auto;padding-top:var(--global-kb-spacing-sm, 1.5rem);padding-bottom:var(--global-kb-spacing-3xl, 6.5rem);grid-template-columns:minmax(0, 1fr);}.kb-row-layout-id13966_760539-5f{background-image:url('https:\/\/mox-optics.com\/wp-content\/uploads\/2024\/08\/forrest_bev_compr.webp');background-size:cover;background-position:center center;background-attachment:scroll;background-repeat:no-repeat;}.kb-row-layout-id13966_760539-5f > .kt-row-layout-overlay{opacity:1;background:linear-gradient(0deg,var(--global-palette9) 0%,rgba(255,255,255,0.7) 100%);}@media all and (max-width: 1024px){.kb-row-layout-id13966_760539-5f > .kt-row-column-wrap{grid-template-columns:minmax(0, 1fr);}}@media all and (max-width: 767px){.kb-row-layout-id13966_760539-5f > .kt-row-column-wrap{grid-template-columns:minmax(0, 1fr);}}<\/style><div class=\"kb-row-layout-wrap kb-row-layout-id13966_760539-5f alignnone kt-row-has-bg wp-block-kadence-rowlayout\"><div class=\"kt-row-layout-overlay kt-row-overlay-gradient\"><\/div><div class=\"kt-row-column-wrap kt-has-1-columns kt-row-layout-equal kt-tab-layout-inherit kt-mobile-layout-row kt-row-valign-top\">\n<style>.kadence-column13966_c743a7-94 > .kt-inside-inner-col,.kadence-column13966_c743a7-94 > .kt-inside-inner-col:before{border-top-left-radius:0px;border-top-right-radius:0px;border-bottom-right-radius:0px;border-bottom-left-radius:0px;}.kadence-column13966_c743a7-94 > .kt-inside-inner-col{column-gap:var(--global-kb-gap-sm, 1rem);}.kadence-column13966_c743a7-94 > .kt-inside-inner-col{flex-direction:column;}.kadence-column13966_c743a7-94 > .kt-inside-inner-col > .aligncenter{width:100%;}.kadence-column13966_c743a7-94 > .kt-inside-inner-col:before{opacity:0.3;}.kadence-column13966_c743a7-94{position:relative;}@media all and (max-width: 1024px){.kadence-column13966_c743a7-94 > .kt-inside-inner-col{flex-direction:column;justify-content:center;}}@media all and (max-width: 767px){.kadence-column13966_c743a7-94 > .kt-inside-inner-col{flex-direction:column;justify-content:center;}}<\/style>\n<div class=\"wp-block-kadence-column kadence-column13966_c743a7-94\"><div class=\"kt-inside-inner-col\"><style>.wp-block-kadence-advancedheading.kt-adv-heading13966_72eab0-70, .wp-block-kadence-advancedheading.kt-adv-heading13966_72eab0-70[data-kb-block=\"kb-adv-heading13966_72eab0-70\"]{text-align:center;font-style:normal;}.wp-block-kadence-advancedheading.kt-adv-heading13966_72eab0-70 mark.kt-highlight, .wp-block-kadence-advancedheading.kt-adv-heading13966_72eab0-70[data-kb-block=\"kb-adv-heading13966_72eab0-70\"] mark.kt-highlight{font-style:normal;color:#f76a0c;-webkit-box-decoration-break:clone;box-decoration-break:clone;padding-top:0px;padding-right:0px;padding-bottom:0px;padding-left:0px;}.wp-block-kadence-advancedheading.kt-adv-heading13966_72eab0-70 img.kb-inline-image, .wp-block-kadence-advancedheading.kt-adv-heading13966_72eab0-70[data-kb-block=\"kb-adv-heading13966_72eab0-70\"] img.kb-inline-image{width:150px;vertical-align:baseline;}<\/style>\n<h1 class=\"kt-adv-heading13966_72eab0-70 wp-block-kadence-advancedheading\" data-kb-block=\"kb-adv-heading13966_72eab0-70\">Unser Engagement f\u00fcr einen kleineren Fu\u00dfabdruck<\/h1>\n\n\n<style>.wp-block-kadence-advancedheading.kt-adv-heading13966_dee1ac-35, .wp-block-kadence-advancedheading.kt-adv-heading13966_dee1ac-35[data-kb-block=\"kb-adv-heading13966_dee1ac-35\"]{text-align:center;font-style:normal;}.wp-block-kadence-advancedheading.kt-adv-heading13966_dee1ac-35 mark.kt-highlight, .wp-block-kadence-advancedheading.kt-adv-heading13966_dee1ac-35[data-kb-block=\"kb-adv-heading13966_dee1ac-35\"] mark.kt-highlight{font-style:normal;color:#f76a0c;-webkit-box-decoration-break:clone;box-decoration-break:clone;padding-top:0px;padding-right:0px;padding-bottom:0px;padding-left:0px;}.wp-block-kadence-advancedheading.kt-adv-heading13966_dee1ac-35 img.kb-inline-image, .wp-block-kadence-advancedheading.kt-adv-heading13966_dee1ac-35[data-kb-block=\"kb-adv-heading13966_dee1ac-35\"] img.kb-inline-image{width:150px;vertical-align:baseline;}<\/style>\n<p class=\"kt-adv-heading13966_dee1ac-35 wp-block-kadence-advancedheading\" data-kb-block=\"kb-adv-heading13966_dee1ac-35\">Wir entwickeln Ausr\u00fcstung f\u00fcr alle, die gerne drau\u00dfen unterwegs sind \u2013 aber die Natur zu sch\u00fctzen geht weit \u00fcber unsere eigenen Sportmomente hinaus. Der Klimawandel ver\u00e4ndert Winter, \u00d6kosysteme und unseren Alltag. Bei MOX verstehen wir Nachhaltigkeit als laufenden Prozess, um unsere Umweltauswirkungen zu reduzieren: bewusstere Materialien, weniger Abfall, langlebige Produkte und einen Teil zur\u00fcckgeben. Wir arbeiten jede Saison daran, besser zu werden und teilen unsere Fortschritte offen.   <\/p>\n<\/div><\/div>\n\n<\/div><\/div>\n<style>\n.feat {\n\tmax-width: 700px;\n\tmargin-left: 25px;\n\tmargin-right: 25px;\n\ttext-align: center;\n}\n.feat + .feat {\n\tmargin-top: 150px;\n}\n.feat p {\n\tdisplay: none;\n}\n.feat-title {\n\tmargin-top:10px;\n\tmargin-bottom:10px;\n\tfont-family:var(--global-heading-font-family);\n\tfont-size:40px;\n\ttext-transform: uppercase;\n}\n@media only screen and (max-width: 700px) {\n.feat-title {\n\tfont-size: 30px;\n}\n}\n.feat img {\n\tmargin: 0 auto;\n}\n<\/style>\n\n<center>\n\n<div class=\"feat\">\n<img decoding=\"async\" class=\"feature-img lazyload\" data-src=\"https:\/\/mox-optics.com\/wp-content\/uploads\/sustainability\/bio_tpu.webp\" alt=\"Skibrillenrahmen aus Bio-TPU\" style=\"--smush-placeholder-width: 700px; --smush-placeholder-aspect-ratio: 700\/541;margin-bottom:20px\" src=\"data:image\/svg+xml;base64,PHN2ZyB3aWR0aD0iMSIgaGVpZ2h0PSIxIiB4bWxucz0iaHR0cDovL3d3dy53My5vcmcvMjAwMC9zdmciPjwvc3ZnPg==\" \/>\n<div class=\"feat-title\">Umweltfreundliche Materialien<\/div>\n<div class=\"feature-descr\">Wir w\u00e4hlen die Materialien f\u00fcr unsere Produkte mit Sorgfalt und setzen, wo immer m\u00f6glich, auf recycelte und biobasierte Komponenten \u2013 ohne Kompromisse bei Haltbarkeit oder optischer Performance. Ein Highlight: Unsere Skibrillenrahmen bestehen aus Bio-TPU (thermoplastisches Polyurethan, das teilweise aus pflanzlichen Quellen stammt). Im Vergleich zu herk\u00f6mmlichem, fossilbasiertem TPU reduziert Bio-TPU die Abh\u00e4ngigkeit von Erd\u00f6l und senkt den CO\u2082-Fu\u00dfabdruck \u00fcber den Lebenszyklus, w\u00e4hrend es gleichzeitig die Flexibilit\u00e4t und K\u00e4ltebest\u00e4ndigkeit beibeh\u00e4lt, die du in den Bergen ben\u00f6tigst. <\/div>\n<\/div>\n\n<div class=\"feat\">\n<img decoding=\"async\" class=\"feature-img lazyload\" data-src=\"https:\/\/mox-optics.com\/wp-content\/uploads\/sustainability\/glassine_bag.webp\" alt=\"Glasine-Beutel\" style=\"--smush-placeholder-width: 700px; --smush-placeholder-aspect-ratio: 700\/508;margin-bottom:20px\" src=\"data:image\/svg+xml;base64,PHN2ZyB3aWR0aD0iMSIgaGVpZ2h0PSIxIiB4bWxucz0iaHR0cDovL3d3dy53My5vcmcvMjAwMC9zdmciPjwvc3ZnPg==\" \/>\n<div class=\"feat-title\">Nachhaltige Verpackung, weniger Plastik<\/div>\n<div class=\"feature-descr\">Unsere Versandkartons bestehen aus Recyclingkarton und Papier aus verantwortungsvoll bewirtschafteten W\u00e4ldern. Au\u00dferdem haben wir Einwegplastik deutlich reduziert, indem wir von klassischen Polybags auf Glasine-Beutel umgestiegen sind \u2013 Papier statt Plastik, recycelbar und biologisch abbaubar. So ist deine Ausr\u00fcstung gut gesch\u00fctzt, und es landet weniger Plastik im M\u00fcll.  <\/div>\n<\/div>\n\n\n<div class=\"feat\">\n<img decoding=\"async\" class=\"feature-img lazyload\" data-src=\"https:\/\/mox-optics.com\/wp-content\/uploads\/sustainability\/infinity_in_snow.webp\" alt=\"MOX Infinity II Skibrille im Schnee\" style=\"--smush-placeholder-width: 700px; --smush-placeholder-aspect-ratio: 700\/453;margin-bottom:20px\" src=\"data:image\/svg+xml;base64,PHN2ZyB3aWR0aD0iMSIgaGVpZ2h0PSIxIiB4bWxucz0iaHR0cDovL3d3dy53My5vcmcvMjAwMC9zdmciPjwvc3ZnPg==\" \/>\n<div class=\"feat-title\">Produkte, die lange halten<\/div>\n<div class=\"feature-descr\">Das nachhaltigste Produkt ist das, das du weiter benutzt. Unsere Produkte sind auf viele Saisonen ausgelegt \u2013 mit robusten Rahmen und widerstandsf\u00e4higen Beschichtungen. Unsere Sonnenbrillen und Skibrillen kommen immer mit sch\u00fctzenden Etuis und Microfaserbeuteln, die helfen, ihre Lebensdauer zu verl\u00e4ngern. Und falls ein Glas doch einmal verkratzt: Du kannst passende Ersatzgl\u00e4ser nachkaufen, statt deine Brille wegzuwerfen.   <\/div>\n<\/div>\n\n<div class=\"feat\" id=\"onepercent\">\n<img decoding=\"async\" class=\"feature-img lazyload\" data-src=\"https:\/\/mox-optics.com\/wp-content\/uploads\/2024\/09\/1ftp_Primary_Vertical_FullColor-400.webp\" width=\"250\" height=\"auto\" style=\"--smush-placeholder-width: 400px; --smush-placeholder-aspect-ratio: 400\/482;margin-bottom:40px;\" alt=\"1% for the Planet Logo\" src=\"data:image\/svg+xml;base64,PHN2ZyB3aWR0aD0iMSIgaGVpZ2h0PSIxIiB4bWxucz0iaHR0cDovL3d3dy53My5vcmcvMjAwMC9zdmciPjwvc3ZnPg==\" \/>\n<div class=\"feat-title\">Zur\u00fcckgeben<\/div>\n<div class=\"feature-descr\">Als Mitglied von <a href=\"https:\/\/www.onepercentfortheplanet.org\/about\/mission\">1% for the Planet<\/a> spenden wir mindestens 1 % unseres Jahresumsatzes an Umweltorganisationen. Mit jedem MOX Produkt hilfst du, die Orte zu sch\u00fctzen, die wir lieben \u2013 von verschneiten Gipfeln \u00fcber Waldtrails bis zu wilden Fl\u00fcssen. <\/div>\n<\/div>\n\n<div class=\"feat\">\n<div class=\"feat-title\">Kontinuierliche Verbesserung<\/div>\n<div class=\"feature-descr\">Wir tun nicht so, als w\u00e4ren wir fertig. Jede Saison und jeder Entwicklungszyklus ist eine Chance, unseren Fu\u00dfabdruck weiter zu verkleinern. Deine R\u00fcckmeldungen sind dabei willkommen \u2013 gemeinsam setzen wir die Messlatte h\u00f6her.  <\/div>\n<\/div>\n<\/center>\n\n<div style=\"height:100px\" aria-hidden=\"true\" class=\"wp-block-spacer\"><\/div>\n","protected":false},"excerpt":{"rendered":"<p>Unser Engagement f\u00fcr einen kleineren Fu\u00dfabdruck Wir entwickeln Ausr\u00fcstung f\u00fcr alle, die gerne drau\u00dfen unterwegs sind \u2013 aber die Natur zu sch\u00fctzen geht weit \u00fcber unsere eigenen Sportmomente hinaus. Der Klimawandel ver\u00e4ndert Winter, \u00d6kosysteme und unseren Alltag. Bei MOX verstehen wir Nachhaltigkeit als laufenden Prozess, um unsere Umweltauswirkungen zu reduzieren: bewusstere Materialien, weniger Abfall, langlebige&#8230;<\/p>\n","protected":false},"author":4,"featured_media":0,"parent":0,"menu_order":0,"comment_status":"closed","ping_status":"closed","template":"","meta":{"_kadence_starter_templates_imported_post":false,"_kad_post_transparent":"disable","_kad_post_title":"hide","_kad_post_layout":"fullwidth","_kad_post_sidebar_id":"","_kad_post_content_style":"unboxed","_kad_post_vertical_padding":"","_kad_post_feature":"","_kad_post_feature_position":"","_kad_post_header":false,"_kad_post_footer":false,"_kad_post_classname":"","footnotes":""},"categories":[],"tags":[],"class_list":["post-14142","page","type-page","status-publish","hentry"],"_links":{"self":[{"href":"https:\/\/mox-optics.com\/de\/wp-json\/wp\/v2\/pages\/14142","targetHints":{"allow":["GET"]}}],"collection":[{"href":"https:\/\/mox-optics.com\/de\/wp-json\/wp\/v2\/pages"}],"about":[{"href":"https:\/\/mox-optics.com\/de\/wp-json\/wp\/v2\/types\/page"}],"author":[{"embeddable":true,"href":"https:\/\/mox-optics.com\/de\/wp-json\/wp\/v2\/users\/4"}],"replies":[{"embeddable":true,"href":"https:\/\/mox-optics.com\/de\/wp-json\/wp\/v2\/comments?post=14142"}],"version-history":[{"count":2,"href":"https:\/\/mox-optics.com\/de\/wp-json\/wp\/v2\/pages\/14142\/revisions"}],"predecessor-version":[{"id":14144,"href":"https:\/\/mox-optics.com\/de\/wp-json\/wp\/v2\/pages\/14142\/revisions\/14144"}],"wp:attachment":[{"href":"https:\/\/mox-optics.com\/de\/wp-json\/wp\/v2\/media?parent=14142"}],"wp:term":[{"taxonomy":"category","embeddable":true,"href":"https:\/\/mox-optics.com\/de\/wp-json\/wp\/v2\/categories?post=14142"},{"taxonomy":"post_tag","embeddable":true,"href":"https:\/\/mox-optics.com\/de\/wp-json\/wp\/v2\/tags?post=14142"}],"curies":[{"name":"wp","href":"https:\/\/api.w.org\/{rel}","templated":true}]}}