{"id":2195,"date":"2022-10-15T16:06:52","date_gmt":"2022-10-15T14:06:52","guid":{"rendered":"https:\/\/mox-optics.com\/impressum\/"},"modified":"2022-11-24T21:21:26","modified_gmt":"2022-11-24T20:21:26","slug":"impressum","status":"publish","type":"page","link":"https:\/\/mox-optics.com\/de\/impressum\/","title":{"rendered":"Impressum"},"content":{"rendered":"\n<p><strong>MOX B.V.<\/strong><br\/>Gestelsestraat 6<br\/>5582HH Waalre<br\/>Die Niederlande<\/p>\n\n<p>E-mail: <a href=\"&#x6d;&#x61;&#105;&#108;t&#x6f;&#x3a;&#x73;&#117;pp&#x6f;&#x72;&#116;&#64;m&#x6f;&#x78;&#x2d;&#111;pt&#x69;&#x63;&#115;&#46;c&#x6f;&#x6d;\">&#x73;&#x75;&#x70;&#x70;&#x6f;&#x72;&#x74;&#x40;&#x6d;&#x6f;&#x78;&#x2d;&#x6f;&#x70;&#x74;&#x69;&#x63;&#x73;&#x2e;&#x63;&#x6f;&#x6d;<\/a><\/p>\n\n<p>Gesch\u00e4ftsf\u00fchrer T. Vrancken, M. Raaijmakers<\/p>\n\n<p>USt-IdNr: DE355966254<\/p>\n\n<p>Registernummer (KvK): 87324679<\/p>\n\n<p>Gem\u00e4\u00df EU-Verordnung Nr. 524\/2013 weisen wir auf die M\u00f6glichkeit der au\u00dfergerichtlichen Streitbeilegung und die Online-Plattform f\u00fcr Streitbeilegung <a href=\"http:\/\/ec.europa.eu\/consumers\/odr\/\">http:\/\/ec.europa.eu\/consumers\/odr\/<\/a> hin.<\/p>\n","protected":false},"excerpt":{"rendered":"<p>MOX B.V.Gestelsestraat 65582HH WaalreDie Niederlande E-mail: s&#117;&#112;&#x70;&#x6f;&#x72;t&#64;&#109;&#x6f;&#x78;&#x2d;op&#116;&#x69;&#x63;&#x73;&#46;c&#111;&#109; Gesch\u00e4ftsf\u00fchrer T. Vrancken, M. Raaijmakers USt-IdNr: DE355966254 Registernummer (KvK): 87324679 Gem\u00e4\u00df EU-Verordnung Nr. 524\/2013 weisen wir auf die M\u00f6glichkeit der au\u00dfergerichtlichen Streitbeilegung und die Online-Plattform f\u00fcr Streitbeilegung http:\/\/ec.europa.eu\/consumers\/odr\/ hin.<\/p>\n","protected":false},"author":4,"featured_media":0,"parent":0,"menu_order":0,"comment_status":"closed","ping_status":"closed","template":"","meta":{"_kadence_starter_templates_imported_post":false,"_kad_post_transparent":"","_kad_post_title":"","_kad_post_layout":"","_kad_post_sidebar_id":"","_kad_post_content_style":"","_kad_post_vertical_padding":"","_kad_post_feature":"","_kad_post_feature_position":"","_kad_post_header":false,"_kad_post_footer":false,"_kad_post_classname":"","footnotes":""},"categories":[],"tags":[],"class_list":["post-2195","page","type-page","status-publish","hentry"],"_links":{"self":[{"href":"https:\/\/mox-optics.com\/de\/wp-json\/wp\/v2\/pages\/2195","targetHints":{"allow":["GET"]}}],"collection":[{"href":"https:\/\/mox-optics.com\/de\/wp-json\/wp\/v2\/pages"}],"about":[{"href":"https:\/\/mox-optics.com\/de\/wp-json\/wp\/v2\/types\/page"}],"author":[{"embeddable":true,"href":"https:\/\/mox-optics.com\/de\/wp-json\/wp\/v2\/users\/4"}],"replies":[{"embeddable":true,"href":"https:\/\/mox-optics.com\/de\/wp-json\/wp\/v2\/comments?post=2195"}],"version-history":[{"count":5,"href":"https:\/\/mox-optics.com\/de\/wp-json\/wp\/v2\/pages\/2195\/revisions"}],"predecessor-version":[{"id":3243,"href":"https:\/\/mox-optics.com\/de\/wp-json\/wp\/v2\/pages\/2195\/revisions\/3243"}],"wp:attachment":[{"href":"https:\/\/mox-optics.com\/de\/wp-json\/wp\/v2\/media?parent=2195"}],"wp:term":[{"taxonomy":"category","embeddable":true,"href":"https:\/\/mox-optics.com\/de\/wp-json\/wp\/v2\/categories?post=2195"},{"taxonomy":"post_tag","embeddable":true,"href":"https:\/\/mox-optics.com\/de\/wp-json\/wp\/v2\/tags?post=2195"}],"curies":[{"name":"wp","href":"https:\/\/api.w.org\/{rel}","templated":true}]}}