{"id":2206,"date":"2022-10-11T17:38:28","date_gmt":"2022-10-11T15:38:28","guid":{"rendered":"https:\/\/mox-optics.com\/support\/versand-retoure\/"},"modified":"2026-01-19T09:13:05","modified_gmt":"2026-01-19T08:13:05","slug":"versand-retoure","status":"publish","type":"page","link":"https:\/\/mox-optics.com\/de\/support\/versand-retoure\/","title":{"rendered":"Versand  Retoure"},"content":{"rendered":"\n<h2 class=\"wp-block-heading\">Versand<\/h2>\n\n<h3 class=\"wp-block-heading\">Kosten<\/h3>\n\n<p>Alle Bestellungen \u00fcber 35 \u20ac werden <strong>versandkostenfrei<\/strong> geliefert!<\/p>\n\n<p>F\u00fcr alle anderen Bestellungen nach Deutschland betragen die Versandkosten 3,99 \u20ac und 5,99 \u20ac f\u00fcr \u00d6sterreich, Belgien, Luxemburg und die Niederlande.<\/p>\n\n<h3 class=\"wp-block-heading\">Lieferzeiten &amp; Spedition<\/h3>\n\n<p>Nach Eingang der Zahlung wird dein Paket innerhalb von 1-2 Werktagen versandt. Dementsprechend wirst du dein Paket durchschnittlich innerhalb von 2-4 Werktagen in Deutschland und 3-5 Werktagen in \u00d6sterreich, Belgien und den Niederlanden erhalten.<\/p>\n\n<p>Bestellungen in Deutschland werden mit DHL verschickt, was bedeutet, dass sie zu einer Packstation geliefert werden k\u00f6nnen. Bestellungen in andere L\u00e4nder werden mit GLS verschickt.<\/p>\n\n<p class=\"has-theme-palette-1-color has-text-color has-link-color wp-elements-460c696f9de2f03bf6ddb717dc034622\"><strong>Sobald deine Bestellung versendet wurde, erh\u00e4ltst du eine E-Mail mit einem Sendungsverfolgungslink, \u00fcber den du den Status deiner Lieferung einsehen kannst.<\/strong><\/p>\n\n<h2 class=\"wp-block-heading\">Retoure<\/h2>\n\n<div class=\"wp-block-columns is-layout-flex wp-container-core-columns-is-layout-9d6595d7 wp-block-columns-is-layout-flex\">\n<div class=\"wp-block-column is-layout-flow wp-block-column-is-layout-flow\" style=\"flex-basis:100%\">\n<div class=\"wp-block-columns is-layout-flex wp-container-core-columns-is-layout-9d6595d7 wp-block-columns-is-layout-flex\">\n<div class=\"wp-block-column is-layout-flow wp-block-column-is-layout-flow\" style=\"flex-basis:100%\">\n<p>Du kannst jede Bestellung innerhalb von 14 Tagen nach Erhalt zur\u00fcckgeben, um eine vollst\u00e4ndige Erstattung der Produkte zu erhalten. Dabei gelten die folgenden Bedingungen: <\/p>\n\n\n\n<ul class=\"wp-block-list\">\n<li>Ab einem Bestellwert von 35\u202f\u20ac ist die R\u00fccksendung kostenlos. Andernfalls m\u00fcssen Sie die Kosten f\u00fcr die R\u00fccksendung selbst tragen.  <\/li>\n\n\n\n<li>Du verwendest unser R\u00fccksendeetikett.<\/li>\n\n\n\n<li>Wir k\u00f6nnen nur Produkte akzeptieren, welche unbenutzt, unbesch\u00e4digt und in ihrer originalen Verpackung sind. Dies gilt im Besonderen f\u00fcr die Schutzfolie auf der Innenseite eines Skibrillenglases, welche nicht vom Glas entfernt werden darf. <\/li>\n<\/ul>\n\n\n\n<p>Um dein(e) Produkt(e) zur\u00fcckzusenden, f\u00fcll bitte das <a href=\"https:\/\/mox-optics.com\/de\/retourenportal\/\" data-type=\"page\" data-id=\"8964\">Formular zur Anforderung eines R\u00fccksendeetiketts<\/a> aus.<\/p>\n<\/div>\n<\/div>\n<\/div>\n<\/div>\n\n<p><\/p>\n","protected":false},"excerpt":{"rendered":"<p>Versand Kosten Alle Bestellungen \u00fcber 35 \u20ac werden versandkostenfrei geliefert! F\u00fcr alle anderen Bestellungen nach Deutschland betragen die Versandkosten 3,99 \u20ac und 5,99 \u20ac f\u00fcr \u00d6sterreich, Belgien, Luxemburg und die Niederlande. Lieferzeiten &amp; Spedition Nach Eingang der Zahlung wird dein Paket innerhalb von 1-2 Werktagen versandt. Dementsprechend wirst du dein Paket durchschnittlich innerhalb von 2-4&#8230;<\/p>\n","protected":false},"author":4,"featured_media":2069,"parent":2197,"menu_order":0,"comment_status":"closed","ping_status":"closed","template":"","meta":{"_kadence_starter_templates_imported_post":false,"_kad_post_transparent":"","_kad_post_title":"","_kad_post_layout":"","_kad_post_sidebar_id":"","_kad_post_content_style":"","_kad_post_vertical_padding":"","_kad_post_feature":"","_kad_post_feature_position":"","_kad_post_header":false,"_kad_post_footer":false,"_kad_post_classname":"","footnotes":""},"categories":[],"tags":[],"class_list":["post-2206","page","type-page","status-publish","has-post-thumbnail","hentry"],"_links":{"self":[{"href":"https:\/\/mox-optics.com\/de\/wp-json\/wp\/v2\/pages\/2206","targetHints":{"allow":["GET"]}}],"collection":[{"href":"https:\/\/mox-optics.com\/de\/wp-json\/wp\/v2\/pages"}],"about":[{"href":"https:\/\/mox-optics.com\/de\/wp-json\/wp\/v2\/types\/page"}],"author":[{"embeddable":true,"href":"https:\/\/mox-optics.com\/de\/wp-json\/wp\/v2\/users\/4"}],"replies":[{"embeddable":true,"href":"https:\/\/mox-optics.com\/de\/wp-json\/wp\/v2\/comments?post=2206"}],"version-history":[{"count":26,"href":"https:\/\/mox-optics.com\/de\/wp-json\/wp\/v2\/pages\/2206\/revisions"}],"predecessor-version":[{"id":16516,"href":"https:\/\/mox-optics.com\/de\/wp-json\/wp\/v2\/pages\/2206\/revisions\/16516"}],"up":[{"embeddable":true,"href":"https:\/\/mox-optics.com\/de\/wp-json\/wp\/v2\/pages\/2197"}],"wp:featuredmedia":[{"embeddable":true,"href":"https:\/\/mox-optics.com\/de\/wp-json\/wp\/v2\/media\/2069"}],"wp:attachment":[{"href":"https:\/\/mox-optics.com\/de\/wp-json\/wp\/v2\/media?parent=2206"}],"wp:term":[{"taxonomy":"category","embeddable":true,"href":"https:\/\/mox-optics.com\/de\/wp-json\/wp\/v2\/categories?post=2206"},{"taxonomy":"post_tag","embeddable":true,"href":"https:\/\/mox-optics.com\/de\/wp-json\/wp\/v2\/tags?post=2206"}],"curies":[{"name":"wp","href":"https:\/\/api.w.org\/{rel}","templated":true}]}}