{"id":2382,"date":"2022-10-25T00:07:51","date_gmt":"2022-10-24T22:07:51","guid":{"rendered":"https:\/\/mox-optics.com\/support\/glaeser-guide-2\/"},"modified":"2025-10-08T16:17:16","modified_gmt":"2025-10-08T14:17:16","slug":"glaeser-guide","status":"publish","type":"page","link":"https:\/\/mox-optics.com\/de\/support\/glaeser-guide\/","title":{"rendered":"Gl\u00e4ser Guide"},"content":{"rendered":"\n<h2 class=\"wp-block-heading\">Finde das richtige Glas f\u00fcr deinen Skitag\/Boardtag<\/h2>\n\n\n\n<p>Die untenstehende Tabelle gibt einen \u00dcberblick \u00fcber die Leistungen der einzelnen Gl\u00e4ser unter verschiedenen Wetterbedingungen. VLT steht hierbei f\u00fcr Visible Light Transmission und beschreibt den Anteil an sichtbarem Licht, welcher vom Glas durchgelassen wird. Also je niedriger die Prozentzahl ist, desto dunkler ist das Glas. Beachte aber, dass der VLT Wert nicht die einzige Eigenschaft ist, welche bestimmt, wie geeignet ein Glas f\u00fcr gewisses Wetter ist. Deshalb haben wir versucht, die Eigenschaften der Brillen in einer Grafik darzustellen. Je h\u00f6her der Balken ist, desto besser passt das Glas f\u00fcr diese Wetterverh\u00e4ltnisse.<\/p>\n\n\n<div class=\"wp-block-image\">\n<figure class=\"aligncenter size-full\"><img decoding=\"async\" width=\"700\" height=\"1190\" data-src=\"https:\/\/mox-optics.com\/wp-content\/uploads\/2025\/09\/lens_info_graphic_v6-1.webp\" alt=\"Lens guide info graphic\" class=\"wp-image-13674 lazyload\" data-srcset=\"https:\/\/mox-optics.com\/wp-content\/uploads\/2025\/09\/lens_info_graphic_v6-1.webp 700w, https:\/\/mox-optics.com\/wp-content\/uploads\/2025\/09\/lens_info_graphic_v6-1-176x300.webp 176w, https:\/\/mox-optics.com\/wp-content\/uploads\/2025\/09\/lens_info_graphic_v6-1-602x1024.webp 602w, https:\/\/mox-optics.com\/wp-content\/uploads\/2025\/09\/lens_info_graphic_v6-1-600x1020.webp 600w\" data-sizes=\"(max-width: 700px) 100vw, 700px\" src=\"data:image\/svg+xml;base64,PHN2ZyB3aWR0aD0iMSIgaGVpZ2h0PSIxIiB4bWxucz0iaHR0cDovL3d3dy53My5vcmcvMjAwMC9zdmciPjwvc3ZnPg==\" style=\"--smush-placeholder-width: 700px; --smush-placeholder-aspect-ratio: 700\/1190;\" \/><figcaption class=\"wp-element-caption\">Lens guide info graphic<\/figcaption><\/figure>\n<\/div>\n\n\n<p>Anmerkung: Das \u201eRadar Green\u201c Glas ist bei jeder MOX Skibrille inklusive.<\/p>\n\n\n\n<h2 class=\"wp-block-heading\">Brauche ich ein zus\u00e4tzliches Glas?<\/h2>\n\n\n\n<p>Es ist m\u00f6glich, die MOX Infinity Skibrille ohne ein Wechselglas zu kaufen und mit nur einem Glas unter allen Wetterbedingungen zu fahren, da alle Gl\u00e4ser einen 100% UV Schutz (UV-A und UV-B) haben. Allerdings wirst du nie ein Glas finden, welches bei allen Wetterbedingungen eine optimale Leistung liefert, egal von welcher Marke du deine Skibrille kaufst. Das bedeutet, wenn du mit nur einem Glas f\u00e4hrst, musst du bei bestimmten Wetterverh\u00e4ltnissen Abstriche machen.<\/p>\n\n\n\n<p>Wenn du eine MOX Infinity Skibrille kaufst, bekommst du immer ein zus\u00e4tzliches gr\u00fcnes Glas dazu, um bei schlechteren Lichtverh\u00e4ltnissen z.B. Schneefall, optimale Sicht zu haben. Diejenigen, die zu jeder Zeit eine perfekte Sicht haben wollen, sollten sich ein Wechselglas dazu zu kaufen, um je nach Wetterumschwung wechseln zu k\u00f6nnen. Klicke <a href=\"https:\/\/mox-optics.com\/de\/produkt-kategorie\/ersatzglaeser\/\" data-type=\"product_cat\" data-id=\"21\">hier<\/a> um verschiedene Gl\u00e4ser f\u00fcr deine Skibrille zu kaufen.<\/p>\n\n\n\n<h2 class=\"wp-block-heading\">Eigenschaften der Gl\u00e4ser<\/h2>\n\n\n\n<p>Unabh\u00e4ngig davon welches Glas du kaufst, liefern alle Gl\u00e4ser eine top Performance aufgrund folgender Eigenschaften:<\/p>\n\n\n\n<ul class=\"wp-block-list\">\n<li><strong>Retinex Technologie<\/strong> verbessert den Kontrast und verst\u00e4rkt die Tiefenwahrnehmung, sodass du auf dem Berg die perfekte Sicht hast.<\/li>\n\n\n\n<li><strong>UV-Schutz<\/strong>: Alle Gl\u00e4ser sch\u00fctzen zu 100% vor UV-A und UV-B Strahlung bis zu einer Wellenl\u00e4nge von 400nm, das hei\u00dft sie bieten den so genannten UV400 Schutz.<\/li>\n\n\n\n<li><strong>Doppelglas<\/strong>: Jedes Brillenglas besteht aus einem inneren und einem \u00e4u\u00dferen Glas, zwischen denen sich ein luftdichter Raum befindet, welcher als Temperaturbarriere dient. Dies beugt dem Beschlagen der Brille vor.<\/li>\n\n\n\n<li><strong>Antibeschlagbeschichtung<\/strong>: Durch eine besondere Behandlung der Innenseite des Glases, ist die Brille so gegen das Beschlagen gesch\u00fctzt.<\/li>\n\n\n\n<li><strong>Spritzgegossenes Glas<\/strong>: Unser hochwertiges Spritzgussverfahren erm\u00f6glicht ein verzerrungsfreies Sichtfeld.<\/li>\n\n\n\n<li><strong>Polycarbonat Material<\/strong>: Alle Gl\u00e4ser sind aus Polycarbonat gefertigt, wodurch sie robust, sicher und flexibel sind.<\/li>\n\n\n\n<li><strong>Magnetic Quick-Change System<\/strong>: Zehn starke Magnete lassen das Glas sicher am Rahmen haften und sorgen daf\u00fcr, dass du das Glas in wenigen Sekunden wechseln kannst, ohne die Brille abnehmen zu m\u00fcssen.<\/li>\n<\/ul>\n","protected":false},"excerpt":{"rendered":"<p>Finde das richtige Glas f\u00fcr deinen Skitag\/Boardtag Die untenstehende Tabelle gibt einen \u00dcberblick \u00fcber die Leistungen der einzelnen Gl\u00e4ser unter verschiedenen Wetterbedingungen. VLT steht hierbei f\u00fcr Visible Light Transmission und beschreibt den Anteil an sichtbarem Licht, welcher vom Glas durchgelassen wird. Also je niedriger die Prozentzahl ist, desto dunkler ist das Glas. Beachte aber, dass&#8230;<\/p>\n","protected":false},"author":3,"featured_media":2071,"parent":2197,"menu_order":0,"comment_status":"closed","ping_status":"closed","template":"","meta":{"_kadence_starter_templates_imported_post":false,"_kad_post_transparent":"","_kad_post_title":"","_kad_post_layout":"","_kad_post_sidebar_id":"","_kad_post_content_style":"","_kad_post_vertical_padding":"","_kad_post_feature":"","_kad_post_feature_position":"","_kad_post_header":false,"_kad_post_footer":false,"_kad_post_classname":"","footnotes":""},"categories":[],"tags":[],"class_list":["post-2382","page","type-page","status-publish","has-post-thumbnail","hentry"],"_links":{"self":[{"href":"https:\/\/mox-optics.com\/de\/wp-json\/wp\/v2\/pages\/2382","targetHints":{"allow":["GET"]}}],"collection":[{"href":"https:\/\/mox-optics.com\/de\/wp-json\/wp\/v2\/pages"}],"about":[{"href":"https:\/\/mox-optics.com\/de\/wp-json\/wp\/v2\/types\/page"}],"author":[{"embeddable":true,"href":"https:\/\/mox-optics.com\/de\/wp-json\/wp\/v2\/users\/3"}],"replies":[{"embeddable":true,"href":"https:\/\/mox-optics.com\/de\/wp-json\/wp\/v2\/comments?post=2382"}],"version-history":[{"count":25,"href":"https:\/\/mox-optics.com\/de\/wp-json\/wp\/v2\/pages\/2382\/revisions"}],"predecessor-version":[{"id":13910,"href":"https:\/\/mox-optics.com\/de\/wp-json\/wp\/v2\/pages\/2382\/revisions\/13910"}],"up":[{"embeddable":true,"href":"https:\/\/mox-optics.com\/de\/wp-json\/wp\/v2\/pages\/2197"}],"wp:featuredmedia":[{"embeddable":true,"href":"https:\/\/mox-optics.com\/de\/wp-json\/wp\/v2\/media\/2071"}],"wp:attachment":[{"href":"https:\/\/mox-optics.com\/de\/wp-json\/wp\/v2\/media?parent=2382"}],"wp:term":[{"taxonomy":"category","embeddable":true,"href":"https:\/\/mox-optics.com\/de\/wp-json\/wp\/v2\/categories?post=2382"},{"taxonomy":"post_tag","embeddable":true,"href":"https:\/\/mox-optics.com\/de\/wp-json\/wp\/v2\/tags?post=2382"}],"curies":[{"name":"wp","href":"https:\/\/api.w.org\/{rel}","templated":true}]}}