{"id":3440,"date":"2023-01-10T15:07:02","date_gmt":"2023-01-10T14:07:02","guid":{"rendered":"https:\/\/mox-optics.com\/support\/pflegehinweise\/"},"modified":"2024-06-16T14:35:34","modified_gmt":"2024-06-16T12:35:34","slug":"pflegehinweise","status":"publish","type":"page","link":"https:\/\/mox-optics.com\/de\/support\/pflegehinweise\/","title":{"rendered":"Pflegehinweise"},"content":{"rendered":"\n<p>Bei MOX liegt uns dein Produkt und die Umwelt am Herzen. Deswegen m\u00f6chten wir, dass unsere Produkte so lange wie m\u00f6glich halten. Bei der richtigen Pflege kann dein MOX Produkt Jahre lang halten oder eben bis du dich dazu entschlie\u00dft, es zu ersetzen. Auf dieser Seite findest du einige n\u00fctzliche Tipps, um sicherzustellen, dass dein Produkt die Pflege erh\u00e4lt, die es verdient.<\/p>\n\n<h2 class=\"wp-block-heading\">Aufbewahrung deiner Skibrille<\/h2>\n\n<p>Deine MOX Skibrille erh\u00e4ltst du mit zwei Schutzbeh\u00e4ltern:<\/p>\n\n<ul class=\"wp-block-list\">\n<li>Ein weiches T\u00e4schchen, der deine Skibrillengl\u00e4ser gegen Kratzer sch\u00fctzt. Dieser ist besonders praktisch, wenn du beispielsweise eine Pause machst und daher deine Skibrille auf einem Tisch ablegen musst oder deine Skibrille nach einem langen Skitag in deinen Rucksack packst.<\/li>\n\n\n\n<li>Eine harte H\u00fclle, welche die ganze Skibrille gegen Kratzer, Kompressionen und St\u00f6\u00dfe sch\u00fctzt. Diese ist beispielsweise n\u00fctzlich, wenn du deine Skibrille in prallvollem Gep\u00e4ck transportierst oder f\u00fcr die Langzeitlagerung.<\/li>\n<\/ul>\n\n<p>Stelle nach einem Skitag sicher, dass du deine Skibrille komplett trocknen l\u00e4sst. Du kannst \u00fcberm\u00e4\u00dfige Feuchtigkeit auf dem Rahmen mit einem Tuch wegwischen, der Rest kann lufttrocknen.  Pass darauf auf, das Glas nicht mit einem regul\u00e4ren Tuch zu ber\u00fchren. Schau in die n\u00e4chsten Abschnitte f\u00fcr die Pflege deines Glases\/deiner Gl\u00e4ser.<\/p>\n\n<p>Gib au\u00dferdem acht, dass dein T\u00e4schchen und\/oder die H\u00fclle, die du benutzt, trocken sind. Setze deine Skibrille keiner extremen Hitze aus, indem du sie beispielsweise hinter die Frontschutzscheibe deines Autos in die Sonne legst.<\/p>\n\n<h2 class=\"wp-block-heading\">Pflege der Au\u00dfenseite des Glases<\/h2>\n\n<p>Um die optimale Sicht zu bewahren, m\u00f6chtest du dein Glas kratzerfrei und so sauber wie m\u00f6glich halten. Stelle daher sicher, die nachfolgend zusammengefassten bew\u00e4hrten Kniffe und Tricks zu befolgen.<\/p>\n\n<p>Wann immer du Schnee auf dem Glas hast, sch\u00fcttele ihn am besten einfach ab. Benutze nicht deine Handschuhe oder deine Jacke, um das Glas zu s\u00e4ubern, da diese kleine Kratzer hinterlassen k\u00f6nnen.<\/p>\n\n<p>Wenn du dein Glas aufgrund von Fett oder Flecken s\u00e4ubern m\u00f6chtest, oder wenn du dein Glas trocknen m\u00f6chtest, da es durch Schnee oder Regen nass ist, solltest du das Mikrofasert\u00e4schchen nutzen (der mit deiner Skibrille mitgeliefert wird). Als Alternative kannst du auch jedes andere Mikrofasertuch nutzen. Manche Jacken zum Beispiel haben ein Mikrofaser-Brillenputztuch an der Innenseite der Tasche befestigt.<\/p>\n\n<p>Stelle sicher, dass das T\u00e4schchen oder das Tuch, was du benutzt, sauber ist. Benutze ausschlie\u00dflich Wasser, welches frei von Zusatzstoffen ist und vermeide jegliche Chemikalien. Du kannst deinen Atem benutzen, um das Glas zu befeuchten, bevor du Flecken wegwischst. Poliere dein Glas nicht, wenn es gefroren ist oder gefrorene Tr\u00f6pfchen aufweist; lass das Gefrorene erst schmelzen und wische das Wasser dann weg oder lass es trocknen.<\/p>\n\n<h2 class=\"wp-block-heading\">Pflege der Innenseite des Glases<\/h2>\n\n<p>Die Innenseite des Glases weist eine Anti-Beschlag-Beschichtung auf. Es ist wichtig diese instand zu halten, weswegen du unter allen Umst\u00e4nden vermeiden solltest, die Innenseite des Glases zu wischen. Wenn die Innenseite nass ist, dann lass das Glas am besten lufttrocknen oder versuche es mit einem Luftgebl\u00e4se (z.B. F\u00f6hn). Wenn es wirklich notwendig ist, weil die Innenseite durch Schnee sehr nass geworden ist oder du einen Flecken entfernen musst, der die Sicht beeintr\u00e4chtigt, kannst du vorsichtig die Innenseite des Glases mit einem Mikrofasertuch (z.B. das Gl\u00e4sert\u00e4schchen) abtupfen.<\/p>\n\n<p>Wenn du Gl\u00e4ser wechselst, vermeide es die Innenseite des Glases zu ber\u00fchren, um fettigen Fingerabdr\u00fccken vorzubeugen. Halte das Glas stattdessen an den vertikalen R\u00e4ndern fest.<\/p>\n","protected":false},"excerpt":{"rendered":"<p>Bei MOX liegt uns dein Produkt und die Umwelt am Herzen. Deswegen m\u00f6chten wir, dass unsere Produkte so lange wie m\u00f6glich halten. Bei der richtigen Pflege kann dein MOX Produkt Jahre lang halten oder eben bis du dich dazu entschlie\u00dft, es zu ersetzen. Auf dieser Seite findest du einige n\u00fctzliche Tipps, um sicherzustellen, dass dein&#8230;<\/p>\n","protected":false},"author":3,"featured_media":3396,"parent":2197,"menu_order":0,"comment_status":"closed","ping_status":"closed","template":"","meta":{"_kadence_starter_templates_imported_post":false,"_kad_post_transparent":"","_kad_post_title":"","_kad_post_layout":"","_kad_post_sidebar_id":"","_kad_post_content_style":"","_kad_post_vertical_padding":"","_kad_post_feature":"","_kad_post_feature_position":"","_kad_post_header":false,"_kad_post_footer":false,"_kad_post_classname":"","footnotes":""},"categories":[],"tags":[],"class_list":["post-3440","page","type-page","status-publish","has-post-thumbnail","hentry"],"_links":{"self":[{"href":"https:\/\/mox-optics.com\/de\/wp-json\/wp\/v2\/pages\/3440","targetHints":{"allow":["GET"]}}],"collection":[{"href":"https:\/\/mox-optics.com\/de\/wp-json\/wp\/v2\/pages"}],"about":[{"href":"https:\/\/mox-optics.com\/de\/wp-json\/wp\/v2\/types\/page"}],"author":[{"embeddable":true,"href":"https:\/\/mox-optics.com\/de\/wp-json\/wp\/v2\/users\/3"}],"replies":[{"embeddable":true,"href":"https:\/\/mox-optics.com\/de\/wp-json\/wp\/v2\/comments?post=3440"}],"version-history":[{"count":7,"href":"https:\/\/mox-optics.com\/de\/wp-json\/wp\/v2\/pages\/3440\/revisions"}],"predecessor-version":[{"id":8845,"href":"https:\/\/mox-optics.com\/de\/wp-json\/wp\/v2\/pages\/3440\/revisions\/8845"}],"up":[{"embeddable":true,"href":"https:\/\/mox-optics.com\/de\/wp-json\/wp\/v2\/pages\/2197"}],"wp:featuredmedia":[{"embeddable":true,"href":"https:\/\/mox-optics.com\/de\/wp-json\/wp\/v2\/media\/3396"}],"wp:attachment":[{"href":"https:\/\/mox-optics.com\/de\/wp-json\/wp\/v2\/media?parent=3440"}],"wp:term":[{"taxonomy":"category","embeddable":true,"href":"https:\/\/mox-optics.com\/de\/wp-json\/wp\/v2\/categories?post=3440"},{"taxonomy":"post_tag","embeddable":true,"href":"https:\/\/mox-optics.com\/de\/wp-json\/wp\/v2\/tags?post=3440"}],"curies":[{"name":"wp","href":"https:\/\/api.w.org\/{rel}","templated":true}]}}