{"id":4613,"date":"2023-09-06T10:25:48","date_gmt":"2023-09-06T08:25:48","guid":{"rendered":"https:\/\/mox-optics.com\/?page_id=4613"},"modified":"2024-09-30T10:35:32","modified_gmt":"2024-09-30T08:35:32","slug":"professional-program","status":"publish","type":"page","link":"https:\/\/mox-optics.com\/de\/professional-program\/","title":{"rendered":"Professional Program"},"content":{"rendered":"<style>.kb-row-layout-id3767_257c01-d0 > .kt-row-column-wrap{align-content:start;}:where(.kb-row-layout-id3767_257c01-d0 > .kt-row-column-wrap) > .wp-block-kadence-column{justify-content:start;}.kb-row-layout-id3767_257c01-d0 > .kt-row-column-wrap{column-gap:var(--global-kb-gap-none, 0rem );row-gap:var(--global-kb-gap-md, 2rem);max-width:var( --global-content-width, 1290px );padding-left:var(--global-content-edge-padding);padding-right:var(--global-content-edge-padding);padding-top:var(--global-kb-spacing-xxl, 5rem);padding-bottom:var(--global-kb-spacing-xxl, 5rem);grid-template-columns:minmax(0, calc(60% - ((var(--global-kb-gap-none, 0rem ) * 1 )\/2)))minmax(0, calc(40% - ((var(--global-kb-gap-none, 0rem ) * 1 )\/2)));}.kb-row-layout-id3767_257c01-d0{background-image:url('https:\/\/mox-optics.com\/wp-content\/uploads\/2023\/09\/Example-Background-Image.jpg');background-size:cover;background-position:50% 50%;background-attachment:scroll;background-repeat:no-repeat;}.kb-row-layout-id3767_257c01-d0 > .kt-row-layout-overlay{opacity:0.30;}@media all and (max-width: 1024px){.kb-row-layout-id3767_257c01-d0 > .kt-row-column-wrap{column-gap:var(--global-kb-gap-none, 0rem );grid-template-columns:minmax(0, 1fr);}}@media all and (max-width: 767px){.kb-row-layout-id3767_257c01-d0 > .kt-row-column-wrap{grid-template-columns:minmax(0, 1fr);}}<\/style><div class=\"kb-row-layout-wrap kb-row-layout-id3767_257c01-d0 alignfull kt-row-has-bg wp-block-kadence-rowlayout\"><div class=\"kt-row-column-wrap kt-has-2-columns kt-row-layout-equal kt-tab-layout-row kt-mobile-layout-row kt-row-valign-top kb-theme-content-width\">\n<style>.kadence-column3767_b211bd-aa > .kt-inside-inner-col{display:flex;}.kadence-column3767_b211bd-aa > .kt-inside-inner-col{padding-top:var(--global-kb-spacing-xl, 4rem);padding-right:var(--global-kb-spacing-xxl, 5rem);padding-bottom:var(--global-kb-spacing-xl, 4rem);padding-left:var(--global-kb-spacing-xxl, 5rem);}.kadence-column3767_b211bd-aa > .kt-inside-inner-col,.kadence-column3767_b211bd-aa > .kt-inside-inner-col:before{border-top-left-radius:0px;border-top-right-radius:0px;border-bottom-right-radius:0px;border-bottom-left-radius:0px;}.kadence-column3767_b211bd-aa > .kt-inside-inner-col{column-gap:var(--global-kb-gap-sm, 1rem);}.kadence-column3767_b211bd-aa > .kt-inside-inner-col{flex-direction:column;justify-content:flex-start;}.kadence-column3767_b211bd-aa > .kt-inside-inner-col > .aligncenter{width:100%;}.kt-row-column-wrap > .kadence-column3767_b211bd-aa{align-self:flex-start;}.kt-inner-column-height-full:not(.kt-has-1-columns) > .wp-block-kadence-column.kadence-column3767_b211bd-aa{align-self:auto;}.kt-inner-column-height-full:not(.kt-has-1-columns) > .wp-block-kadence-column.kadence-column3767_b211bd-aa > .kt-inside-inner-col{flex-direction:column;justify-content:flex-start;}.kadence-column3767_b211bd-aa > .kt-inside-inner-col{background-color:var(--global-palette9, #ffffff);}.kadence-column3767_b211bd-aa > .kt-inside-inner-col:before{opacity:0.3;}.kadence-column3767_b211bd-aa{text-align:left;}.kadence-column3767_b211bd-aa{position:relative;}@media all and (max-width: 1024px){.kadence-column3767_b211bd-aa > .kt-inside-inner-col{padding-top:var(--global-kb-spacing-lg, 3rem);padding-right:var(--global-kb-spacing-lg, 3rem);padding-bottom:var(--global-kb-spacing-lg, 3rem);padding-left:var(--global-kb-spacing-lg, 3rem);flex-direction:column;justify-content:flex-start;}}@media all and (max-width: 1024px){.kt-row-column-wrap > .kadence-column3767_b211bd-aa{align-self:flex-start;}}@media all and (max-width: 1024px){.kt-inner-column-height-full:not(.kt-has-1-columns) > .wp-block-kadence-column.kadence-column3767_b211bd-aa{align-self:auto;}}@media all and (max-width: 1024px){.kt-inner-column-height-full:not(.kt-has-1-columns) > .wp-block-kadence-column.kadence-column3767_b211bd-aa > .kt-inside-inner-col{flex-direction:column;justify-content:flex-start;}}@media all and (max-width: 767px){.kadence-column3767_b211bd-aa > .kt-inside-inner-col{padding-top:var(--global-kb-spacing-md, 2rem);padding-right:var(--global-kb-spacing-md, 2rem);padding-bottom:var(--global-kb-spacing-md, 2rem);padding-left:var(--global-kb-spacing-md, 2rem);flex-direction:column;justify-content:flex-start;}.kt-row-column-wrap > .kadence-column3767_b211bd-aa{align-self:flex-start;}.kt-inner-column-height-full:not(.kt-has-1-columns) > .wp-block-kadence-column.kadence-column3767_b211bd-aa{align-self:auto;}.kt-inner-column-height-full:not(.kt-has-1-columns) > .wp-block-kadence-column.kadence-column3767_b211bd-aa > .kt-inside-inner-col{flex-direction:column;justify-content:flex-start;}}<\/style>\n<div class=\"wp-block-kadence-column kadence-column3767_b211bd-aa kb-section-dir-vertical inner-column-1\"><div class=\"kt-inside-inner-col\"><style>.wp-block-kadence-advancedheading.kt-adv-heading3767_b70b3c-c9, .wp-block-kadence-advancedheading.kt-adv-heading3767_b70b3c-c9[data-kb-block=\"kb-adv-heading3767_b70b3c-c9\"]{font-size:var(--global-kb-font-size-lg, 2rem);line-height:1.2;font-style:normal;}.wp-block-kadence-advancedheading.kt-adv-heading3767_b70b3c-c9 mark.kt-highlight, .wp-block-kadence-advancedheading.kt-adv-heading3767_b70b3c-c9[data-kb-block=\"kb-adv-heading3767_b70b3c-c9\"] mark.kt-highlight{font-style:normal;color:#f76a0c;-webkit-box-decoration-break:clone;box-decoration-break:clone;padding-top:0px;padding-right:0px;padding-bottom:0px;padding-left:0px;}.wp-block-kadence-advancedheading.kt-adv-heading3767_b70b3c-c9 img.kb-inline-image, .wp-block-kadence-advancedheading.kt-adv-heading3767_b70b3c-c9[data-kb-block=\"kb-adv-heading3767_b70b3c-c9\"] img.kb-inline-image{width:150px;vertical-align:baseline;}<\/style>\n<h2 class=\"kt-adv-heading3767_b70b3c-c9 wp-block-kadence-advancedheading has-theme-palette-3-color has-text-color\" data-kb-block=\"kb-adv-heading3767_b70b3c-c9\">Das Ultimative Angebot f\u00fcr die Ultimativen Wintersport-Profis<\/h2>\n\n\n\n<p>Wir bei MOX optics haben eine Leidenschaft f\u00fcr den Schneesport und m\u00f6chten daher die Profis unterst\u00fctzen, die unsere Leidenschaft teilen und andere dazu inspirieren, die Pisten zu genie\u00dfen. Deshalb haben wir das MOX-Professional-Program ins Leben gerufen, ein spezielles Angebot f\u00fcr Snowboardlehrer, Skilehrer, Bergf\u00fchrer und Parkshaper.<\/p>\n\n\n\n<p>Das MOX-Professional-Program erm\u00f6glicht es dir, besondere Rabatte auf unsere Produkte zu erhalten, abh\u00e4ngig von deinem Qualifikationsniveau. Du kannst aus unserem Sortiment hochwertiger <a href=\"https:\/\/mox-optics.com\/de\/produkt-kategorie\/skibrillen\/\" data-type=\"product_cat\" data-id=\"20\">Skibrillen<\/a> und <a href=\"https:\/\/mox-optics.com\/de\/produkt-kategorie\/ersatzglaeser\/\" data-type=\"product_cat\" data-id=\"21\">Gl\u00e4sern<\/a> w\u00e4hlen, die unter allen Bedingungen hervorragende Sicht bieten. Du kannst auch verschiedene Gl\u00e4ser kombinieren, um deinem Stil und deinen Vorlieben gerecht zu werden.<\/p>\n\n\n\n<p>Um dem MOX-Professional-Program beizutreten, musst du das unten stehende Formular ausf\u00fcllen und einen Nachweis deiner Qualifikation und deines Besch\u00e4ftigungsverh\u00e4ltnises vorlegen. Sobald wir deine Angaben \u00fcberpr\u00fcft haben, senden wir dir eine Best\u00e4tigungs-E-Mail mit deinem pers\u00f6nlichen Rabattcode und weiteren Details zum Programm.<\/p>\n\n\n\n<p>Wir freuen uns darauf, dich in der MOX-Familie willkommen zu hei\u00dfen, und wir hoffen, dass du unsere Produkte genauso sehr genie\u00dft wie wir. Vielen Dank, dass du MOX optics ausgew\u00e4hlt hast und Teil der Wintersportgemeinschaft bist.<\/p>\n<\/div><\/div>\n\n\n<style>.kadence-column3767_36f2f3-90 > .kt-inside-inner-col{padding-top:0px;padding-right:0px;padding-bottom:0px;padding-left:0px;}.kadence-column3767_36f2f3-90 > .kt-inside-inner-col,.kadence-column3767_36f2f3-90 > .kt-inside-inner-col:before{border-top-left-radius:0px;border-top-right-radius:0px;border-bottom-right-radius:0px;border-bottom-left-radius:0px;}.kadence-column3767_36f2f3-90 > .kt-inside-inner-col{column-gap:var(--global-kb-gap-sm, 1rem);}.kadence-column3767_36f2f3-90 > .kt-inside-inner-col{flex-direction:column;}.kadence-column3767_36f2f3-90 > .kt-inside-inner-col > .aligncenter{width:100%;}.kadence-column3767_36f2f3-90 > .kt-inside-inner-col:before{opacity:0.3;}.kadence-column3767_36f2f3-90{position:relative;}@media all and (max-width: 1024px){.kadence-column3767_36f2f3-90 > .kt-inside-inner-col{padding-top:0px;padding-right:0px;padding-bottom:0px;padding-left:0px;flex-direction:column;justify-content:center;}}@media all and (max-width: 767px){.kadence-column3767_36f2f3-90 > .kt-inside-inner-col{padding-top:0px;padding-right:0px;padding-bottom:0px;padding-left:0px;flex-direction:column;justify-content:center;}}<\/style>\n<div class=\"wp-block-kadence-column kadence-column3767_36f2f3-90 kvs-lg-false kvs-md-false kvs-sm-false inner-column-2\"><div class=\"kt-inside-inner-col\"><\/div><\/div>\n\n<\/div><\/div><style>.wp-block-kadence-spacer.kt-block-spacer-3767_ff646a-95 .kt-block-spacer{height:47px;}.wp-block-kadence-spacer.kt-block-spacer-3767_ff646a-95 .kt-divider{border-top-width:1px;height:1px;border-top-color:#eee;width:80%;border-top-style:solid;}<\/style>\n<div class=\"wp-block-kadence-spacer aligncenter kt-block-spacer-3767_ff646a-95\"><div class=\"kt-block-spacer kt-block-spacer-halign-center\"><hr class=\"kt-divider\"\/><\/div><\/div>\n<div class=\"wp-block-kadence-advanced-form wp-block-kadence-advanced-form3769-cpt-id kb-form-basic-style wp-block-kadence-advanced-form\"><form id=\"kb-adv-form-3769-cpt-id\" class=\"kb-advanced-form\" method=\"post\">\n<style>.wp-block-kadence-advancedheading.kt-adv-heading3767_3b8ffe-81, .wp-block-kadence-advancedheading.kt-adv-heading3767_3b8ffe-81[data-kb-block=\"kb-adv-heading3767_3b8ffe-81\"]{text-align:center;font-size:var(--global-kb-font-size-lg, 2rem);line-height:1.2;font-style:normal;}.wp-block-kadence-advancedheading.kt-adv-heading3767_3b8ffe-81 mark.kt-highlight, .wp-block-kadence-advancedheading.kt-adv-heading3767_3b8ffe-81[data-kb-block=\"kb-adv-heading3767_3b8ffe-81\"] mark.kt-highlight{font-style:normal;color:#f76a0c;-webkit-box-decoration-break:clone;box-decoration-break:clone;padding-top:0px;padding-right:0px;padding-bottom:0px;padding-left:0px;}.wp-block-kadence-advancedheading.kt-adv-heading3767_3b8ffe-81 img.kb-inline-image, .wp-block-kadence-advancedheading.kt-adv-heading3767_3b8ffe-81[data-kb-block=\"kb-adv-heading3767_3b8ffe-81\"] img.kb-inline-image{width:150px;vertical-align:baseline;}<\/style>\n<h2 class=\"kt-adv-heading3767_3b8ffe-81 wp-block-kadence-advancedheading has-theme-palette-3-color has-text-color\" data-kb-block=\"kb-adv-heading3767_3b8ffe-81\">Apply to our Professional Program<\/h2>\n\n\n<style>.kb-row-layout-id3767_ed44af-78 > .kt-row-column-wrap{align-content:start;}:where(.kb-row-layout-id3767_ed44af-78 > .kt-row-column-wrap) > .wp-block-kadence-column{justify-content:start;}.kb-row-layout-id3767_ed44af-78 > .kt-row-column-wrap{column-gap:var(--global-kb-gap-md, 2rem);row-gap:var(--global-kb-gap-md, 2rem);max-width:657px;margin-left:auto;margin-right:auto;padding-top:0px;padding-right:0px;padding-bottom:0px;padding-left:0px;grid-template-columns:minmax(0, 1fr);}.kb-row-layout-id3767_ed44af-78 > .kt-row-layout-overlay{opacity:0.30;}@media all and (max-width: 1024px){.kb-row-layout-id3767_ed44af-78 > .kt-row-column-wrap{grid-template-columns:minmax(0, 1fr);}}@media all and (max-width: 767px){.kb-row-layout-id3767_ed44af-78 > .kt-row-column-wrap{grid-template-columns:minmax(0, 1fr);}}<\/style><div class=\"kb-row-layout-wrap kb-row-layout-id3767_ed44af-78 alignnone wp-block-kadence-rowlayout\"><div class=\"kt-row-column-wrap kt-has-1-columns kt-row-layout-equal kt-tab-layout-inherit kt-mobile-layout-row kt-row-valign-top\">\n<style>.kadence-column3767_8f67ba-df > .kt-inside-inner-col{display:flex;}.kadence-column3767_8f67ba-df > .kt-inside-inner-col,.kadence-column3767_8f67ba-df > .kt-inside-inner-col:before{border-top-left-radius:0px;border-top-right-radius:0px;border-bottom-right-radius:0px;border-bottom-left-radius:0px;}.kadence-column3767_8f67ba-df > .kt-inside-inner-col{row-gap:6px;column-gap:var(--global-kb-gap-sm, 1rem);}.kadence-column3767_8f67ba-df > .kt-inside-inner-col{flex-direction:column;}.kadence-column3767_8f67ba-df > .kt-inside-inner-col > .aligncenter{width:100%;}.kadence-column3767_8f67ba-df > .kt-inside-inner-col:before{opacity:0.3;}.kadence-column3767_8f67ba-df{position:relative;}@media all and (max-width: 1024px){.kadence-column3767_8f67ba-df > .kt-inside-inner-col{flex-direction:column;justify-content:center;}}@media all and (max-width: 767px){.kadence-column3767_8f67ba-df > .kt-inside-inner-col{flex-direction:column;justify-content:center;}}<\/style>\n<div class=\"wp-block-kadence-column kadence-column3767_8f67ba-df\"><div class=\"kt-inside-inner-col\"><div class=\"kb-adv-form-field kb-adv-form-text-type-input kb-adv-form-infield-type-input kb-field3769029b97-fd wp-block-kadence-advanced-form-text\"><label class=\"kb-adv-form-label\" for=\"field3769029b97-fd\">First Name<span class=\"kb-adv-form-required\">*<\/span><\/label><input name=\"field029b97-fd\" id=\"field3769029b97-fd\" data-label=\"First Name\" type=\"text\" placeholder=\"\" value=\"\" data-type=\"text\" class=\"kb-field kb-text-field\" data-required=\"yes\" required aria-required=\"true\"\/><\/div>\n\n<div class=\"kb-adv-form-field kb-adv-form-text-type-input kb-adv-form-infield-type-input kb-field3769b8facc-93 wp-block-kadence-advanced-form-text\"><label class=\"kb-adv-form-label\" for=\"field3769b8facc-93\">Last Name<span class=\"kb-adv-form-required\">*<\/span><\/label><input name=\"fieldb8facc-93\" id=\"field3769b8facc-93\" data-label=\"Last Name\" type=\"text\" placeholder=\"\" value=\"\" data-type=\"text\" class=\"kb-field kb-text-field\" data-required=\"yes\" required aria-required=\"true\"\/><\/div>\n\n<div class=\"kb-adv-form-field kb-adv-form-infield-type-input kb-field3769beabde-46 wp-block-kadence-advanced-form-date\"><label class=\"kb-adv-form-label\" for=\"field3769beabde-46\">Date of Birth<span class=\"kb-adv-form-required\">*<\/span><\/label><input name=\"fieldbeabde-46\" id=\"field3769beabde-46\" data-label=\"Date of Birth\" type=\"date\" value=\"\" data-type=\"date\" class=\"kb-field kb-date-field\" data-required=\"yes\" required aria-required=\"true\"\/><\/div>\n\n<div class=\"kb-adv-form-field kb-adv-form-text-type-input kb-adv-form-infield-type-input kb-field376950d443-52 wp-block-kadence-advanced-form-text\"><label class=\"kb-adv-form-label\" for=\"field376950d443-52\">Country<span class=\"kb-adv-form-required\">*<\/span><\/label><input name=\"field50d443-52\" id=\"field376950d443-52\" data-label=\"Country\" type=\"text\" placeholder=\"\" value=\"\" data-type=\"text\" class=\"kb-field kb-text-field\" data-required=\"yes\" required aria-required=\"true\"\/><\/div>\n\n<div class=\"kb-adv-form-field kb-adv-form-text-type-input kb-adv-form-infield-type-input kb-field3769f4922f-33 wp-block-kadence-advanced-form-email\"><label class=\"kb-adv-form-label\" for=\"field3769f4922f-33\">Email<span class=\"kb-adv-form-required\">*<\/span><\/label><input name=\"fieldf4922f-33\" id=\"field3769f4922f-33\" data-label=\"Email\" type=\"email\" placeholder=\"\" value=\"\" data-type=\"email\" class=\"kb-field kb-email-field\" data-required=\"yes\" required aria-required=\"true\"\/><\/div>\n\n<div class=\"kb-adv-form-field kb-field37698a1350-cd wp-block-kadence-advanced-form-checkbox\"><fieldset class=\"kb-radio-check-item-wrap\" id=\"cb37698a1350-cd\" data-type=\"checkbox\" data-required=\"yes\" ><legend class=\"kb-adv-form-label\">Type of Profession (multiple options possible)<span class=\"kb-adv-form-required\">*<\/span><\/legend><div class=\"kb-radio-check-item\"><input class=\"kb-checkbox-style\" type=\"checkbox\"  id=\"field37698a1350-cd_0\" name=\"field8a1350-cd[]\" value=\"Snowboard Instructor\"><label for=\"field37698a1350-cd_0\">Snowboard Instructor<\/label><\/div><div class=\"kb-radio-check-item\"><input class=\"kb-checkbox-style\" type=\"checkbox\"  id=\"field37698a1350-cd_1\" name=\"field8a1350-cd[]\" value=\"Ski Instructor\"><label for=\"field37698a1350-cd_1\">Ski Instructor<\/label><\/div><div class=\"kb-radio-check-item\"><input class=\"kb-checkbox-style\" type=\"checkbox\"  id=\"field37698a1350-cd_2\" name=\"field8a1350-cd[]\" value=\"Mountain Guide\"><label for=\"field37698a1350-cd_2\">Mountain Guide<\/label><\/div><div class=\"kb-radio-check-item\"><input class=\"kb-checkbox-style\" type=\"checkbox\"  id=\"field37698a1350-cd_3\" name=\"field8a1350-cd[]\" value=\"Park Shaper\"><label for=\"field37698a1350-cd_3\">Park Shaper<\/label><\/div><\/fieldset><\/div>\n\n<div class=\"kb-adv-form-field kb-adv-form-text-type-input kb-adv-form-infield-type-input kb-field3769b2eb59-fd wp-block-kadence-advanced-form-text\"><label class=\"kb-adv-form-label\" for=\"field3769b2eb59-fd\">Highest Qualification<span class=\"kb-adv-form-required\">*<\/span><\/label><input name=\"fieldb2eb59-fd\" id=\"field3769b2eb59-fd\" aria-describedby=\"aria-describe3769b2eb59-fd\" data-label=\"Highest Qualification\" type=\"text\" placeholder=\"\" value=\"\" data-type=\"text\" class=\"kb-field kb-text-field\" data-required=\"yes\" required aria-required=\"true\"\/><div class=\"kb-adv-form-help\" id=\"aria-describe3769b2eb59-fd\">e.g. Anw\u00e4rter, Landeslehrer, Skif\u00fchrer, Mountain Guide\/Bergf\u00fchrer, BASI\/CASI level 1\/2\/3\/4<\/div><\/div>\n\n<div class=\"kb-adv-form-field kb-adv-form-file-type-input kb-adv-form-infield-type-input kb-field376927fd6d-38 wp-block-kadence-advanced-form-file\"><label class=\"kb-adv-form-label\" for=\"field376927fd6d-38\">Proof of Qualification<span class=\"kb-adv-form-required\">*<\/span><\/label><input name=\"field27fd6d-38\" id=\"field376927fd6d-38\" aria-describedby=\"aria-describe376927fd6d-38\" data-label=\"Proof of Qualification\" type=\"file\" placeholder=\"\" value=\"\" data-type=\"file\" class=\"kb-field kb-file-field\" data-required=\"yes\" required aria-required=\"true\"\/><div class=\"kb-adv-form-help\" id=\"aria-describe376927fd6d-38\">Upload the certificate proving your highest qualification (e.g. a certificate of you passing the Snowboard Landeslehrer course).<\/div><\/div>\n\n<div class=\"kb-adv-form-field kb-adv-form-file-type-input kb-adv-form-infield-type-input kb-field3769833694-af wp-block-kadence-advanced-form-file\"><label class=\"kb-adv-form-label\" for=\"field3769833694-af\">Proof of Employment<span class=\"kb-adv-form-required\">*<\/span><\/label><input name=\"field833694-af\" id=\"field3769833694-af\" aria-describedby=\"aria-describe3769833694-af\" data-label=\"Proof of Employment\" type=\"file\" placeholder=\"\" value=\"\" data-type=\"file\" class=\"kb-field kb-file-field\" data-required=\"yes\" required aria-required=\"true\"\/><div class=\"kb-adv-form-help\" id=\"aria-describe3769833694-af\">Upload a proof of your employment for the current winter season.<\/div><\/div>\n\n<div class=\"kb-adv-form-field kb-adv-form-text-type-input kb-adv-form-infield-type-input kb-field376990b1b4-c4 wp-block-kadence-advanced-form-textarea\"><label class=\"kb-adv-form-label\" for=\"field376990b1b4-c4\">Message<\/label><textarea name=\"field90b1b4-c4\" id=\"field376990b1b4-c4\" rows=\"3\"  data-label=\"Message\" placeholder=\"\" data-type=\"textarea\" class=\"kb-field kb-textarea-field\" data-required=\"no\" ><\/textarea><\/div>\n\n<div class=\"kb-adv-form-field kb-field37698bf98a-1f wp-block-kadence-advanced-form-checkbox\"><fieldset class=\"kb-radio-check-item-wrap\" id=\"cb37698bf98a-1f\" data-type=\"checkbox\" data-required=\"yes\" ><legend class=\"kb-adv-form-label\">While being part of the professional program you agree that we send you e-mails with special offers that are part of the program and general product updates (don&#8217;t worry we won&#8217;t spam you and are talking about a few e-mails per season) <span class=\"kb-adv-form-required\">*<\/span><\/legend><div class=\"kb-radio-check-item\"><input class=\"kb-checkbox-style\" type=\"checkbox\"  id=\"field37698bf98a-1f_0\" name=\"field8bf98a-1f[]\" value=\"I agree\"><label for=\"field37698bf98a-1f_0\">I agree<\/label><\/div><\/fieldset><\/div>\n\n<div class=\"kb-adv-form-field kb-field37693f4ae2-c0 wp-block-kadence-advanced-form-checkbox\"><fieldset class=\"kb-radio-check-item-wrap\" id=\"cb37693f4ae2-c0\" data-type=\"checkbox\" data-required=\"yes\" ><legend class=\"kb-adv-form-label\">Your data will be handled according to our <a rel=\"noreferrer noopener\" href=\"https:\/\/mox-optics.com\/privacy-policy\/\" target=\"_blank\">privacy policy<\/a>. <span class=\"kb-adv-form-required\">*<\/span><\/legend><div class=\"kb-radio-check-item\"><input class=\"kb-checkbox-style\" type=\"checkbox\"  id=\"field37693f4ae2-c0_0\" name=\"field3f4ae2-c0[]\" value=\"I agree\"><label for=\"field37693f4ae2-c0_0\">I agree<\/label><\/div><\/fieldset><\/div>\n\n<style>ul.menu .kb-submit-field .kb-btn7baaed-2d.kb-button{width:initial;}.kb-submit-field .kb-btn7baaed-2d.kb-button{margin-top:var(--global-kb-spacing-xs, 1rem);}.kb-submit-field.kb-field7baaed-2d{justify-content:flex-start;}<\/style><div class=\"kb-adv-form-field kb-submit-field kb-field7baaed-2d wp-block-kadence-advanced-form-submit\"><button class=\"kb-button kt-button button kb-adv-form-submit-button kb-btn7baaed-2d kt-btn-size-standard kt-btn-width-type-auto kb-btn-global-fill kt-btn-has-text-true kt-btn-has-svg-false\" type=\"submit\"><span class=\"kt-btn-inner-text\">Submit<\/span><\/button><\/div><\/div><\/div>\n\n<\/div><\/div>\n<input type=\"hidden\" name=\"_kb_adv_form_post_id\" value=\"3769\"><input type=\"hidden\" name=\"action\" value=\"kb_process_advanced_form_submit\"><input type=\"hidden\" name=\"_kb_adv_form_id\" value=\"3769-cpt-id\"><\/form><\/div>","protected":false},"excerpt":{"rendered":"<p>Das Ultimative Angebot f\u00fcr die Ultimativen Wintersport-Profis Wir bei MOX optics haben eine Leidenschaft f\u00fcr den Schneesport und m\u00f6chten daher die Profis unterst\u00fctzen, die unsere Leidenschaft teilen und andere dazu inspirieren, die Pisten zu genie\u00dfen. Deshalb haben wir das MOX-Professional-Program ins Leben gerufen, ein spezielles Angebot f\u00fcr Snowboardlehrer, Skilehrer, Bergf\u00fchrer und Parkshaper. Das MOX-Professional-Program erm\u00f6glicht&#8230;<\/p>\n","protected":false},"author":4,"featured_media":0,"parent":0,"menu_order":0,"comment_status":"closed","ping_status":"closed","template":"","meta":{"_kadence_starter_templates_imported_post":false,"_kad_post_transparent":"","_kad_post_title":"hide","_kad_post_layout":"","_kad_post_sidebar_id":"","_kad_post_content_style":"unboxed","_kad_post_vertical_padding":"bottom","_kad_post_feature":"","_kad_post_feature_position":"","_kad_post_header":false,"_kad_post_footer":false,"_kad_post_classname":"","footnotes":""},"categories":[],"tags":[],"class_list":["post-4613","page","type-page","status-publish","hentry"],"_links":{"self":[{"href":"https:\/\/mox-optics.com\/de\/wp-json\/wp\/v2\/pages\/4613","targetHints":{"allow":["GET"]}}],"collection":[{"href":"https:\/\/mox-optics.com\/de\/wp-json\/wp\/v2\/pages"}],"about":[{"href":"https:\/\/mox-optics.com\/de\/wp-json\/wp\/v2\/types\/page"}],"author":[{"embeddable":true,"href":"https:\/\/mox-optics.com\/de\/wp-json\/wp\/v2\/users\/4"}],"replies":[{"embeddable":true,"href":"https:\/\/mox-optics.com\/de\/wp-json\/wp\/v2\/comments?post=4613"}],"version-history":[{"count":11,"href":"https:\/\/mox-optics.com\/de\/wp-json\/wp\/v2\/pages\/4613\/revisions"}],"predecessor-version":[{"id":9517,"href":"https:\/\/mox-optics.com\/de\/wp-json\/wp\/v2\/pages\/4613\/revisions\/9517"}],"wp:attachment":[{"href":"https:\/\/mox-optics.com\/de\/wp-json\/wp\/v2\/media?parent=4613"}],"wp:term":[{"taxonomy":"category","embeddable":true,"href":"https:\/\/mox-optics.com\/de\/wp-json\/wp\/v2\/categories?post=4613"},{"taxonomy":"post_tag","embeddable":true,"href":"https:\/\/mox-optics.com\/de\/wp-json\/wp\/v2\/tags?post=4613"}],"curies":[{"name":"wp","href":"https:\/\/api.w.org\/{rel}","templated":true}]}}