{"id":7986,"date":"2023-11-21T19:16:38","date_gmt":"2023-11-21T18:16:38","guid":{"rendered":"https:\/\/mox-optics.com\/willkommen-in-der-mox-community\/"},"modified":"2024-01-03T17:57:17","modified_gmt":"2024-01-03T16:57:17","slug":"willkommen-in-der-mox-community","status":"publish","type":"page","link":"https:\/\/mox-optics.com\/de\/willkommen-in-der-mox-community\/","title":{"rendered":"Willkommen in der MOX-Community"},"content":{"rendered":"\n<p>Vielen Dank, dass du dich in eine unserer Mailinglisten eingetragen hast und dich der MOX-Community angeschlossen hast! Denken Sie daran, dass Sie jederzeit Ihre Einstellungen \u00e4ndern oder den Newsletter abbestellen k\u00f6nnen via die Der Link zur Abonnement-Verwaltungs-Seite ist nur f\u00fcr Abonnenten einer Mailingliste verf\u00fcgbar..<\/p>\n","protected":false},"excerpt":{"rendered":"<p>Vielen Dank, dass du dich in eine unserer Mailinglisten eingetragen hast und dich der MOX-Community angeschlossen hast! Denken Sie daran, dass Sie jederzeit Ihre Einstellungen \u00e4ndern oder den Newsletter abbestellen k\u00f6nnen via die .<\/p>\n","protected":false},"author":3,"featured_media":0,"parent":0,"menu_order":0,"comment_status":"closed","ping_status":"closed","template":"","meta":{"_kadence_starter_templates_imported_post":false,"_kad_post_transparent":"","_kad_post_title":"","_kad_post_layout":"","_kad_post_sidebar_id":"","_kad_post_content_style":"","_kad_post_vertical_padding":"","_kad_post_feature":"","_kad_post_feature_position":"","_kad_post_header":false,"_kad_post_footer":false,"_kad_post_classname":"","footnotes":""},"categories":[],"tags":[],"class_list":["post-7986","page","type-page","status-publish","hentry"],"_links":{"self":[{"href":"https:\/\/mox-optics.com\/de\/wp-json\/wp\/v2\/pages\/7986","targetHints":{"allow":["GET"]}}],"collection":[{"href":"https:\/\/mox-optics.com\/de\/wp-json\/wp\/v2\/pages"}],"about":[{"href":"https:\/\/mox-optics.com\/de\/wp-json\/wp\/v2\/types\/page"}],"author":[{"embeddable":true,"href":"https:\/\/mox-optics.com\/de\/wp-json\/wp\/v2\/users\/3"}],"replies":[{"embeddable":true,"href":"https:\/\/mox-optics.com\/de\/wp-json\/wp\/v2\/comments?post=7986"}],"version-history":[{"count":1,"href":"https:\/\/mox-optics.com\/de\/wp-json\/wp\/v2\/pages\/7986\/revisions"}],"predecessor-version":[{"id":7987,"href":"https:\/\/mox-optics.com\/de\/wp-json\/wp\/v2\/pages\/7986\/revisions\/7987"}],"wp:attachment":[{"href":"https:\/\/mox-optics.com\/de\/wp-json\/wp\/v2\/media?parent=7986"}],"wp:term":[{"taxonomy":"category","embeddable":true,"href":"https:\/\/mox-optics.com\/de\/wp-json\/wp\/v2\/categories?post=7986"},{"taxonomy":"post_tag","embeddable":true,"href":"https:\/\/mox-optics.com\/de\/wp-json\/wp\/v2\/tags?post=7986"}],"curies":[{"name":"wp","href":"https:\/\/api.w.org\/{rel}","templated":true}]}}