{"id":12386,"date":"2025-05-08T14:13:49","date_gmt":"2025-05-08T12:13:49","guid":{"rendered":"https:\/\/mox-optics.com\/?post_type=product&#038;p=12386"},"modified":"2026-03-23T22:05:10","modified_gmt":"2026-03-23T21:05:10","slug":"lumora-lens-nebula-blue","status":"publish","type":"product","link":"https:\/\/mox-optics.com\/de\/produkt\/lumora-lens-nebula-blue\/","title":{"rendered":"Lumora Lens &#8211; Nebula Blue"},"content":{"rendered":"<h3>Eigenschaften<\/h3>\n<ul>\n<li><strong>Retinex Technologie<\/strong>: Verbessert Kontraste und das Tiefenempfinden \u2013 perfekt, um Gel\u00e4nde\u00e4nderungen und Hindernisse fr\u00fchzeitig zu erkennen.<\/li>\n<li><strong>UV400-Schutz<\/strong>: Blockiert 100\u202f% der UV-A- und UV-B-Strahlung bis 400\u202fnm \u2013 auch in gro\u00dfen H\u00f6hen.<\/li>\n<li><strong>Spritzgegossenes Glas<\/strong>: Unser hochwertiges Spritzgussverfahren erm\u00f6glicht ein verzerrungsfreies Sichtfeld.<\/li>\n<li><strong>Polycarbonat Material<\/strong>: Alle Gl\u00e4ser sind aus Polycarbonat gefertigt, wodurch sie robust, sicher und flexibel sind.<\/li>\n<li><strong>Zus\u00e4tzliches T\u00e4schchen<\/strong>: Zu unseren Wechselgl\u00e4sern erh\u00e4ltst du ein gratis S\u00e4ckchen, welches sicherstellt, dass dein Glas w\u00e4hrend des Transports nicht besch\u00e4digt wird.<\/li>\n<\/ul>\n","protected":false},"excerpt":{"rendered":"<p>Dies ist ein Ersatzglas f\u00fcr die <a href=\"https:\/\/mox-optics.com\/de\/produkt-kategorie\/sonnenbrillen\/\">MOX Lumora Sonnenbrille<\/a>. Perfekt, um dich an wechselnde Wetterbedingungen anzupassen, deinen Style zu variieren oder einfach ein Ersatzglas zur Hand zu haben.<\/p>\n<p>Das Nebula Blue Glas hat einen VLT von 44% und liefert optimale Leistung bei schwachem Tageslicht und im Wald, kann aber auch bei m\u00e4\u00dfigem Tageslicht und starker Bew\u00f6lkung verwendet werden.<\/p>\n<p><img decoding=\"async\" class=\"aligncenter wp-image-3830 size-full lazyload\" data-src=\"https:\/\/mox-optics.com\/wp-content\/uploads\/lens-charts\/sunglasses\/graph_summer_nebula_blue_lens_only.webp\" alt=\"Ein Diagramm, das die Leistung des Glases in verschiedenen Arten von Wetterbedingungen zeigt.\" src=\"data:image\/svg+xml;base64,PHN2ZyB3aWR0aD0iMSIgaGVpZ2h0PSIxIiB4bWxucz0iaHR0cDovL3d3dy53My5vcmcvMjAwMC9zdmciPjwvc3ZnPg==\" style=\"--smush-placeholder-width: 400px; --smush-placeholder-aspect-ratio: 400\/149;\" \/><br \/>\nLies unseren <a href=\"https:\/\/mox-optics.com\/de\/support\/sonnenbrillen-glaeser-guide\/\">Gl\u00e4ser Guide<\/a>, um herauszufinden, welches Glas am besten zu den Bedingungen deiner Outdoor-Aktivit\u00e4t passt.<\/p>\n<p><img decoding=\"async\" data-src=\"https:\/\/mox-optics.com\/wp-content\/uploads\/2024\/09\/1ftp_Primary_Horizontal_FullColor_106.webp\" alt=\"1% for the Planet Logo\" src=\"data:image\/svg+xml;base64,PHN2ZyB3aWR0aD0iMSIgaGVpZ2h0PSIxIiB4bWxucz0iaHR0cDovL3d3dy53My5vcmcvMjAwMC9zdmciPjwvc3ZnPg==\" class=\"lazyload\" style=\"--smush-placeholder-width: 106px; --smush-placeholder-aspect-ratio: 106\/45;\" \/><\/p>\n","protected":false},"featured_media":12718,"comment_status":"open","ping_status":"closed","template":"","meta":{"_kadence_starter_templates_imported_post":false,"_kad_post_transparent":"","_kad_post_title":"","_kad_post_layout":"","_kad_post_sidebar_id":"","_kad_post_content_style":"","_kad_post_vertical_padding":"","_kad_post_feature":"","_kad_post_feature_position":"","_kad_post_header":false,"_kad_post_footer":false,"_kad_post_classname":""},"product_brand":[],"product_cat":[285],"product_tag":[263],"class_list":{"0":"post-12386","1":"product","2":"type-product","3":"status-publish","4":"has-post-thumbnail","6":"product_cat-sonnenbrillenglaser","7":"product_tag-lang-de","8":"product_shipping_class-kostenloser-versand","10":"first","11":"instock","12":"taxable","13":"shipping-taxable","14":"purchasable","15":"product-type-simple","16":"entry","17":"content-bg","18":"loop-entry"},"bundled_by":[],"bundle_stock_status":"instock","bundle_stock_quantity":147,"bundle_virtual":false,"bundle_layout":"","bundle_add_to_cart_form_location":"","bundle_editable_in_cart":false,"bundle_sold_individually_context":"","bundle_item_grouping":"","bundle_min_size":"","bundle_max_size":"","bundle_price":[],"bundled_items":[],"bundle_sell_ids":[],"gallery_images":[],"_links":{"self":[{"href":"https:\/\/mox-optics.com\/de\/wp-json\/wp\/v2\/product\/12386","targetHints":{"allow":["GET"]}}],"collection":[{"href":"https:\/\/mox-optics.com\/de\/wp-json\/wp\/v2\/product"}],"about":[{"href":"https:\/\/mox-optics.com\/de\/wp-json\/wp\/v2\/types\/product"}],"replies":[{"embeddable":true,"href":"https:\/\/mox-optics.com\/de\/wp-json\/wp\/v2\/comments?post=12386"}],"wp:featuredmedia":[{"embeddable":true,"href":"https:\/\/mox-optics.com\/de\/wp-json\/wp\/v2\/media\/12718"}],"wp:attachment":[{"href":"https:\/\/mox-optics.com\/de\/wp-json\/wp\/v2\/media?parent=12386"}],"wp:term":[{"taxonomy":"product_brand","embeddable":true,"href":"https:\/\/mox-optics.com\/de\/wp-json\/wp\/v2\/product_brand?post=12386"},{"taxonomy":"product_cat","embeddable":true,"href":"https:\/\/mox-optics.com\/de\/wp-json\/wp\/v2\/product_cat?post=12386"},{"taxonomy":"product_tag","embeddable":true,"href":"https:\/\/mox-optics.com\/de\/wp-json\/wp\/v2\/product_tag?post=12386"}],"curies":[{"name":"wp","href":"https:\/\/api.w.org\/{rel}","templated":true}]}}