{"id":12540,"date":"2025-05-15T15:50:54","date_gmt":"2025-05-15T13:50:54","guid":{"rendered":"https:\/\/mox-optics.com\/?post_type=product&#038;p=12540"},"modified":"2026-03-16T06:23:53","modified_gmt":"2026-03-16T05:23:53","slug":"optical-insert-frame","status":"publish","type":"product","link":"https:\/\/mox-optics.com\/de\/produkt\/optical-insert-frame\/","title":{"rendered":"Lumora Optischer Brilleneinsatz"},"content":{"rendered":"","protected":false},"excerpt":{"rendered":"<p>Du brauchst Korrekturgl\u00e4ser f\u00fcr deine MOX-Sonnenbrille? Mit dem MOX Optischen Brilleneinsatz genie\u00dft du klare Sicht \u2013 ganz ohne Kompromisse bei Komfort oder Performance. Der leichte Einsatz sitzt sicher hinter den Gl\u00e4sern der kompatiblen MOX-Sonnenbrille und h\u00e4lt individuell angefertigte Korrekturgl\u00e4ser vom Optiker.<\/p>\n<ul>\n<li>Kompatibel mit der <a href=\"https:\/\/mox-optics.com\/de\/produkt\/lumora-ice-blue\/\">MOX Lumora<\/a><\/li>\n<li>F\u00fcr Korrekturgl\u00e4ser (Einpassung durch einen qualifizierten Optiker)<\/li>\n<li>Einfaches Einsetzen und Entfernen<\/li>\n<li>Leicht und unauff\u00e4llig<\/li>\n<li><b>Hinweis:<\/b> Korrekturgl\u00e4ser nicht enthalten<\/li>\n<\/ul>\n","protected":false},"featured_media":12736,"comment_status":"open","ping_status":"closed","template":"","meta":{"_kadence_starter_templates_imported_post":false,"_kad_post_transparent":"default","_kad_post_title":"","_kad_post_layout":"default","_kad_post_sidebar_id":"","_kad_post_content_style":"default","_kad_post_vertical_padding":"default","_kad_post_feature":"","_kad_post_feature_position":"","_kad_post_header":false,"_kad_post_footer":false,"_kad_post_classname":""},"product_brand":[],"product_cat":[307,298],"product_tag":[263],"class_list":{"0":"post-12540","1":"product","2":"type-product","3":"status-publish","4":"has-post-thumbnail","6":"product_cat-optischer-brilleneinsatz","7":"product_cat-sonnenbrillenzubehor","8":"product_tag-lang-de","9":"product_shipping_class-briefpaket","11":"first","12":"instock","13":"taxable","14":"shipping-taxable","15":"purchasable","16":"product-type-simple","17":"entry","18":"content-bg","19":"loop-entry"},"bundled_by":[],"bundle_stock_status":"instock","bundle_stock_quantity":153,"bundle_virtual":false,"bundle_layout":"","bundle_add_to_cart_form_location":"","bundle_editable_in_cart":false,"bundle_sold_individually_context":"","bundle_item_grouping":"","bundle_min_size":"","bundle_max_size":"","bundle_price":[],"bundled_items":[],"bundle_sell_ids":[],"gallery_images":[12732,12733],"_links":{"self":[{"href":"https:\/\/mox-optics.com\/de\/wp-json\/wp\/v2\/product\/12540","targetHints":{"allow":["GET"]}}],"collection":[{"href":"https:\/\/mox-optics.com\/de\/wp-json\/wp\/v2\/product"}],"about":[{"href":"https:\/\/mox-optics.com\/de\/wp-json\/wp\/v2\/types\/product"}],"replies":[{"embeddable":true,"href":"https:\/\/mox-optics.com\/de\/wp-json\/wp\/v2\/comments?post=12540"}],"wp:featuredmedia":[{"embeddable":true,"href":"https:\/\/mox-optics.com\/de\/wp-json\/wp\/v2\/media\/12736"}],"wp:attachment":[{"href":"https:\/\/mox-optics.com\/de\/wp-json\/wp\/v2\/media?parent=12540"}],"wp:term":[{"taxonomy":"product_brand","embeddable":true,"href":"https:\/\/mox-optics.com\/de\/wp-json\/wp\/v2\/product_brand?post=12540"},{"taxonomy":"product_cat","embeddable":true,"href":"https:\/\/mox-optics.com\/de\/wp-json\/wp\/v2\/product_cat?post=12540"},{"taxonomy":"product_tag","embeddable":true,"href":"https:\/\/mox-optics.com\/de\/wp-json\/wp\/v2\/product_tag?post=12540"}],"curies":[{"name":"wp","href":"https:\/\/api.w.org\/{rel}","templated":true}]}}