{"id":12745,"date":"2025-05-22T16:51:31","date_gmt":"2025-05-22T14:51:31","guid":{"rendered":"https:\/\/mox-optics.com\/?post_type=product&#038;p=12745"},"modified":"2026-03-16T06:23:54","modified_gmt":"2026-03-16T05:23:54","slug":"lumora-grip-cord","status":"publish","type":"product","link":"https:\/\/mox-optics.com\/de\/produkt\/lumora-grip-cord\/","title":{"rendered":"Grip Cord"},"content":{"rendered":"","protected":false},"excerpt":{"rendered":"<p>Ob du nun mit dem Bike den Downhill-Trail runtersaust oder mit dem Kajak durch Wildwasser paddelst \u2013 die MOX Grip Cord h\u00e4lt deine Sonnenbrille sicher an Ort und Stelle. Die griffigen Gummischl\u00e4uche sitzen fest an den B\u00fcgeln deiner Sonnenbrille und sorgen daf\u00fcr, dass sie selbst bei viel Bewegung nicht verrutscht. Mit dem Verstellst\u00fcck kannst du das Band individuell an deinen Kopf anpassen.<\/p>\n<ul>\n<li>Ideal f\u00fcr dynamische Sportarten und Wassersport<\/li>\n<li>Kompatibel mit der <a href=\"https:\/\/mox-optics.com\/de\/produkt\/lumora-ice-blue\/\">MOX Lumora<\/a><\/li>\n<li>L\u00e4ngenverstellbar f\u00fcr einen sicheren Sitz<\/li>\n<li>Rutschfeste Gummischl\u00e4uche f\u00fcr festen Halt<\/li>\n<li>Leicht und robust<\/li>\n<\/ul>\n<p>Denn mitten im Abenteuer deine Sonnenbrille zu verlieren, ist keine Option.<\/p>\n","protected":false},"featured_media":12743,"comment_status":"open","ping_status":"closed","template":"","meta":{"_kadence_starter_templates_imported_post":false,"_kad_post_transparent":"","_kad_post_title":"","_kad_post_layout":"","_kad_post_sidebar_id":"","_kad_post_content_style":"","_kad_post_vertical_padding":"","_kad_post_feature":"","_kad_post_feature_position":"","_kad_post_header":false,"_kad_post_footer":false,"_kad_post_classname":""},"product_brand":[],"product_cat":[298],"product_tag":[263],"class_list":{"0":"post-12745","1":"product","2":"type-product","3":"status-publish","4":"has-post-thumbnail","6":"product_cat-sonnenbrillenzubehor","7":"product_tag-lang-de","8":"product_shipping_class-briefpaket","10":"first","11":"instock","12":"taxable","13":"shipping-taxable","14":"purchasable","15":"product-type-simple","16":"entry","17":"content-bg","18":"loop-entry"},"bundled_by":[],"bundle_stock_status":"instock","bundle_stock_quantity":70,"bundle_virtual":false,"bundle_layout":"","bundle_add_to_cart_form_location":"","bundle_editable_in_cart":false,"bundle_sold_individually_context":"","bundle_item_grouping":"","bundle_min_size":"","bundle_max_size":"","bundle_price":[],"bundled_items":[],"bundle_sell_ids":[],"gallery_images":[12738,12739],"_links":{"self":[{"href":"https:\/\/mox-optics.com\/de\/wp-json\/wp\/v2\/product\/12745","targetHints":{"allow":["GET"]}}],"collection":[{"href":"https:\/\/mox-optics.com\/de\/wp-json\/wp\/v2\/product"}],"about":[{"href":"https:\/\/mox-optics.com\/de\/wp-json\/wp\/v2\/types\/product"}],"replies":[{"embeddable":true,"href":"https:\/\/mox-optics.com\/de\/wp-json\/wp\/v2\/comments?post=12745"}],"wp:featuredmedia":[{"embeddable":true,"href":"https:\/\/mox-optics.com\/de\/wp-json\/wp\/v2\/media\/12743"}],"wp:attachment":[{"href":"https:\/\/mox-optics.com\/de\/wp-json\/wp\/v2\/media?parent=12745"}],"wp:term":[{"taxonomy":"product_brand","embeddable":true,"href":"https:\/\/mox-optics.com\/de\/wp-json\/wp\/v2\/product_brand?post=12745"},{"taxonomy":"product_cat","embeddable":true,"href":"https:\/\/mox-optics.com\/de\/wp-json\/wp\/v2\/product_cat?post=12745"},{"taxonomy":"product_tag","embeddable":true,"href":"https:\/\/mox-optics.com\/de\/wp-json\/wp\/v2\/product_tag?post=12745"}],"curies":[{"name":"wp","href":"https:\/\/api.w.org\/{rel}","templated":true}]}}