{"id":4369,"date":"2023-09-16T16:54:22","date_gmt":"2023-09-16T14:54:22","guid":{"rendered":"https:\/\/mox-optics.com\/?post_type=product&#038;p=4369"},"modified":"2026-03-31T22:00:59","modified_gmt":"2026-03-31T20:00:59","slug":"skibrilleschutzhuelle-funky-mountains-2","status":"publish","type":"product","link":"https:\/\/mox-optics.com\/de\/produkt\/skibrilleschutzhuelle-funky-mountains-2\/","title":{"rendered":"Skibrillen-Cover &#8211; Funky Mountains"},"content":{"rendered":"","protected":false},"excerpt":{"rendered":"<p>Genervt davon, dass deine wertvolle Skibrille in der Gondel, Warteschlange, im Bus oder beim Apr\u00e8s-Ski zerkratzt wird?<br \/>\nDann ist das MOX Skibrillen-Cover  die perfekte L\u00f6sung f\u00fcr dich!<br \/>\nSie ist darauf ausgelegt, deine Brille zu sch\u00fctzen und kann schnell \u00fcber deine Brille gezogen werden, w\u00e4hrend sie immer noch auf deinem Kopf sitzt.<\/p>\n","protected":false},"featured_media":4363,"comment_status":"open","ping_status":"closed","template":"","meta":{"_kadence_starter_templates_imported_post":false,"_kad_post_transparent":"default","_kad_post_title":"","_kad_post_layout":"default","_kad_post_sidebar_id":"","_kad_post_content_style":"default","_kad_post_vertical_padding":"default","_kad_post_feature":"","_kad_post_feature_position":"","_kad_post_header":false,"_kad_post_footer":false,"_kad_post_classname":""},"product_brand":[],"product_cat":[227,97],"product_tag":[263],"class_list":{"0":"post-4369","1":"product","2":"type-product","3":"status-publish","4":"has-post-thumbnail","6":"product_cat-skibrillen-cover","7":"product_cat-zubehoer","8":"product_tag-lang-de","9":"product_shipping_class-briefpaket","11":"first","12":"instock","13":"taxable","14":"shipping-taxable","15":"purchasable","16":"product-type-simple","17":"entry","18":"content-bg","19":"loop-entry"},"bundled_by":[],"bundle_stock_status":"instock","bundle_stock_quantity":42,"bundle_virtual":false,"bundle_layout":"","bundle_add_to_cart_form_location":"","bundle_editable_in_cart":false,"bundle_sold_individually_context":"","bundle_item_grouping":"","bundle_min_size":"","bundle_max_size":"","bundle_price":[],"bundled_items":[],"bundle_sell_ids":[],"gallery_images":[4364],"_links":{"self":[{"href":"https:\/\/mox-optics.com\/de\/wp-json\/wp\/v2\/product\/4369","targetHints":{"allow":["GET"]}}],"collection":[{"href":"https:\/\/mox-optics.com\/de\/wp-json\/wp\/v2\/product"}],"about":[{"href":"https:\/\/mox-optics.com\/de\/wp-json\/wp\/v2\/types\/product"}],"replies":[{"embeddable":true,"href":"https:\/\/mox-optics.com\/de\/wp-json\/wp\/v2\/comments?post=4369"}],"wp:featuredmedia":[{"embeddable":true,"href":"https:\/\/mox-optics.com\/de\/wp-json\/wp\/v2\/media\/4363"}],"wp:attachment":[{"href":"https:\/\/mox-optics.com\/de\/wp-json\/wp\/v2\/media?parent=4369"}],"wp:term":[{"taxonomy":"product_brand","embeddable":true,"href":"https:\/\/mox-optics.com\/de\/wp-json\/wp\/v2\/product_brand?post=4369"},{"taxonomy":"product_cat","embeddable":true,"href":"https:\/\/mox-optics.com\/de\/wp-json\/wp\/v2\/product_cat?post=4369"},{"taxonomy":"product_tag","embeddable":true,"href":"https:\/\/mox-optics.com\/de\/wp-json\/wp\/v2\/product_tag?post=4369"}],"curies":[{"name":"wp","href":"https:\/\/api.w.org\/{rel}","templated":true}]}}