{"id":4373,"date":"2023-09-16T17:30:44","date_gmt":"2023-09-16T15:30:44","guid":{"rendered":"https:\/\/mox-optics.com\/?post_type=product&#038;p=4373"},"modified":"2026-03-26T13:50:35","modified_gmt":"2026-03-26T12:50:35","slug":"skibrilleschutzhuelle-funky-mountains","status":"publish","type":"product","link":"https:\/\/mox-optics.com\/de\/produkt\/skibrilleschutzhuelle-funky-mountains\/","title":{"rendered":"Skibrillen-Cover &#8211; Aurora"},"content":{"rendered":"","protected":false},"excerpt":{"rendered":"<p>Genervt davon, dass deine wertvolle Skibrille in der Gondel, Warteschlange, im Bus oder beim Apr\u00e8s-Ski zerkratzt wird?<br \/>\nDann ist das MOX Skibrillen-Cover  die perfekte L\u00f6sung f\u00fcr dich!<br \/>\nSie ist darauf ausgelegt, deine Brille zu sch\u00fctzen und kann schnell \u00fcber deine Brille gezogen werden, w\u00e4hrend sie immer noch auf deinem Kopf sitzt.<\/p>\n","protected":false},"featured_media":4376,"comment_status":"open","ping_status":"closed","template":"","meta":{"_kadence_starter_templates_imported_post":false,"_kad_post_transparent":"default","_kad_post_title":"","_kad_post_layout":"default","_kad_post_sidebar_id":"","_kad_post_content_style":"default","_kad_post_vertical_padding":"default","_kad_post_feature":"","_kad_post_feature_position":"","_kad_post_header":false,"_kad_post_footer":false,"_kad_post_classname":""},"product_brand":[],"product_cat":[227,97],"product_tag":[263],"class_list":{"0":"post-4373","1":"product","2":"type-product","3":"status-publish","4":"has-post-thumbnail","6":"product_cat-skibrillen-cover","7":"product_cat-zubehoer","8":"product_tag-lang-de","9":"product_shipping_class-briefpaket","11":"first","12":"outofstock","13":"taxable","14":"shipping-taxable","15":"purchasable","16":"product-type-simple","17":"entry","18":"content-bg","19":"loop-entry"},"bundled_by":[],"bundle_stock_status":"outofstock","bundle_stock_quantity":0,"bundle_virtual":false,"bundle_layout":"","bundle_add_to_cart_form_location":"","bundle_editable_in_cart":false,"bundle_sold_individually_context":"","bundle_item_grouping":"","bundle_min_size":"","bundle_max_size":"","bundle_price":[],"bundled_items":[],"bundle_sell_ids":[],"gallery_images":[4377],"_links":{"self":[{"href":"https:\/\/mox-optics.com\/de\/wp-json\/wp\/v2\/product\/4373","targetHints":{"allow":["GET"]}}],"collection":[{"href":"https:\/\/mox-optics.com\/de\/wp-json\/wp\/v2\/product"}],"about":[{"href":"https:\/\/mox-optics.com\/de\/wp-json\/wp\/v2\/types\/product"}],"replies":[{"embeddable":true,"href":"https:\/\/mox-optics.com\/de\/wp-json\/wp\/v2\/comments?post=4373"}],"wp:featuredmedia":[{"embeddable":true,"href":"https:\/\/mox-optics.com\/de\/wp-json\/wp\/v2\/media\/4376"}],"wp:attachment":[{"href":"https:\/\/mox-optics.com\/de\/wp-json\/wp\/v2\/media?parent=4373"}],"wp:term":[{"taxonomy":"product_brand","embeddable":true,"href":"https:\/\/mox-optics.com\/de\/wp-json\/wp\/v2\/product_brand?post=4373"},{"taxonomy":"product_cat","embeddable":true,"href":"https:\/\/mox-optics.com\/de\/wp-json\/wp\/v2\/product_cat?post=4373"},{"taxonomy":"product_tag","embeddable":true,"href":"https:\/\/mox-optics.com\/de\/wp-json\/wp\/v2\/product_tag?post=4373"}],"curies":[{"name":"wp","href":"https:\/\/api.w.org\/{rel}","templated":true}]}}