{"id":4422,"date":"2023-09-14T12:33:43","date_gmt":"2023-09-14T10:33:43","guid":{"rendered":"https:\/\/mox-optics.com\/?post_type=product&#038;p=4422"},"modified":"2026-03-16T06:23:11","modified_gmt":"2026-03-16T05:23:11","slug":"infinity-ii-white-cosmic-bronze","status":"publish","type":"product","link":"https:\/\/mox-optics.com\/de\/produkt\/infinity-ii-white-cosmic-bronze\/","title":{"rendered":"Infinity II White &#8211; Cosmic Bronze"},"content":{"rendered":"<p>Wir bei MOX haben es uns als Ziel gesetzt, eine der besten Skibrillen zu erschaffen, um dir die optimale Fahrt bei allen Bedingungen zu erm\u00f6glichen. Das Ergebnis dieser Arbeit ist die MOX Infinity II Skibrille. Diese Brille hat ein zylindrisches Design und gibt dir ein verzerrungsfreies und ultra breites Sichtfeld. Durch das Magnetic Quick-Change System kannst du die Gl\u00e4ser innerhalb weniger Sekunden wechseln. Egal welche Wetterverh\u00e4ltnisse, egal welches Gel\u00e4nde, die MOX Infinity II Skibrille ist stets dein perfekter Begleiter.<\/p>\n<p><img decoding=\"async\" class=\"aligncenter lazyload\" data-src=\"https:\/\/mox-optics.com\/wp-content\/uploads\/2023\/09\/magnetic_quick_change_vid_700.webp\" alt=\"Eine Demonstration des Wechselns der Gl\u00e4ser mit dem Magnetic Quick-Change System der MOX Infinity II Skibrille.\" src=\"data:image\/svg+xml;base64,PHN2ZyB3aWR0aD0iMSIgaGVpZ2h0PSIxIiB4bWxucz0iaHR0cDovL3d3dy53My5vcmcvMjAwMC9zdmciPjwvc3ZnPg==\" style=\"--smush-placeholder-width: 700px; --smush-placeholder-aspect-ratio: 700\/394;\" \/><\/p>\n<h3>Eigenschaften<\/h3>\n<p><img decoding=\"async\" class=\"aligncenter wp-image-3836 size-full lazyload\" data-src=\"https:\/\/mox-optics.com\/wp-content\/uploads\/2023\/09\/features_500.webp\" alt=\"Eine Explosionsansicht der MOX Infinity II Skibrille.\" width=\"500\" height=\"500\" src=\"data:image\/svg+xml;base64,PHN2ZyB3aWR0aD0iMSIgaGVpZ2h0PSIxIiB4bWxucz0iaHR0cDovL3d3dy53My5vcmcvMjAwMC9zdmciPjwvc3ZnPg==\" style=\"--smush-placeholder-width: 500px; --smush-placeholder-aspect-ratio: 500\/500;\" \/><\/p>\n<ul>\n<li><strong>Magnetic Quick-Change System<\/strong>: Zehn starke Magneten lassen das Glas sicher am Rahmen haften und sorgen daf\u00fcr, dass du das Glas in wenigen Sekunden wechseln kannst, ohne die Brille abnehmen zu m\u00fcssen.<\/li>\n<li><strong>Retinex Glas<\/strong>: Retinex-Technologie verbessert den Kontrast und verst\u00e4rkt die Tiefenwahrnehmung, sodass du auf dem Berg die perfekte Sicht hast. Alle Gl\u00e4ser sind aus robustem Polycarbonat und sch\u00fctzen dich zu 100% gegen UV-A- und UV-B-Strahlung.<\/li>\n<li><strong>Dreischichtiger Schaumstoff<\/strong>: Zwei Schaumstoffschichten und eine zus\u00e4tzliche superweiche, hautfreundliche Schicht sorgen f\u00fcr maximalen Komfort und eine feuchtigkeitsabf\u00fchrende Wirkung.<\/li>\n<li><strong>Antibeschlagbeschichtung, Doppelglas &amp; Ventilation<\/strong>: Mit einem Rahmen, der f\u00fcr optimale Bel\u00fcftung konzipiert ist, und einem Doppelglas mit Antibeschlagbeschichtung geh\u00f6rt eine beschlagene Brille der Vergangenheit an.<\/li>\n<li><strong>Antirutschband<\/strong>: Die zwei breiten Silikonstreifen an der Bandinnenseite verhindern das Verrutschen der Brille, sodass du dich ganz auf deine Fahrt konzentrieren kannst.<\/li>\n<li><strong>Robuster &amp; flexibler Bio-TPU Rahmen<\/strong>: Der ergonomisch designte Rahmen besteht aus Bio-TPU \u2013 einem pflanzenbasierten thermoplastischen Polyurethan mit geringerem \u00f6kologischem Fu\u00dfabdruck als herk\u00f6mmliches TPU \u2013 und bleibt sogar bei niedrigen Temperaturen robust und flexibel.<\/li>\n<li><strong>Geeignet f\u00fcr Brillentr\u00e4ger (OTG)<\/strong>: Tr\u00e4gst du eine Brille mit Sehst\u00e4rke? Kein Problem! Die MOX Infinity II Skibrillen haben ein OTG (\u201eover the glasses\u201c) Design mit speziellen Aussparungen im Rahmen und im Schaumstoff, um deine Brille unterzubringen. Brillen mit einer Breite von bis zu 13 cm passen problemlos in die Skibrille. Das OTG-Design kann auch von Personen ohne Brille getragen werden, ohne Nachteile zu haben.<\/li>\n<\/ul>\n<h3>Was beinhaltet das Paket?<\/h3>\n<p>Wir sind davon \u00fcberzeugt, dass jedes essenzielle Zubeh\u00f6r mit enthalten sein sollte, wenn man eine premium Skibrille kauft. Deshalb bekommst du bei jedem MOX Brillenkauf ein<\/p>\n<ul>\n<li><strong>Brillent\u00e4schchen<\/strong>, um deine Brille kratzerlos zu halten, w\u00e4hrend du sie nicht tr\u00e4gst<\/li>\n<li><strong>Hartschalen Etui<\/strong>, um deine Brille w\u00e4hrend des Transportes zu sch\u00fctzen<\/li>\n<li><strong>Zusatzglas<\/strong> (Farbe: Radar Green) f\u00fcr schlechte Lichtverh\u00e4ltnisse z.B. bei Schneefall<\/li>\n<li><strong>Glast\u00e4schchen<\/strong>, um dein zus\u00e4tzliches Glas zu sch\u00fctzen, wenn du es mit auf die Pisten nimmst.<\/li>\n<\/ul>\n<p>Zus\u00e4tzlich gibt es die M\u00f6glichkeit noch weitere <a href=\"https:\/\/mox-optics.com\/de\/produkt-kategorie\/ersatzglaeser\/\">Wechselgl\u00e4ser<\/a> zu bestellen, sodass du immer das optimale Glas f\u00fcr die aktuellen Wetterbedingungen dabei hast, oder einfach um f\u00fcr etwas Abwechslung bei deinem Style zu sorgen.<br \/>\n<img decoding=\"async\" class=\"aligncenter wp-image-3855 size-full lazyload\" data-src=\"https:\/\/mox-optics.com\/wp-content\/uploads\/2023\/09\/package_2024_716.webp\" alt=\"All products that are included with the MOX Infinity II goggles.\" width=\"716\" height=\"250\" src=\"data:image\/svg+xml;base64,PHN2ZyB3aWR0aD0iMSIgaGVpZ2h0PSIxIiB4bWxucz0iaHR0cDovL3d3dy53My5vcmcvMjAwMC9zdmciPjwvc3ZnPg==\" style=\"--smush-placeholder-width: 716px; --smush-placeholder-aspect-ratio: 716\/250;\" \/><\/p>\n<h3 id=\"onepercent\">Dein Kauf unterst\u00fctzt den Umweltschutz<\/h3>\n<p>Bei MOX setzen wir uns nicht nur f\u00fcr die Herstellung au\u00dfergew\u00f6hnlicher Ausr\u00fcstung ein \u2013 wir sind auch <a href=\"https:\/\/mox-optics.com\/de\/nachhaltigkeit\/\">dem Schutz der Umwelt<\/a> verpflichtet. Als stolzes Mitglied von <a href=\"https:\/\/www.onepercentfortheplanet.org\/about\/mission\">1% for the Planet<\/a> spenden wir 1% aller Verk\u00e4ufe an Umweltprojekte. Das bedeutet, dass du mit dem Kauf der MOX Infinity II Skibrille nicht nur in hochwertige Ausr\u00fcstung investierst, sondern auch direkt zur Erhaltung und zum Schutz der nat\u00fcrlichen Landschaften beitr\u00e4gst, die wir alle gerne erkunden.<\/p>\n<p><img decoding=\"async\" class=\"aligncenter lazyload\" data-src=\"https:\/\/mox-optics.com\/wp-content\/uploads\/2024\/09\/1ftp_Primary_Vertical_FullColor-400.webp\" alt=\"1% for the Planet logo\" width=\"100\" height=\"auto\" src=\"data:image\/svg+xml;base64,PHN2ZyB3aWR0aD0iMSIgaGVpZ2h0PSIxIiB4bWxucz0iaHR0cDovL3d3dy53My5vcmcvMjAwMC9zdmciPjwvc3ZnPg==\" style=\"--smush-placeholder-width: 400px; --smush-placeholder-aspect-ratio: 400\/482;\" \/><\/p>\n","protected":false},"excerpt":{"rendered":"<p>Das Cosmic Bronze Glas hat einen VLT von 15% und liefert seine optimale Leistung bei sonnigem Wetter, es kann allerdings auch bei gemischtem Wetter benutzt werden.<\/p>\n<p><img decoding=\"async\" class=\"aligncenter wp-image-3830 size-full lazyload\" data-src=\"https:\/\/mox-optics.com\/wp-content\/uploads\/lens-charts\/graph_cosmic_bronze.webp\" alt=\"Ein Diagramm, das die Leistung des Glases in verschiedenen Arten von Wetterbedingungen zeigt.\" src=\"data:image\/svg+xml;base64,PHN2ZyB3aWR0aD0iMSIgaGVpZ2h0PSIxIiB4bWxucz0iaHR0cDovL3d3dy53My5vcmcvMjAwMC9zdmciPjwvc3ZnPg==\" style=\"--smush-placeholder-width: 400px; --smush-placeholder-aspect-ratio: 400\/191;\" \/><br \/>\nLies unseren <a href=\"https:\/\/mox-optics.com\/de\/support\/glaeser-guide\/\">Gl\u00e4ser Guide<\/a>, um herauszufinden, welches Glas am besten zu den Wetterbedingungen passt, in denen du f\u00e4hrst.<\/p>\n<p><strong>Das Paket beinhaltet:<\/strong><\/p>\n<ul>\n<li><strong>Skibrille<\/strong><\/li>\n<li><strong>zus\u00e4tzliches Schlechtwetterglas<\/strong><\/li>\n<li><strong>T\u00e4schchen und Hartschalen Etui f\u00fcr deine Skibrille<\/strong><\/li>\n<li><strong>Glast\u00e4schchen<\/strong><\/li>\n<\/ul>\n<p><a href=\"#onepercent\"><img decoding=\"async\" data-src=\"https:\/\/mox-optics.com\/wp-content\/uploads\/2024\/09\/1ftp_Primary_Horizontal_FullColor_106.webp\" src=\"data:image\/svg+xml;base64,PHN2ZyB3aWR0aD0iMSIgaGVpZ2h0PSIxIiB4bWxucz0iaHR0cDovL3d3dy53My5vcmcvMjAwMC9zdmciPjwvc3ZnPg==\" class=\"lazyload\" style=\"--smush-placeholder-width: 106px; --smush-placeholder-aspect-ratio: 106\/45;\" \/><\/a><\/p>\n","protected":false},"featured_media":5032,"comment_status":"open","ping_status":"closed","template":"","meta":{"_kadence_starter_templates_imported_post":false,"_kad_post_transparent":"default","_kad_post_title":"","_kad_post_layout":"default","_kad_post_sidebar_id":"","_kad_post_content_style":"default","_kad_post_vertical_padding":"default","_kad_post_feature":"","_kad_post_feature_position":"","_kad_post_header":false,"_kad_post_footer":false,"_kad_post_classname":""},"product_brand":[],"product_cat":[78,266],"product_tag":[263],"class_list":{"0":"post-4422","1":"product","2":"type-product","3":"status-publish","4":"has-post-thumbnail","6":"product_cat-skibrillen","7":"product_cat-skibrillen-erwachsene","8":"product_tag-lang-de","9":"product_shipping_class-kostenloser-versand","11":"first","12":"instock","13":"sale","14":"taxable","15":"shipping-taxable","16":"purchasable","17":"product-type-simple","18":"entry","19":"content-bg","20":"loop-entry"},"bundled_by":[],"bundle_stock_status":"instock","bundle_stock_quantity":68,"bundle_virtual":false,"bundle_layout":"","bundle_add_to_cart_form_location":"","bundle_editable_in_cart":false,"bundle_sold_individually_context":"","bundle_item_grouping":"","bundle_min_size":"","bundle_max_size":"","bundle_price":[],"bundled_items":[],"bundle_sell_ids":[2344,2345,2343,4407,4405,13755,13772,9213],"gallery_images":[4262,4265,4256,4259,4331,5033],"_links":{"self":[{"href":"https:\/\/mox-optics.com\/de\/wp-json\/wp\/v2\/product\/4422","targetHints":{"allow":["GET"]}}],"collection":[{"href":"https:\/\/mox-optics.com\/de\/wp-json\/wp\/v2\/product"}],"about":[{"href":"https:\/\/mox-optics.com\/de\/wp-json\/wp\/v2\/types\/product"}],"replies":[{"embeddable":true,"href":"https:\/\/mox-optics.com\/de\/wp-json\/wp\/v2\/comments?post=4422"}],"wp:featuredmedia":[{"embeddable":true,"href":"https:\/\/mox-optics.com\/de\/wp-json\/wp\/v2\/media\/5032"}],"wp:attachment":[{"href":"https:\/\/mox-optics.com\/de\/wp-json\/wp\/v2\/media?parent=4422"}],"wp:term":[{"taxonomy":"product_brand","embeddable":true,"href":"https:\/\/mox-optics.com\/de\/wp-json\/wp\/v2\/product_brand?post=4422"},{"taxonomy":"product_cat","embeddable":true,"href":"https:\/\/mox-optics.com\/de\/wp-json\/wp\/v2\/product_cat?post=4422"},{"taxonomy":"product_tag","embeddable":true,"href":"https:\/\/mox-optics.com\/de\/wp-json\/wp\/v2\/product_tag?post=4422"}],"curies":[{"name":"wp","href":"https:\/\/api.w.org\/{rel}","templated":true}]}}