{"id":9430,"date":"2024-09-20T18:30:30","date_gmt":"2024-09-20T16:30:30","guid":{"rendered":"https:\/\/mox-optics.com\/?post_type=product&#038;p=9430"},"modified":"2026-03-16T06:22:50","modified_gmt":"2026-03-16T05:22:50","slug":"steezy-ersatzglas-fancy-violet","status":"publish","type":"product","link":"https:\/\/mox-optics.com\/de\/produkt\/steezy-ersatzglas-fancy-violet\/","title":{"rendered":"Steezy Lens &#8211; Fancy Violet"},"content":{"rendered":"<p>Dies ist ein Wechselglas f\u00fcr die MOX Steezy Skibrille. Kaufe es dir als Erweiterung zu deiner Brille, um optimal auf jeden Wetterumschwung vorbereitet zu sein oder einfach als Ersatzglas.<\/p>\n<ul>\n<li><strong>Retinex Technologie<\/strong> verbessert den Kontrast und verst\u00e4rkt die Tiefenwahrnehmung, sodass du auf dem Berg die perfekte Sicht hast.<\/li>\n<li><strong>UV-Schutz<\/strong>: Alle Gl\u00e4ser sch\u00fctzen zu 100% vor UV-A und UV-B Strahlung bis zu einer Wellenl\u00e4nge von 400nm, das hei\u00dft sie bieten den so genannten UV400 Schutz.<\/li>\n<li><strong>Doppelglas<\/strong>: Jedes Brillenglas besteht aus einem inneren und einem \u00e4u\u00dferen Glas, zwischen denen sich ein luftdichter Raum befindet, welcher als Temperaturbarriere dient. Dies beugt dem Beschlagen der Brille vor.<\/li>\n<li><strong>Antibeschlagbeschichtung<\/strong>: Durch eine besondere Behandlung der Innenseite des Glases, ist die Brille so gegen das Beschlagen gesch\u00fctzt.<\/li>\n<li><strong>Spritzgegossenes Glas<\/strong>: Unser hochwertiges Spritzgussverfahren erm\u00f6glicht ein verzerrungsfreies Sichtfeld.<\/li>\n<li><strong>Polycarbonat Material<\/strong>: Alle Gl\u00e4ser sind aus Polycarbonat gefertigt, wodurch sie robust, sicher und flexibel sind.<\/li>\n<li><strong>Magnetic Quick-Change System<\/strong>: Zehn starke Magnete lassen das Glas sicher am Rahmen haften und sorgen daf\u00fcr, dass du das Glas in wenigen Sekunden wechseln kannst, ohne die Brille abnehmen zu m\u00fcssen.<\/li>\n<li><strong>Zus\u00e4tzliches T\u00e4schchen<\/strong>: Zu unseren Wechselgl\u00e4sern erh\u00e4ltst du ein gratis S\u00e4ckchen, welches sicherstellt, dass dein Glas w\u00e4hrend des Transports nicht besch\u00e4digt wird.<\/li>\n<\/ul>\n","protected":false},"excerpt":{"rendered":"<p>Das Fancy Violet Glas hat einen VLT von 35% und liefert seine optimale Leistung bei gemischtem Wetter, es kann allerdings auch bei bew\u00f6lktem Wetter oder schlechten Lichtverh\u00e4ltnissen benutzt werden.<br \/>\n<img decoding=\"async\" class=\"aligncenter wp-image-3830 size-full lazyload\" data-src=\"https:\/\/mox-optics.com\/wp-content\/uploads\/lens-charts\/graph_fancy_violet_lens_only.webp\" alt=\"Ein Diagramm, das die Leistung des Glases in verschiedenen Arten von Wetterbedingungen zeigt.\" src=\"data:image\/svg+xml;base64,PHN2ZyB3aWR0aD0iMSIgaGVpZ2h0PSIxIiB4bWxucz0iaHR0cDovL3d3dy53My5vcmcvMjAwMC9zdmciPjwvc3ZnPg==\" style=\"--smush-placeholder-width: 400px; --smush-placeholder-aspect-ratio: 400\/149;\" \/><br \/>\nLies unseren <a href=\"https:\/\/mox-optics.com\/de\/support\/glaeser-guide\/\">Gl\u00e4ser Guide<\/a>, um herauszufinden, welches Glas am besten zu den Wetterbedingungen passt, in denen du f\u00e4hrst.<\/p>\n<p><img decoding=\"async\" data-src=\"https:\/\/mox-optics.com\/wp-content\/uploads\/2024\/09\/1ftp_Primary_Horizontal_FullColor_106.webp\" src=\"data:image\/svg+xml;base64,PHN2ZyB3aWR0aD0iMSIgaGVpZ2h0PSIxIiB4bWxucz0iaHR0cDovL3d3dy53My5vcmcvMjAwMC9zdmciPjwvc3ZnPg==\" class=\"lazyload\" style=\"--smush-placeholder-width: 106px; --smush-placeholder-aspect-ratio: 106\/45;\" \/><\/p>\n","protected":false},"featured_media":9263,"comment_status":"open","ping_status":"closed","template":"","meta":{"_kadence_starter_templates_imported_post":false,"_kad_post_transparent":"default","_kad_post_title":"","_kad_post_layout":"default","_kad_post_sidebar_id":"","_kad_post_content_style":"default","_kad_post_vertical_padding":"default","_kad_post_feature":"","_kad_post_feature_position":"","_kad_post_header":false,"_kad_post_footer":false,"_kad_post_classname":""},"product_brand":[],"product_cat":[79,256],"product_tag":[263],"class_list":{"0":"post-9430","1":"product","2":"type-product","3":"status-publish","4":"has-post-thumbnail","6":"product_cat-ersatzglaeser","7":"product_cat-ersatzglaeser-kinder","8":"product_tag-lang-de","9":"product_shipping_class-kostenloser-versand","11":"first","12":"instock","13":"taxable","14":"shipping-taxable","15":"purchasable","16":"product-type-simple","17":"entry","18":"content-bg","19":"loop-entry"},"bundled_by":[],"bundle_stock_status":"instock","bundle_stock_quantity":2,"bundle_virtual":false,"bundle_layout":"","bundle_add_to_cart_form_location":"","bundle_editable_in_cart":false,"bundle_sold_individually_context":"","bundle_item_grouping":"","bundle_min_size":"","bundle_max_size":"","bundle_price":[],"bundled_items":[],"bundle_sell_ids":[],"gallery_images":[9391,9403],"_links":{"self":[{"href":"https:\/\/mox-optics.com\/de\/wp-json\/wp\/v2\/product\/9430","targetHints":{"allow":["GET"]}}],"collection":[{"href":"https:\/\/mox-optics.com\/de\/wp-json\/wp\/v2\/product"}],"about":[{"href":"https:\/\/mox-optics.com\/de\/wp-json\/wp\/v2\/types\/product"}],"replies":[{"embeddable":true,"href":"https:\/\/mox-optics.com\/de\/wp-json\/wp\/v2\/comments?post=9430"}],"wp:featuredmedia":[{"embeddable":true,"href":"https:\/\/mox-optics.com\/de\/wp-json\/wp\/v2\/media\/9263"}],"wp:attachment":[{"href":"https:\/\/mox-optics.com\/de\/wp-json\/wp\/v2\/media?parent=9430"}],"wp:term":[{"taxonomy":"product_brand","embeddable":true,"href":"https:\/\/mox-optics.com\/de\/wp-json\/wp\/v2\/product_brand?post=9430"},{"taxonomy":"product_cat","embeddable":true,"href":"https:\/\/mox-optics.com\/de\/wp-json\/wp\/v2\/product_cat?post=9430"},{"taxonomy":"product_tag","embeddable":true,"href":"https:\/\/mox-optics.com\/de\/wp-json\/wp\/v2\/product_tag?post=9430"}],"curies":[{"name":"wp","href":"https:\/\/api.w.org\/{rel}","templated":true}]}}