{"id":9436,"date":"2024-09-04T08:32:27","date_gmt":"2024-09-04T06:32:27","guid":{"rendered":"https:\/\/mox-optics.com\/?post_type=product&#038;p=9436"},"modified":"2026-03-18T18:58:04","modified_gmt":"2026-03-18T17:58:04","slug":"steezy-black-ice-blue","status":"publish","type":"product","link":"https:\/\/mox-optics.com\/de\/produkt\/steezy-black-ice-blue\/","title":{"rendered":"Steezy &#8211; Ice Blue"},"content":{"rendered":"<p>Bei MOX sind wir der Meinung, dass junge Abenteurer die gleiche hochwertige Ausr\u00fcstung verdienen wie Erwachsene. Deshalb haben wir die MOX Steezy entwickelt \u2013 eine Premium-Skibrille f\u00fcr Kinder, die mit den fortschrittlichen Funktionen unserer besten Erwachsenenmodelle ausgestattet ist. Die MOX Steezy ist f\u00fcr eine breite Altersgruppe konzipiert, von 6-j\u00e4hrigen bis hin zu Teenagern \u2013 und sogar f\u00fcr Erwachsene mit schmaleren Gesichtern. Die Brille bietet au\u00dfergew\u00f6hnliche Klarheit, Komfort und Haltbarkeit. Egal, ob die Kleinen zum ersten Mal die Piste erobern oder schon gekonnt ihre Schw\u00fcnge meistern, die MOX Steezy sorgt immer f\u00fcr den perfekten Durchblick, egal bei welchen Bedingungen.<\/p>\n<p><img decoding=\"async\" class=\"aligncenter lazyload\" data-src=\"https:\/\/mox-optics.com\/wp-content\/uploads\/products\/goggles\/steezy_magnetic_quick_change.webp\" alt=\"A demonstration of swapping lenses with the Magnetic Quick-Change System of the MOX Steezy ski goggles.\" src=\"data:image\/svg+xml;base64,PHN2ZyB3aWR0aD0iMSIgaGVpZ2h0PSIxIiB4bWxucz0iaHR0cDovL3d3dy53My5vcmcvMjAwMC9zdmciPjwvc3ZnPg==\" style=\"--smush-placeholder-width: 677px; --smush-placeholder-aspect-ratio: 677\/381;\" \/><\/p>\n<h3>Eigenschaften<\/h3>\n<p><img decoding=\"async\" class=\"aligncenter wp-image-3836 size-full lazyload\" data-src=\"https:\/\/mox-optics.com\/wp-content\/uploads\/2024\/09\/Steezy_exploded_view_with_overlay_500.webp\" alt=\"An exploded view of the MOX Steezy ski goggles.\" width=\"500\" height=\"500\" src=\"data:image\/svg+xml;base64,PHN2ZyB3aWR0aD0iMSIgaGVpZ2h0PSIxIiB4bWxucz0iaHR0cDovL3d3dy53My5vcmcvMjAwMC9zdmciPjwvc3ZnPg==\" style=\"--smush-placeholder-width: 500px; --smush-placeholder-aspect-ratio: 500\/500;\" \/><\/p>\n<ul>\n<li><strong>Magnetic Quick-Change System<\/strong>: Selbst Kinder k\u00f6nnen die Gl\u00e4ser in Sekundenschnelle wechseln, dank unseres Systems mit acht starken Magneten. Das Glas bleibt sicher am Rahmen haften, sodass junge Fahrer sich auf den Spa\u00df konzentrieren k\u00f6nnen.<\/li>\n<li><strong>Retinex Glas-Technologie<\/strong>: Verbesserter Kontrast und verst\u00e4rkte Tiefenwahrnehmung sorgen f\u00fcr einen kristallklaren Blick auf den Berg. Die Gl\u00e4ser aus robustem Polycarbonat bieten 100% Schutz vor UV-A und UV-B Strahlung und bewahren so die Augen der Kleinen.<\/li>\n<li><strong>Dreischichtiger Schaumstoff<\/strong>: Weich und komfortabel, passt sich der dreischichtige Schaumstoff kleineren Gesichtern an und bietet einen festen Sitz sowie eine hervorragende Schwei\u00dfabsorption f\u00fcr ganzt\u00e4gigen Komfort.<\/li>\n<li><strong>Antibeschlagbeschichtung, Doppelglas &amp; Ventilation<\/strong>: Das speziell entwickelte Bel\u00fcftungssystem der MOX Steezy in Kombination mit dem Doppelglas und Antibeschlagbeschichtung sorgt f\u00fcr eine klare Sicht \u2013 selbst bei den wildesten Schneeballschlachten.<\/li>\n<li><strong>Antirutschband<\/strong>: Zwei gro\u00dfe Silikonstreifen auf der Innenseite des Bands halten die Brille sicher an ihrem Platz und verhindern das h\u00e4ufige Problem des Verrutschens auf dem Helm \u2013 besonders bei Kindern.<\/li>\n<li><strong>Robuster &amp; flexibler TPU Rahmen<\/strong>: Der TPU-Rahmen ist nicht nur robust und flexibel, sondern auch speziell f\u00fcr kleine Gesichter entwickelt, um auch bei niedrigen Temperaturen und St\u00fcrzen standzuhalten, die beim Ski- oder Snowboardfahren lernen unvermeidlich sind.<\/li>\n<li><strong>Geeignet f\u00fcr Brillentr\u00e4ger (OTG)<\/strong>: Tr\u00e4gt dein Kind eine Brille? Die MOX Steezy hat ein OTG-Design (&#8222;over the glasses&#8220;), das Brillen bis zu 12.5 cm Breite problemlos unterbringt, sodass klare Sicht ohne Komforteinbu\u00dfen gew\u00e4hrleistet ist.<\/li>\n<\/ul>\n<h3>Was beinhaltet das Paket?<\/h3>\n<p>Wir wissen, dass es nicht immer einfach ist, den \u00dcberblick \u00fcber die Ausr\u00fcstung der Kinder zu behalten. Deshalb haben wir sichergestellt, dass die MOX Steezy mit allem geliefert wird, was sie brauchen:<\/p>\n<ul>\n<li><strong>Zusatzglas:<\/strong> Ein Glas f\u00fcr schlechte Lichtverh\u00e4ltnisse, wie z.B. bei bew\u00f6lktem Wetter oder Schneefall, damit dein Kind immer bereit f\u00fcr wechselnde Bedingungen ist.<\/li>\n<li><strong>Brillent\u00e4schchen:<\/strong> Damit die Brille w\u00e4hrend Pausen oder beim Verstauen kratzfrei bleibt.<\/li>\n<li><strong>Hartschalenetui:<\/strong> Ein robustes Etui, das die Brille beim Transport oder bei der Lagerung sch\u00fctzt.<\/li>\n<li><strong>Glast\u00e4schchen:<\/strong> Zum Schutz des zus\u00e4tzlichen Glases, wenn es gerade nicht verwendet wird.<\/li>\n<\/ul>\n<p><img decoding=\"async\" class=\"aligncenter wp-image-3855 size-full lazyload\" data-src=\"https:\/\/mox-optics.com\/wp-content\/uploads\/2023\/09\/package_2024_716.webp\" alt=\"All products that are included with the MOX Steezy goggles.\" width=\"716\" height=\"250\" src=\"data:image\/svg+xml;base64,PHN2ZyB3aWR0aD0iMSIgaGVpZ2h0PSIxIiB4bWxucz0iaHR0cDovL3d3dy53My5vcmcvMjAwMC9zdmciPjwvc3ZnPg==\" style=\"--smush-placeholder-width: 716px; --smush-placeholder-aspect-ratio: 716\/250;\" \/><\/p>\n<p>Zus\u00e4tzlich bieten wir <a href=\"https:\/\/mox-optics.com\/de\/produkt-kategorie\/ersatzglaeser\/ersatzglaser-fur-skibrillen\/ersatzglaeser-kinder\/\"><b>erschwingliche Ersatzgl\u00e4ser<\/b><\/a> an \u2013 ideal, wenn Kinder ihre Brille m\u00f6glicherweise zerkratzen. So musst du keine komplett neue Brille kaufen; einfach das Glas austauschen und das Abenteuer kann weitergehen!<\/p>\n<p>Und genau wie bei unseren Erwachsenenbrillen kannst du auch f\u00fcr die MOX Steezy <a href=\"https:\/\/mox-optics.com\/de\/produkt-kategorie\/ersatzglaeser\/ersatzglaser-fur-skibrillen\/ersatzglaeser-kinder\/\">zus\u00e4tzliche Gl\u00e4ser<\/a> kaufen, damit dein Kind die Flexibilit\u00e4t hat, die Brille den Wetterbedingungen oder der Lieblingsfarbe anzupassen!<\/p>\n<h3 id=\"onepercent\">Dein Kauf unterst\u00fctzt den Umweltschutz<\/h3>\n<p>Bei MOX setzen wir uns nicht nur f\u00fcr die Herstellung au\u00dfergew\u00f6hnlicher Ausr\u00fcstung ein \u2013 wir sind auch dem Schutz der Umwelt verpflichtet. Als stolzes Mitglied von <a href=\"https:\/\/www.onepercentfortheplanet.org\/about\/mission\">1% for the Planet<\/a> spenden wir 1% aller Verk\u00e4ufe an Umweltprojekte. Das bedeutet, dass du mit dem Kauf der MOX Steezy Skibrille nicht nur in hochwertige Ausr\u00fcstung investierst, sondern auch direkt zur Erhaltung und zum Schutz der nat\u00fcrlichen Landschaften beitr\u00e4gst, die wir alle gerne erkunden.<\/p>\n<p><img decoding=\"async\" class=\"aligncenter lazyload\" data-src=\"https:\/\/mox-optics.com\/wp-content\/uploads\/2024\/09\/1ftp_Primary_Vertical_FullColor-400.webp\" alt=\"1% for the Planet logo\" width=\"100\" height=\"auto\" src=\"data:image\/svg+xml;base64,PHN2ZyB3aWR0aD0iMSIgaGVpZ2h0PSIxIiB4bWxucz0iaHR0cDovL3d3dy53My5vcmcvMjAwMC9zdmciPjwvc3ZnPg==\" style=\"--smush-placeholder-width: 400px; --smush-placeholder-aspect-ratio: 400\/482;\" \/><\/p>\n","protected":false},"excerpt":{"rendered":"<p>MOX Steezy: Die ultimative Skibrille f\u00fcr Kinder. Das Ice Blue Glas hat einen VLT von 17% und liefert seine optimale Leistung bei sonnigem Wetter, es kann allerdings auch bei gemischtem oder bew\u00f6lktem Wetter benutzt werden.<br \/>\n<img decoding=\"async\" class=\"aligncenter wp-image-3830 size-full lazyload\" data-src=\"https:\/\/mox-optics.com\/wp-content\/uploads\/lens-charts\/graph_ice_blue.webp\" alt=\"Ein Diagramm, das die Leistung des Glases in verschiedenen Arten von Wetterbedingungen zeigt.\" src=\"data:image\/svg+xml;base64,PHN2ZyB3aWR0aD0iMSIgaGVpZ2h0PSIxIiB4bWxucz0iaHR0cDovL3d3dy53My5vcmcvMjAwMC9zdmciPjwvc3ZnPg==\" style=\"--smush-placeholder-width: 400px; --smush-placeholder-aspect-ratio: 400\/191;\" \/><br \/>\nLies unseren <a href=\"https:\/\/mox-optics.com\/de\/support\/glaeser-guide\/\">Gl\u00e4ser Guide<\/a>, um herauszufinden, welches Glas am besten zu den Wetterbedingungen passt, in denen du f\u00e4hrst.<\/p>\n<p><strong>Das Paket beinhaltet:<\/strong><\/p>\n<ul>\n<li><strong>Skibrille<\/strong><\/li>\n<li><strong>zus\u00e4tzliches Schlechtwetterglas<\/strong><\/li>\n<li><strong>T\u00e4schchen und Hartschalen Etui f\u00fcr deine Skibrille<\/strong><\/li>\n<li><strong>Glast\u00e4schchen<\/strong><\/li>\n<\/ul>\n<p><a href=\"#onepercent\"><img decoding=\"async\" data-src=\"https:\/\/mox-optics.com\/wp-content\/uploads\/2024\/09\/1ftp_Primary_Horizontal_FullColor_106.webp\" src=\"data:image\/svg+xml;base64,PHN2ZyB3aWR0aD0iMSIgaGVpZ2h0PSIxIiB4bWxucz0iaHR0cDovL3d3dy53My5vcmcvMjAwMC9zdmciPjwvc3ZnPg==\" class=\"lazyload\" style=\"--smush-placeholder-width: 106px; --smush-placeholder-aspect-ratio: 106\/45;\" \/><\/a><\/p>\n","protected":false},"featured_media":9180,"comment_status":"open","ping_status":"closed","template":"","meta":{"_kadence_starter_templates_imported_post":false,"_kad_post_transparent":"default","_kad_post_title":"","_kad_post_layout":"default","_kad_post_sidebar_id":"","_kad_post_content_style":"default","_kad_post_vertical_padding":"default","_kad_post_feature":"","_kad_post_feature_position":"","_kad_post_header":false,"_kad_post_footer":false,"_kad_post_classname":""},"product_brand":[],"product_cat":[78,267],"product_tag":[263],"class_list":{"0":"post-9436","1":"product","2":"type-product","3":"status-publish","4":"has-post-thumbnail","6":"product_cat-skibrillen","7":"product_cat-skibrillen-kinder","8":"product_tag-lang-de","9":"product_shipping_class-kostenloser-versand","11":"first","12":"instock","13":"taxable","14":"shipping-taxable","15":"purchasable","16":"product-type-simple","17":"entry","18":"content-bg","19":"loop-entry"},"bundled_by":[],"bundle_stock_status":"instock","bundle_stock_quantity":5,"bundle_virtual":false,"bundle_layout":"","bundle_add_to_cart_form_location":"","bundle_editable_in_cart":false,"bundle_sold_individually_context":"","bundle_item_grouping":"","bundle_min_size":"","bundle_max_size":"","bundle_price":[],"bundled_items":[],"bundle_sell_ids":[9430,9427],"gallery_images":[9181,9187,9190,9193,9196],"_links":{"self":[{"href":"https:\/\/mox-optics.com\/de\/wp-json\/wp\/v2\/product\/9436","targetHints":{"allow":["GET"]}}],"collection":[{"href":"https:\/\/mox-optics.com\/de\/wp-json\/wp\/v2\/product"}],"about":[{"href":"https:\/\/mox-optics.com\/de\/wp-json\/wp\/v2\/types\/product"}],"replies":[{"embeddable":true,"href":"https:\/\/mox-optics.com\/de\/wp-json\/wp\/v2\/comments?post=9436"}],"wp:featuredmedia":[{"embeddable":true,"href":"https:\/\/mox-optics.com\/de\/wp-json\/wp\/v2\/media\/9180"}],"wp:attachment":[{"href":"https:\/\/mox-optics.com\/de\/wp-json\/wp\/v2\/media?parent=9436"}],"wp:term":[{"taxonomy":"product_brand","embeddable":true,"href":"https:\/\/mox-optics.com\/de\/wp-json\/wp\/v2\/product_brand?post=9436"},{"taxonomy":"product_cat","embeddable":true,"href":"https:\/\/mox-optics.com\/de\/wp-json\/wp\/v2\/product_cat?post=9436"},{"taxonomy":"product_tag","embeddable":true,"href":"https:\/\/mox-optics.com\/de\/wp-json\/wp\/v2\/product_tag?post=9436"}],"curies":[{"name":"wp","href":"https:\/\/api.w.org\/{rel}","templated":true}]}}