{"id":12541,"date":"2025-06-12T14:41:32","date_gmt":"2025-06-12T12:41:32","guid":{"rendered":"https:\/\/mox-optics.com\/?page_id=12541"},"modified":"2025-06-12T14:46:30","modified_gmt":"2025-06-12T12:46:30","slug":"zonnebril-lens-keuzehulp","status":"publish","type":"page","link":"https:\/\/mox-optics.com\/nl\/support\/zonnebril-lens-keuzehulp\/","title":{"rendered":"Keuzehulp voor Zonnebrilglazen"},"content":{"rendered":"<style>.kb-row-layout-id12283_d1f1a6-96 > .kt-row-column-wrap{align-content:center;}:where(.kb-row-layout-id12283_d1f1a6-96 > .kt-row-column-wrap) > .wp-block-kadence-column{justify-content:center;}.kb-row-layout-id12283_d1f1a6-96 > .kt-row-column-wrap{column-gap:var(--global-kb-gap-md, 2rem);padding-top:var(--global-kb-spacing-sm, 1.5rem);padding-bottom:var(--global-kb-spacing-sm, 1.5rem);min-height:443px;grid-template-columns:minmax(0, 1fr);}.kb-row-layout-id12283_d1f1a6-96{background-image:url('https:\/\/mox-optics.com\/wp-content\/uploads\/2025\/04\/pexels-julius-silver-240301-753325.jpg');background-size:cover;background-position:52% 43%;background-attachment:scroll;background-repeat:no-repeat;}.kb-row-layout-id12283_d1f1a6-96 > .kt-row-layout-overlay{opacity:0.30;}@media all and (max-width: 1024px){.kb-row-layout-id12283_d1f1a6-96 > .kt-row-column-wrap{grid-template-columns:minmax(0, 1fr);}}@media all and (max-width: 767px){.kb-row-layout-id12283_d1f1a6-96 > .kt-row-column-wrap{min-height:300px;grid-template-columns:minmax(0, 1fr);}}<\/style><div class=\"kb-row-layout-wrap kb-row-layout-id12283_d1f1a6-96 alignnone kt-row-has-bg wp-block-kadence-rowlayout\"><div class=\"kt-row-column-wrap kt-has-1-columns kt-row-layout-equal kt-tab-layout-inherit kt-mobile-layout-row kt-row-valign-middle\">\n<style>.kadence-column12283_173f4b-e3 > .kt-inside-inner-col{display:flex;}.kadence-column12283_173f4b-e3 > .kt-inside-inner-col,.kadence-column12283_173f4b-e3 > .kt-inside-inner-col:before{border-top-left-radius:0px;border-top-right-radius:0px;border-bottom-right-radius:0px;border-bottom-left-radius:0px;}.kadence-column12283_173f4b-e3 > .kt-inside-inner-col{column-gap:var(--global-kb-gap-sm, 1rem);}.kadence-column12283_173f4b-e3 > .kt-inside-inner-col{flex-direction:column;justify-content:center;}.kadence-column12283_173f4b-e3 > .kt-inside-inner-col > .aligncenter{width:100%;}.kt-row-column-wrap > .kadence-column12283_173f4b-e3{align-self:center;}.kt-inner-column-height-full:not(.kt-has-1-columns) > .wp-block-kadence-column.kadence-column12283_173f4b-e3{align-self:auto;}.kt-inner-column-height-full:not(.kt-has-1-columns) > .wp-block-kadence-column.kadence-column12283_173f4b-e3 > .kt-inside-inner-col{flex-direction:column;justify-content:center;}.kadence-column12283_173f4b-e3 > .kt-inside-inner-col:before{opacity:0.3;}.kadence-column12283_173f4b-e3{position:relative;}@media all and (max-width: 1024px){.kt-row-column-wrap > .kadence-column12283_173f4b-e3{align-self:center;}}@media all and (max-width: 1024px){.kt-inner-column-height-full:not(.kt-has-1-columns) > .wp-block-kadence-column.kadence-column12283_173f4b-e3{align-self:auto;}}@media all and (max-width: 1024px){.kt-inner-column-height-full:not(.kt-has-1-columns) > .wp-block-kadence-column.kadence-column12283_173f4b-e3 > .kt-inside-inner-col{flex-direction:column;justify-content:center;}}@media all and (max-width: 1024px){.kadence-column12283_173f4b-e3 > .kt-inside-inner-col{flex-direction:column;justify-content:center;}}@media all and (max-width: 767px){.kt-row-column-wrap > .kadence-column12283_173f4b-e3{align-self:center;}.kt-inner-column-height-full:not(.kt-has-1-columns) > .wp-block-kadence-column.kadence-column12283_173f4b-e3{align-self:auto;}.kt-inner-column-height-full:not(.kt-has-1-columns) > .wp-block-kadence-column.kadence-column12283_173f4b-e3 > .kt-inside-inner-col{flex-direction:column;justify-content:center;}.kadence-column12283_173f4b-e3 > .kt-inside-inner-col{flex-direction:column;justify-content:center;}}<\/style>\n<div class=\"wp-block-kadence-column kadence-column12283_173f4b-e3\"><div class=\"kt-inside-inner-col\">\n<h1 class=\"wp-block-heading has-text-align-center has-theme-palette-9-color has-text-color has-link-color wp-elements-018b4a659ffac87c86c60b0c97836bdf\">Keuzehulp voor Zonnebrilglazen<\/h1>\n<\/div><\/div>\n\n<\/div><\/div><style>.kb-row-layout-id12283_ee782f-4e > .kt-row-column-wrap{align-content:start;}:where(.kb-row-layout-id12283_ee782f-4e > .kt-row-column-wrap) > .wp-block-kadence-column{justify-content:start;}.kb-row-layout-id12283_ee782f-4e > .kt-row-column-wrap{column-gap:var(--global-kb-gap-md, 2rem);row-gap:var(--global-kb-gap-md, 2rem);max-width:var( --global-content-width, 1290px );padding-left:var(--global-content-edge-padding);padding-right:var(--global-content-edge-padding);padding-top:var(--global-kb-spacing-sm, 1.5rem);padding-bottom:var(--global-kb-spacing-xl, 4rem);grid-template-columns:minmax(0, 1fr);}.kb-row-layout-id12283_ee782f-4e > .kt-row-layout-overlay{opacity:0.30;}@media all and (max-width: 1024px){.kb-row-layout-id12283_ee782f-4e > .kt-row-column-wrap{grid-template-columns:minmax(0, 1fr);}}@media all and (max-width: 767px){.kb-row-layout-id12283_ee782f-4e > .kt-row-column-wrap{grid-template-columns:minmax(0, 1fr);}}<\/style><div class=\"kb-row-layout-wrap kb-row-layout-id12283_ee782f-4e alignnone wp-block-kadence-rowlayout\"><div class=\"kt-row-column-wrap kt-has-1-columns kt-row-layout-equal kt-tab-layout-inherit kt-mobile-layout-row kt-row-valign-top kb-theme-content-width\">\n<style>.kadence-column12283_0f1293-8f > .kt-inside-inner-col,.kadence-column12283_0f1293-8f > .kt-inside-inner-col:before{border-top-left-radius:0px;border-top-right-radius:0px;border-bottom-right-radius:0px;border-bottom-left-radius:0px;}.kadence-column12283_0f1293-8f > .kt-inside-inner-col{column-gap:var(--global-kb-gap-sm, 1rem);}.kadence-column12283_0f1293-8f > .kt-inside-inner-col{flex-direction:column;}.kadence-column12283_0f1293-8f > .kt-inside-inner-col > .aligncenter{width:100%;}.kadence-column12283_0f1293-8f > .kt-inside-inner-col:before{opacity:0.3;}.kadence-column12283_0f1293-8f{position:relative;}@media all and (max-width: 1024px){.kadence-column12283_0f1293-8f > .kt-inside-inner-col{flex-direction:column;justify-content:center;}}@media all and (max-width: 767px){.kadence-column12283_0f1293-8f > .kt-inside-inner-col{flex-direction:column;justify-content:center;}}<\/style>\n<div class=\"wp-block-kadence-column kadence-column12283_0f1293-8f\"><div class=\"kt-inside-inner-col\">\n<h2 class=\"wp-block-heading\">Kies het juiste glas voor jouw outdooravonturen<\/h2>\n\n\n\n<p><a href=\"https:\/\/mox-optics.com\/nl\/product-categorie\/zonnebrillen\/\" data-type=\"product_cat\" data-id=\"275\">MOX-zonnebrillen<\/a> zijn ontworpen voor topprestaties bij uiteenlopende buitensporten \u2014 van wielrennen, mountainbiken en trailrunning tot bergbeklimmen, skitochten en zelfs kajakken. Om je te helpen het juiste glas te kiezen voor jouw activiteiten en weersomstandigheden, hebben we twee overzichtelijke grafieken gemaakt: \u00e9\u00e9n voor zomerse omstandigheden en \u00e9\u00e9n voor winterse (met sneeuw). <\/p>\n\n\n\n<p>In de onderstaande diagrammen staat VLT voor Visible Light Transmission \u2014 oftewel de hoeveelheid zichtbaar licht die door het glas wordt doorgelaten. Hoe lager de VLT-waarde, hoe donkerder het glas, en hoe beter het geschikt is voor felle omstandigheden. VLT is echter niet de enige factor die bepaalt hoe goed een glas presteert. Daarom hebben we ook de prestaties van elk glas beoordeeld op verschillende weersomstandigheden. Hoe hoger de balk onder een bepaalde categorie, hoe beter het glas presteert onder die omstandigheden.    <\/p>\n\n\n\n<p>Let op: het Simply Clear-glas wordt standaard als bonusglas meegeleverd bij elke <a href=\"https:\/\/mox-optics.com\/nl\/product-categorie\/zonnebrillen\/\" data-type=\"product_cat\" data-id=\"275\">MOX-zonnebril<\/a>.<\/p>\n\n\n<style>.kb-row-layout-id12283_19953c-cf > .kt-row-column-wrap{align-content:start;}:where(.kb-row-layout-id12283_19953c-cf > .kt-row-column-wrap) > .wp-block-kadence-column{justify-content:start;}.kb-row-layout-id12283_19953c-cf > .kt-row-column-wrap{column-gap:var(--global-kb-gap-md, 2rem);row-gap:var(--global-kb-gap-md, 2rem);padding-top:var(--global-kb-spacing-sm, 1.5rem);padding-bottom:var(--global-kb-spacing-sm, 1.5rem);grid-template-columns:repeat(2, minmax(0, 1fr));}.kb-row-layout-id12283_19953c-cf > .kt-row-layout-overlay{opacity:0.30;}@media all and (max-width: 1024px){.kb-row-layout-id12283_19953c-cf > .kt-row-column-wrap{grid-template-columns:repeat(2, minmax(0, 1fr));}}@media all and (max-width: 767px){.kb-row-layout-id12283_19953c-cf > .kt-row-column-wrap{grid-template-columns:minmax(0, 1fr);}}<\/style><div class=\"kb-row-layout-wrap kb-row-layout-id12283_19953c-cf alignnone wp-block-kadence-rowlayout\"><div class=\"kt-row-column-wrap kt-has-2-columns kt-row-layout-equal kt-tab-layout-inherit kt-mobile-layout-row kt-row-valign-top\">\n<style>.kadence-column12283_423132-3e > .kt-inside-inner-col,.kadence-column12283_423132-3e > .kt-inside-inner-col:before{border-top-left-radius:0px;border-top-right-radius:0px;border-bottom-right-radius:0px;border-bottom-left-radius:0px;}.kadence-column12283_423132-3e > .kt-inside-inner-col{column-gap:var(--global-kb-gap-sm, 1rem);}.kadence-column12283_423132-3e > .kt-inside-inner-col{flex-direction:column;}.kadence-column12283_423132-3e > .kt-inside-inner-col > .aligncenter{width:100%;}.kadence-column12283_423132-3e > .kt-inside-inner-col:before{opacity:0.3;}.kadence-column12283_423132-3e{position:relative;}@media all and (max-width: 1024px){.kadence-column12283_423132-3e > .kt-inside-inner-col{flex-direction:column;justify-content:center;}}@media all and (max-width: 767px){.kadence-column12283_423132-3e > .kt-inside-inner-col{flex-direction:column;justify-content:center;}}<\/style>\n<div class=\"wp-block-kadence-column kadence-column12283_423132-3e\"><div class=\"kt-inside-inner-col\">\n<h3 class=\"wp-block-heading has-text-align-center\">Zomer<\/h3>\n\n\n\n<figure class=\"wp-block-image size-full\"><img decoding=\"async\" data-src=\"https:\/\/mox-optics.com\/wp-content\/uploads\/2025\/05\/lens_info_graphic_summer_nl.webp\" alt=\"\" class=\"wp-image-12369 lazyload\" src=\"data:image\/svg+xml;base64,PHN2ZyB3aWR0aD0iMSIgaGVpZ2h0PSIxIiB4bWxucz0iaHR0cDovL3d3dy53My5vcmcvMjAwMC9zdmciPjwvc3ZnPg==\" style=\"--smush-placeholder-width: 700px; --smush-placeholder-aspect-ratio: 700\/824;\" \/><\/figure>\n<\/div><\/div>\n\n\n<style>.kadence-column12283_996464-f0 > .kt-inside-inner-col,.kadence-column12283_996464-f0 > .kt-inside-inner-col:before{border-top-left-radius:0px;border-top-right-radius:0px;border-bottom-right-radius:0px;border-bottom-left-radius:0px;}.kadence-column12283_996464-f0 > .kt-inside-inner-col{column-gap:var(--global-kb-gap-sm, 1rem);}.kadence-column12283_996464-f0 > .kt-inside-inner-col{flex-direction:column;}.kadence-column12283_996464-f0 > .kt-inside-inner-col > .aligncenter{width:100%;}.kadence-column12283_996464-f0 > .kt-inside-inner-col:before{opacity:0.3;}.kadence-column12283_996464-f0{position:relative;}@media all and (max-width: 1024px){.kadence-column12283_996464-f0 > .kt-inside-inner-col{flex-direction:column;justify-content:center;}}@media all and (max-width: 767px){.kadence-column12283_996464-f0 > .kt-inside-inner-col{flex-direction:column;justify-content:center;}}<\/style>\n<div class=\"wp-block-kadence-column kadence-column12283_996464-f0\"><div class=\"kt-inside-inner-col\">\n<h3 class=\"wp-block-heading has-text-align-center\">Winter (sneeuw)<\/h3>\n\n\n\n<figure class=\"wp-block-image size-full\"><img decoding=\"async\" data-src=\"https:\/\/mox-optics.com\/wp-content\/uploads\/2025\/05\/lens_info_graphic_winter_nl.webp\" alt=\"\" class=\"wp-image-12372 lazyload\" src=\"data:image\/svg+xml;base64,PHN2ZyB3aWR0aD0iMSIgaGVpZ2h0PSIxIiB4bWxucz0iaHR0cDovL3d3dy53My5vcmcvMjAwMC9zdmciPjwvc3ZnPg==\" style=\"--smush-placeholder-width: 700px; --smush-placeholder-aspect-ratio: 700\/825;\" \/><\/figure>\n<\/div><\/div>\n\n<\/div><\/div>\n\n\n<p>Ter verduidelijking: met <em>extreem fel zonlicht<\/em> bedoelen we situaties zoals op gletsjers, open water of in woestijnen nabij de evenaar \u2014 waar de zonintensiteit bijzonder hoog is en sterk weerkaatst.<\/p>\n\n\n\n<p>\u26a0\ufe0f Belangrijk: het Onyx Black-glas is niet geschikt voor deelname aan het verkeer.<\/p>\n\n\n\n<h2 class=\"wp-block-heading\">Heb ik meerdere glazen nodig?<\/h2>\n\n\n\n<p>Elk MOX-glas biedt 100% bescherming tegen UV-A- en UV-B-straling, zodat je ogen altijd goed beschermd zijn tijdens al je outdooractiviteiten. Toch geldt \u2014 zoals bij elke hoogwaardige sportbril \u2014 dat geen enkel glas onder \u00e1lle omstandigheden optimaal presteert. Je kunt prima \u00e9\u00e9n glas gebruiken voor het grootste deel van je activiteiten, maar als je altijd het beste zicht wilt, raden we aan om een extra glas aan te schaffen dat afgestemd is op andere lichtomstandigheden \u2014 of je nu fietst in de felle zomerzon, rent op een bewolkte dag of in hoogalpine omgevingen aan het bergbeklimmen bent..  <\/p>\n\n\n\n<p>Bij elke <a href=\"https:\/\/mox-optics.com\/nl\/product-categorie\/zonnebrillen\/\" data-type=\"product_cat\" data-id=\"275\">MOX-zonnebril<\/a> krijg je standaard een extra Simply Clear-glas voor omstandigheden met weinig licht. Maar voor degenen die willen kunnen vertrouwen op het beste zicht in alle denkbare omstandigheden, adviseren wij om \u00e9\u00e9n of meerdere glazen bij te kopen. Klik <a href=\"https:\/\/mox-optics.com\/nl\/product-categorie\/lenzen\/lenzen-voor-zonnebrillen\/\">hier<\/a> om extra lenzen voor je zonnebril te kopen.<\/p>\n\n\n\n<h2 class=\"wp-block-heading\">Glaseigenschappen<\/h2>\n\n\n\n<p>Welk model je ook kiest, elk MOX-glas zit boordevol eigenschappen die jouw prestaties ondersteunen:<\/p>\n\n\n\n<ul class=\"wp-block-list\">\n<li><strong>Retinex-technologie<\/strong>: Verbetert contrast en diepteperceptie, waardoor je scherper en gedetailleerder ziet &#8211; cruciaal voor het snel zien van obstakels en veranderingen in het terrein.<\/li>\n\n\n\n<li><strong>UV400-bescherming<\/strong>: Alle glazen blokkeren 100% van de UV-A- en UV-B-stralen tot 400 nm, waardoor je ogen zelfs op grote hoogtes worden beschermd.<\/li>\n\n\n\n<li><strong>Spuitgiet proced\u00e9<\/strong>: Onze premium glazen worden gefabriceerd door middel van spuitgieten. Dit zorgt voor een egale homogene lens en staat garant voor een zicht zonder vertekeningen.<\/li>\n\n\n\n<li><strong>Polycarbonaat materiaal<\/strong>: Sterk, flexibel en veilig \u2014 perfect voor intensief gebruik.<\/li>\n<\/ul>\n<\/div><\/div>\n\n<\/div><\/div>","protected":false},"excerpt":{"rendered":"<p>Keuzehulp voor Zonnebrilglazen Kies het juiste glas voor jouw outdooravonturen MOX-zonnebrillen zijn ontworpen voor topprestaties bij uiteenlopende buitensporten \u2014 van wielrennen, mountainbiken en trailrunning tot bergbeklimmen, skitochten en zelfs kajakken. Om je te helpen het juiste glas te kiezen voor jouw activiteiten en weersomstandigheden, hebben we twee overzichtelijke grafieken gemaakt: \u00e9\u00e9n voor zomerse omstandigheden en&#8230;<\/p>\n","protected":false},"author":4,"featured_media":12234,"parent":2712,"menu_order":0,"comment_status":"closed","ping_status":"closed","template":"","meta":{"_kadence_starter_templates_imported_post":false,"_kad_post_transparent":"default","_kad_post_title":"hide","_kad_post_layout":"fullwidth","_kad_post_sidebar_id":"","_kad_post_content_style":"unboxed","_kad_post_vertical_padding":"default","_kad_post_feature":"default","_kad_post_feature_position":"","_kad_post_header":false,"_kad_post_footer":false,"_kad_post_classname":"","footnotes":""},"categories":[],"tags":[],"class_list":["post-12541","page","type-page","status-publish","has-post-thumbnail","hentry"],"_links":{"self":[{"href":"https:\/\/mox-optics.com\/nl\/wp-json\/wp\/v2\/pages\/12541","targetHints":{"allow":["GET"]}}],"collection":[{"href":"https:\/\/mox-optics.com\/nl\/wp-json\/wp\/v2\/pages"}],"about":[{"href":"https:\/\/mox-optics.com\/nl\/wp-json\/wp\/v2\/types\/page"}],"author":[{"embeddable":true,"href":"https:\/\/mox-optics.com\/nl\/wp-json\/wp\/v2\/users\/4"}],"replies":[{"embeddable":true,"href":"https:\/\/mox-optics.com\/nl\/wp-json\/wp\/v2\/comments?post=12541"}],"version-history":[{"count":19,"href":"https:\/\/mox-optics.com\/nl\/wp-json\/wp\/v2\/pages\/12541\/revisions"}],"predecessor-version":[{"id":12973,"href":"https:\/\/mox-optics.com\/nl\/wp-json\/wp\/v2\/pages\/12541\/revisions\/12973"}],"up":[{"embeddable":true,"href":"https:\/\/mox-optics.com\/nl\/wp-json\/wp\/v2\/pages\/2712"}],"wp:featuredmedia":[{"embeddable":true,"href":"https:\/\/mox-optics.com\/nl\/wp-json\/wp\/v2\/media\/12234"}],"wp:attachment":[{"href":"https:\/\/mox-optics.com\/nl\/wp-json\/wp\/v2\/media?parent=12541"}],"wp:term":[{"taxonomy":"category","embeddable":true,"href":"https:\/\/mox-optics.com\/nl\/wp-json\/wp\/v2\/categories?post=12541"},{"taxonomy":"post_tag","embeddable":true,"href":"https:\/\/mox-optics.com\/nl\/wp-json\/wp\/v2\/tags?post=12541"}],"curies":[{"name":"wp","href":"https:\/\/api.w.org\/{rel}","templated":true}]}}