{"id":2874,"date":"2022-10-11T17:38:28","date_gmt":"2022-10-11T15:38:28","guid":{"rendered":"https:\/\/mox-optics.com\/support\/verzending-retour\/"},"modified":"2026-01-19T09:12:15","modified_gmt":"2026-01-19T08:12:15","slug":"verzending-retour","status":"publish","type":"page","link":"https:\/\/mox-optics.com\/nl\/support\/verzending-retour\/","title":{"rendered":"Verzending &amp; Retour"},"content":{"rendered":"\n<h2 class=\"wp-block-heading\">Verzending<\/h2>\n\n<h3 class=\"wp-block-heading\">Kosten<\/h3>\n\n<p>Alle bestellingen boven \u20ac35 worden <strong>gratis<\/strong> verzonden!<\/p>\n\n<p>Voor alle andere bestellingen naar Duitsland zijn de verzendkosten \u20ac 3,99 en \u20ac 5,99 voor Oostenrijk, Belgi\u00eb, Luxemburg en Nederland.<\/p>\n\n<h3 class=\"wp-block-heading\">Levertijden  Bezorgdienst<\/h3>\n\n<p>Na ontvangst van de betaling zal je pakket binnen \u00e9\u00e9n \u00e0 twee werkdagen worden verstuurd. Dit betekent dat je je bestelling gemiddeld binnen 2-4 werkdagen ontvangt in Duitsland en binnen 3-5 werkdagen in Oostenrijk, Belgi\u00eb, Luxemburg en Nederland.<\/p>\n\n<p>Bestellingen naar Duitsland worden vervoerd door DHL. Dat betekent dat je ook een &#8220;Packstation&#8221; kan opgeven als afleveradres. Bestellingen naar andere landen worden verzonden met GLS.<\/p>\n\n<p class=\"has-theme-palette-1-color has-text-color has-link-color wp-elements-b0476b0b109c680a90ba8cfc98b3efef\"><strong>Zodra je bestelling is verzonden, ontvang je een e-mail met een track &amp; trace-link waarmee je de status van je levering kunt volgen.<\/strong><\/p>\n\n<h2 class=\"wp-block-heading\">Retouren<\/h2>\n\n<div class=\"wp-block-columns is-layout-flex wp-container-core-columns-is-layout-9d6595d7 wp-block-columns-is-layout-flex\">\n<div class=\"wp-block-column is-layout-flow wp-block-column-is-layout-flow\" style=\"flex-basis:100%\">\n<div class=\"wp-block-columns is-layout-flex wp-container-core-columns-is-layout-9d6595d7 wp-block-columns-is-layout-flex\">\n<div class=\"wp-block-column is-layout-flow wp-block-column-is-layout-flow\" style=\"flex-basis:100%\">\n<p>Je kunt iedere bestelling binnen 14 dagen na ontvangst aan ons retourneren. Je ontvangt een volledige terugbetaling van het aankoopbedrag mits aan de volgende voorwaarden is voldaan: <\/p>\n\n\n\n<ul class=\"wp-block-list\">\n<li>Retourneren is gratis voor bestellingen met een totaalbedrag van \u20ac35 of meer. In overige gevallen zijn de verzendkosten voor eigen rekening.  <\/li>\n\n\n\n<li>Je gebruikt een door ons verstrekt retourlabel.<\/li>\n\n\n\n<li>We accepteren alleen producten die ongebruikt, onbeschadigd en in de originele verpakking zitten. Dit geldt met name voor de beschermfolie aan de binnenkant van een brillenglas die niet van de lens mag worden verwijderd. <\/li>\n<\/ul>\n\n\n\n<p>Om je product(en) te retourneren, vul je het formulier <a href=\"https:\/\/mox-optics.com\/nl\/retourenportaal\/\" data-type=\"page\" data-id=\"8964\">Aanvraag retouretiket<\/a> in.<\/p>\n<\/div>\n<\/div>\n<\/div>\n<\/div>\n\n<p><\/p>\n","protected":false},"excerpt":{"rendered":"<p>Verzending Kosten Alle bestellingen boven \u20ac35 worden gratis verzonden! Voor alle andere bestellingen naar Duitsland zijn de verzendkosten \u20ac 3,99 en \u20ac 5,99 voor Oostenrijk, Belgi\u00eb, Luxemburg en Nederland. Levertijden Bezorgdienst Na ontvangst van de betaling zal je pakket binnen \u00e9\u00e9n \u00e0 twee werkdagen worden verstuurd. Dit betekent dat je je bestelling gemiddeld binnen 2-4&#8230;<\/p>\n","protected":false},"author":4,"featured_media":2068,"parent":2712,"menu_order":0,"comment_status":"closed","ping_status":"closed","template":"","meta":{"_kadence_starter_templates_imported_post":false,"_kad_post_transparent":"","_kad_post_title":"","_kad_post_layout":"","_kad_post_sidebar_id":"","_kad_post_content_style":"","_kad_post_vertical_padding":"","_kad_post_feature":"","_kad_post_feature_position":"","_kad_post_header":false,"_kad_post_footer":false,"_kad_post_classname":"","footnotes":""},"categories":[],"tags":[],"class_list":["post-2874","page","type-page","status-publish","has-post-thumbnail","hentry"],"_links":{"self":[{"href":"https:\/\/mox-optics.com\/nl\/wp-json\/wp\/v2\/pages\/2874","targetHints":{"allow":["GET"]}}],"collection":[{"href":"https:\/\/mox-optics.com\/nl\/wp-json\/wp\/v2\/pages"}],"about":[{"href":"https:\/\/mox-optics.com\/nl\/wp-json\/wp\/v2\/types\/page"}],"author":[{"embeddable":true,"href":"https:\/\/mox-optics.com\/nl\/wp-json\/wp\/v2\/users\/4"}],"replies":[{"embeddable":true,"href":"https:\/\/mox-optics.com\/nl\/wp-json\/wp\/v2\/comments?post=2874"}],"version-history":[{"count":27,"href":"https:\/\/mox-optics.com\/nl\/wp-json\/wp\/v2\/pages\/2874\/revisions"}],"predecessor-version":[{"id":16514,"href":"https:\/\/mox-optics.com\/nl\/wp-json\/wp\/v2\/pages\/2874\/revisions\/16514"}],"up":[{"embeddable":true,"href":"https:\/\/mox-optics.com\/nl\/wp-json\/wp\/v2\/pages\/2712"}],"wp:featuredmedia":[{"embeddable":true,"href":"https:\/\/mox-optics.com\/nl\/wp-json\/wp\/v2\/media\/2068"}],"wp:attachment":[{"href":"https:\/\/mox-optics.com\/nl\/wp-json\/wp\/v2\/media?parent=2874"}],"wp:term":[{"taxonomy":"category","embeddable":true,"href":"https:\/\/mox-optics.com\/nl\/wp-json\/wp\/v2\/categories?post=2874"},{"taxonomy":"post_tag","embeddable":true,"href":"https:\/\/mox-optics.com\/nl\/wp-json\/wp\/v2\/tags?post=2874"}],"curies":[{"name":"wp","href":"https:\/\/api.w.org\/{rel}","templated":true}]}}